{"id":2998,"date":"2026-03-25T10:45:12","date_gmt":"2026-03-25T10:45:12","guid":{"rendered":"https:\/\/pronature.com.tr\/urun\/pronature-tahilsiz-yetiskin-kuru-kopek-mamasi-perfect-maintenance-kuzu-etli-patatesli-ve-enginarli-10-kg-2-kg-hediye\/"},"modified":"2026-04-10T14:27:54","modified_gmt":"2026-04-10T14:27:54","slug":"pronature-tahilsiz-yetiskin-kuru-kopek-mamasi-perfect-maintenance-kuzu-etli-patatesli-ve-enginarli-10-kg-2-kg-hediye","status":"publish","type":"product","link":"https:\/\/pronature.com.tr\/en\/urun\/pronature-tahilsiz-yetiskin-kuru-kopek-mamasi-perfect-maintenance-kuzu-etli-patatesli-ve-enginarli-10-kg-2-kg-hediye\/","title":{"rendered":"Pronature Grain-Free Adult Dry Dog Food (Perfect Maintenance) \u2013 Lamb, Potato, and Artichoke \u2013 10 KG + 2 KG GIFT"},"content":{"rendered":"<p style=\"text-align: justify;\"><span style=\"font-size: 12pt;\">Tah\u0131l i\u00e7ermeyen <strong>Pronature Tah\u0131ls\u0131z Yeti\u015fkin Kuru K\u00f6pek Mamas\u0131<\/strong> enginar, patates gibi besin kaynaklar\u0131n\u0131 i\u00e7ermektedir.\u00a0 Bile\u015fiminde bulunan zengin besin maddeleri, vitamin-mineral i\u00e7eri\u011fi ve kaliteli protein kayna\u011f\u0131 sayesinde <strong>eklem ve kemik sa\u011fl\u0131\u011f\u0131n\u0131<\/strong> destekleyerek k\u00f6pe\u011finizin ya\u015fam kalitesini artt\u0131r\u0131r. Ayr\u0131ca enginar, <strong>karaci\u011fer sa\u011fl\u0131\u011f\u0131n\u0131<\/strong> korumaya ve <strong>kan kolesterol seviyesini<\/strong> dengede tutmaya yard\u0131mc\u0131 olur.\u00a0<\/span><\/p>\n<\/p>\n<p><span style=\"font-size: 12pt;\"><em>*\u00a0<strong>Prebiyotik<\/strong> \u00f6zellik g\u00f6steren Frukto-oligasakkaritler (FOS) sayesinde <strong>ba\u011f\u0131rsak floras\u0131n\u0131n sa\u011fl\u0131\u011f\u0131n\u0131<\/strong> d\u00fczenlemektedir.\u00a0<\/em><\/span><\/p>\n<p><\/p>\n<p><em style=\"font-size: 12pt;\"><strong><\/strong><\/em><\/p>\n<p><em style=\"font-size: 12pt;\">* Sahip oldu\u011fu kaliteli ham madde kaynaklar\u0131 ile besinlerin <strong>sindirim ve emilimini artt\u0131rmaya<\/strong> yard\u0131mc\u0131 olmaktad\u0131r.\u00a0<\/em><\/p>\n<p><\/p>\n<p><span style=\"font-size: 12pt;\"><em><strong><\/strong><\/em><\/span><\/p>\n<p><span style=\"font-size: 12pt;\"><em>* \u0130\u00e7erdi\u011fi bitkisel ekstraktlar sayesinde <strong>serbest radikallere kar\u015f\u0131 antioksidan \u00f6zellik<\/strong> g\u00f6stererek dokular\u0131 ve h\u00fccreleri zararl\u0131 etkilerden korur. Ayr\u0131ca <strong>ya\u015flanma kar\u015f\u0131t\u0131<\/strong> etkilere destek olmaktad\u0131r.\u00a0\u00a0\u00a0<\/em><\/span><br \/><em style=\"font-size: 12pt;\"><\/em><\/p>\n<p><\/p>\n<p><em style=\"font-size: 12pt;\"><\/em><\/p>\n<p><em style=\"font-size: 12pt;\">*\u00a0Bile\u015fimindeki Sodyum Tripolifosfat sayesinde <strong>a\u011f\u0131z ve di\u015f sa\u011fl\u0131\u011f\u0131n\u0131<\/strong> desteklemektedir.\u00a0\u00a0<\/em><\/p>\n<p><span style=\"font-size: 12pt;\"><strong><span style=\"color: #ff6600;\">\u0130\u00e7eri\u011fi:<\/span><\/strong><\/span><\/p>\n<p><span style=\"font-size: 12pt;\">\u0130\u015flenmi\u015f Hayvansal Protein (% 4 Kuzu eti, % 30 Patates, Bezelye, \u0130\u015flenmi\u015f Bal\u0131k Proteini, Tavuk Ya\u011f\u0131, Hidrolize Hayvansal Protein, \u015eeker Pancar\u0131, Kurutulmu\u015f Enginar (% 1), Frukto-Oligosakkaritler (FOS) % 0,5, Potasyum Klor\u00fcr, Sodyum Klor\u00fcr, Yucca Schidigera % 0,1, Prebiyotik Mannan Oligosakkaritler ve B-Glukan, meyveler ve baharatlar\u0131n i\u015flenmesi ile elde edilmi\u015f \u00fcr\u00fcnler % 0,05 [(Karanfil (Clove), Zerde\u00e7al (Curcuma sp.), Turun\u00e7gil (Citrus sp.), Biberiye (Rosmarinus sp.), \u00dcz\u00fcm \u00c7ekirde\u011fi Ekstrakt\u0131 (Vitis sp.), Blueberry\u00a0<em>(Vaccinum angustifolium)<\/em>, \u00dcz\u00fcm Ekstrakt\u0131<span>\u00a0<\/span><em>(Vitis vinifera)]<\/em>,\u00a0 Glukozamin 150 mg\/kg, Kondroitin 100 mg\/kg.<\/span><\/p>\n<p><span style=\"font-size: 12pt;\">\u00a0<\/span><\/p>\n<p><span style=\"font-size: 12pt;\"><strong><span style=\"color: #ff6600;\">\u0130lave Katk\u0131lar:<\/span><\/strong><\/span><\/p>\n<p><span style=\"font-size: 12pt;\"><strong><\/strong>Besleyici \u0130laveler: Vitamin A (3a672a)\u00a0 25,000 IU\/kg, Vitamin D3 (3a671)\u00a0 1,500 IU\/kg, Vitamin E (3a700)\u00a0 240 mg\/kg, Demir(II) S\u00fclfat Monohidrat 274 mg\/kg (Demir (3b103)\u00a0 90 mg\/kg), Bak\u0131r S\u00fclfat Pentahidrat 35,4 mg\/kg (Bak\u0131r (3b405)\u00a0 9 mg\/kg), Mangan S\u00fclfat Monohidrat 30,8 mg\/kg (Mangan (3b503) 10 mg\/kg), \u00c7inko S\u00fclfat Monohidrat 274 mg (kg (\u00c7inko (3b605)\u00a0 100 mg\/kg), Anhidre Kalsiyum \u0130yodat 2,8 mg\/kg (\u0130yot (3b203) 1,8mg\/kg), Sodyum Selenit 0,55 mg\/kg (Selenyum (3b802) 0,25 mg\/kg).<\/span><\/p>\n<p><span style=\"font-size: 12pt;\">Teknolojik \u0130laveler: Antioksidanlar.<\/span><\/p>\n<p><span style=\"font-size: 12pt;\">\u00a0<\/span><\/p>\n<p><span style=\"font-size: 12pt;\"><strong><span style=\"color: #ff6600;\">Besleme \u00d6nerileri:<\/span><\/strong><\/span><\/p>\n<p><span style=\"font-size: 12pt;\"><strong><\/strong>Mamaya, tabloda belirtilen miktarlarda ba\u015flaman\u0131z \u00f6nerilir. G\u00fcnl\u00fck miktar yol g\u00f6stericidir ve hayvan\u0131n aktivitesine, fizyolojik durumuna ve \u00e7evre s\u0131cakl\u0131\u011f\u0131na ba\u011fl\u0131 olarak de\u011fi\u015febilir. K\u00f6pe\u011finizin \u00f6n\u00fcnde mama ile birlikte her zaman taze ve temiz su bulundurunuz. Mamay\u0131, serin ve kuru yerde saklay\u0131n\u0131z.<\/span><\/p>\n<\/p>\n<p><span style=\"font-size: 12pt; color: #ff6600;\"><strong>\u00d6nerilen G\u00fcnl\u00fck Mama Miktarlar\u0131:<\/strong><\/span><\/p>\n<p><span style=\"font-size: 12pt;\"><strong><\/strong><\/span><\/p>\n<table style=\"width: 817px;\">\n<tbody>\n<tr style=\"height: 13px;\">\n<td style=\"width: 409.021px; height: 13px; text-align: center;\"><span style=\"font-size: 12pt;\"><strong>K\u00f6pe\u011fin \u0130deal A\u011f\u0131rl\u0131\u011f\u0131(kg)<\/strong><\/span><\/td>\n<td style=\"width: 409.979px; height: 13px; text-align: center;\"><span style=\"font-size: 12pt;\"><strong>G\u00fcnl\u00fck Miktar(gram)<\/strong><\/span><\/td>\n<\/tr>\n<tr style=\"height: 13px;\">\n<td style=\"width: 409.021px; height: 13px; text-align: center;\"><span style=\"font-size: 12pt;\">5 \u2013 10<\/span><\/td>\n<td style=\"width: 409.979px; height: 13px; text-align: center;\"><span style=\"font-size: 12pt;\">85 \u2013 135<\/span><\/td>\n<\/tr>\n<tr style=\"height: 13px;\">\n<td style=\"width: 409.021px; height: 13px; text-align: center;\"><span style=\"font-size: 12pt;\">15 \u2013 20<\/span><\/td>\n<td style=\"width: 409.979px; height: 13px; text-align: center;\"><span style=\"font-size: 12pt;\">180 \u2013 225<\/span><\/td>\n<\/tr>\n<tr style=\"height: 13px;\">\n<td style=\"width: 409.021px; height: 13px; text-align: center;\"><span style=\"font-size: 12pt;\">25 \u2013 30<\/span><\/td>\n<td style=\"width: 409.979px; height: 13px; text-align: center;\"><span style=\"font-size: 12pt;\">265 \u2013 300<\/span><\/td>\n<\/tr>\n<tr style=\"height: 13px;\">\n<td style=\"width: 409.021px; height: 13px; text-align: center;\"><span style=\"font-size: 12pt;\">35 \u2013 40<\/span><\/td>\n<td style=\"width: 409.979px; height: 13px; text-align: center;\"><span style=\"font-size: 12pt;\">340 \u2013 380<\/span><\/td>\n<\/tr>\n<tr style=\"height: 13px;\">\n<td style=\"width: 409.021px; height: 13px; text-align: center;\"><span style=\"font-size: 12pt;\">45 \u2013 50<\/span><\/td>\n<td style=\"width: 409.979px; height: 13px; text-align: center;\"><span style=\"font-size: 12pt;\">405 \u2013 440<\/span><\/td>\n<\/tr>\n<\/tbody>\n<\/table>\n<p><\/p>\n<\/p>\n<p><span style=\"font-size: 12pt;\"><\/span><\/p>\n<p><span style=\"font-size: 12pt;\"><\/span><\/p>\n<p><strong>\u00a0<\/strong><\/p>\n<p><span style=\"font-size: 12pt; color: #ff6600;\"><strong>Besleyici \u0130laveler:<\/strong><\/span><\/p>\n<table style=\"width: 818px;\">\n<tbody>\n<tr>\n<td style=\"width: 407.635px; text-align: center;\">\n<p><span style=\"font-size: 12pt;\">Vitamin A (3a672a)<\/span><\/p>\n<\/td>\n<td style=\"width: 391.365px; text-align: center;\">\n<p><span style=\"font-size: 12pt;\">25,000 IU\/ kg<\/span><\/p>\n<\/td>\n<\/tr>\n<tr>\n<td style=\"width: 407.635px; text-align: center;\">\n<p><span style=\"font-size: 12pt;\">Vitamin D3 (3a671)<\/span><\/p>\n<\/td>\n<td style=\"width: 391.365px; text-align: center;\">\n<p><span style=\"font-size: 12pt;\">1,500 IU\/ kg<\/span><\/p>\n<\/td>\n<\/tr>\n<tr>\n<td style=\"width: 407.635px; text-align: center;\">\n<p><span style=\"font-size: 12pt;\">Vitamin E (3a700)<\/span><\/p>\n<\/td>\n<td style=\"width: 391.365px; text-align: center;\">\n<p><span style=\"font-size: 12pt;\">240 mg\/ kg<\/span><\/p>\n<\/td>\n<\/tr>\n<\/tbody>\n<\/table>\n<p><\/p>\n<\/p>\n<p><span style=\"font-size: 12pt; color: #ff6600;\"><strong>Analitik Bile\u015fenler:<\/strong><\/span><\/p>\n<table style=\"width: 818px;\">\n<tbody>\n<tr>\n<td style=\"width: 407.427px; text-align: center;\">\n<p><span style=\"font-size: 12pt;\">Protein<\/span><\/p>\n<\/td>\n<td style=\"width: 392.573px; text-align: center;\">\n<p><span style=\"font-size: 12pt;\">%32<\/span><\/p>\n<\/td>\n<\/tr>\n<tr>\n<td style=\"width: 407.427px; text-align: center;\">\n<p><span style=\"font-size: 12pt;\">Ya\u011f \u0130\u00e7eri\u011fi<\/span><\/p>\n<\/td>\n<td style=\"width: 392.573px; text-align: center;\">\n<p><span style=\"font-size: 12pt;\">%20<\/span><\/p>\n<\/td>\n<\/tr>\n<tr>\n<td style=\"width: 407.427px; text-align: center;\">\n<p><span style=\"font-size: 12pt;\">Ham Sel\u00fcloz<\/span><\/p>\n<\/td>\n<td style=\"width: 392.573px; text-align: center;\">\n<p><span style=\"font-size: 12pt;\">%2,5<\/span><\/p>\n<\/td>\n<\/tr>\n<tr>\n<td style=\"width: 407.427px; text-align: center;\">\n<p><span style=\"font-size: 12pt;\">Ham K\u00fcl<\/span><\/p>\n<\/td>\n<td style=\"width: 392.573px; text-align: center;\">\n<p><span style=\"font-size: 12pt;\">\u00a0%7,2<\/span><\/p>\n<\/td>\n<\/tr>\n<tr>\n<td style=\"width: 407.427px; text-align: center;\">\n<p><span style=\"font-size: 12pt;\">Kalsiyum<\/span><\/p>\n<\/td>\n<td style=\"width: 392.573px; text-align: center;\">\n<p><span style=\"font-size: 12pt;\">%1,9<\/span><\/p>\n<\/td>\n<\/tr>\n<tr>\n<td style=\"width: 407.427px; text-align: center;\">\n<p><span style=\"font-size: 12pt;\">Fosfor<\/span><\/p>\n<\/td>\n<td style=\"width: 392.573px; text-align: center;\">\n<p><span style=\"font-size: 12pt;\">%0,7<\/span><\/p>\n<\/td>\n<\/tr>\n<tr>\n<td style=\"width: 407.427px; text-align: center;\">\n<p><span style=\"font-size: 12pt;\">Magnezyum\u00a0\u00a0<\/span><\/p>\n<\/td>\n<td style=\"width: 392.573px; text-align: center;\">\n<p><span style=\"font-size: 12pt;\">%0,08<\/span><\/p>\n<\/td>\n<\/tr>\n<\/tbody>\n<\/table>\n<p>\u00a0<\/p>\n","protected":false},"excerpt":{"rendered":"<p>Tah\u0131l i\u00e7ermeyen Pronature Tah\u0131ls\u0131z Yeti\u015fkin Kuru K\u00f6pek Mamas\u0131 enginar, patates gibi besin kaynaklar\u0131n\u0131 i\u00e7ermektedir.\u00a0 Bile\u015fiminde bulunan zengin besin maddeleri, vitamin-mineral<\/p>","protected":false},"featured_media":2997,"comment_status":"open","ping_status":"closed","template":"","meta":[],"product_brand":[],"product_cat":[95],"product_tag":[],"class_list":{"0":"post-2998","1":"product","2":"type-product","3":"status-publish","4":"has-post-thumbnail","6":"product_cat-kuru-kopek-mamasi","8":"first","9":"instock","10":"shipping-taxable","11":"product-type-simple"},"_links":{"self":[{"href":"https:\/\/pronature.com.tr\/en\/wp-json\/wp\/v2\/product\/2998","targetHints":{"allow":["GET"]}}],"collection":[{"href":"https:\/\/pronature.com.tr\/en\/wp-json\/wp\/v2\/product"}],"about":[{"href":"https:\/\/pronature.com.tr\/en\/wp-json\/wp\/v2\/types\/product"}],"replies":[{"embeddable":true,"href":"https:\/\/pronature.com.tr\/en\/wp-json\/wp\/v2\/comments?post=2998"}],"wp:featuredmedia":[{"embeddable":true,"href":"https:\/\/pronature.com.tr\/en\/wp-json\/wp\/v2\/media\/2997"}],"wp:attachment":[{"href":"https:\/\/pronature.com.tr\/en\/wp-json\/wp\/v2\/media?parent=2998"}],"wp:term":[{"taxonomy":"product_brand","embeddable":true,"href":"https:\/\/pronature.com.tr\/en\/wp-json\/wp\/v2\/product_brand?post=2998"},{"taxonomy":"product_cat","embeddable":true,"href":"https:\/\/pronature.com.tr\/en\/wp-json\/wp\/v2\/product_cat?post=2998"},{"taxonomy":"product_tag","embeddable":true,"href":"https:\/\/pronature.com.tr\/en\/wp-json\/wp\/v2\/product_tag?post=2998"}],"curies":[{"name":"wp","href":"https:\/\/api.w.org\/{rel}","templated":true}]}}