{"id":2994,"date":"2026-03-25T10:51:05","date_gmt":"2026-03-25T10:51:05","guid":{"rendered":"https:\/\/pronature.com.tr\/urun\/pronature-orta-ve-buyuk-irk-yetiskin-kuru-kopek-mamasi-derma-shine-somonlu-ve-pirincli-10-2-kg-hediye\/"},"modified":"2026-03-25T10:51:09","modified_gmt":"2026-03-25T10:51:09","slug":"pronature-orta-ve-buyuk-irk-yetiskin-kuru-kopek-mamasi-derma-shine-somonlu-ve-pirincli-10-2-kg-hediye","status":"publish","type":"product","link":"https:\/\/pronature.com.tr\/en\/urun\/pronature-orta-ve-buyuk-irk-yetiskin-kuru-kopek-mamasi-derma-shine-somonlu-ve-pirincli-10-2-kg-hediye\/","title":{"rendered":"Pronature Medium and Large Breed Adult Dry Dog Food (Derma Shine) \u2013 Salmon and Rice \u2013 10 + 2 KG Gift"},"content":{"rendered":"<p><span style=\"font-size: 12pt;\"><strong>Derma Shine<\/strong>, 12 ay ve \u00fczeri yeti\u015fkin k\u00f6pekler i\u00e7in \u00f6zel olarak form\u00fcle edilmi\u015ftir.\u00a0<\/span><\/p>\n<p><\/p>\n<p><span style=\"font-size: 12pt;\"><\/span><\/p>\n<p style=\"text-align: justify;\"><span style=\"font-size: 12pt;\">Kaliteli besin madde i\u00e7eri\u011finin yan\u0131 s\u0131ra bile\u015fiminde bulunan somon proteini ve omega-3 ya\u011f asitlerince zengin somon ya\u011f\u0131 sayesinde k\u00f6pe\u011finizin deri ve t\u00fcy sa\u011fl\u0131\u011f\u0131n\u0131n korunmas\u0131na katk\u0131da bulunmaktad\u0131r. B\u00f6ylelikle deri hastal\u0131klar\u0131ndan ka\u015f\u0131nt\u0131, t\u00fcy d\u00f6k\u00fclmesi gibi \u00f6nemli deri sorunlar\u0131n\u0131n olu\u015fma riskini azaltmaya destek olmaktad\u0131r. <\/p>\n<p><\/span><\/p>\n<p><em style=\"font-size: 12pt;\"><\/em><\/p>\n<p><em style=\"font-size: 12pt;\">* \u0130\u00e7erdi\u011fi bitkisel ekstraktlar sayesinde serbest radikallere kar\u015f\u0131 antioksidan \u00f6zellik g\u00f6stererek dokular\u0131 ve h\u00fccreleri zararl\u0131 etkilerden korur. Ayr\u0131ca ya\u015flanma kar\u015f\u0131t\u0131 etkilere destek olmaktad\u0131r.\u00a0 \u00a0<\/em><br \/><span style=\"font-size: 12pt;\"><\/span><\/p>\n<p><\/p>\n<p><em style=\"font-size: 12pt;\"><\/em><\/p>\n<p><em style=\"font-size: 12pt;\">*\u00a0Somon gibi kaliteli bir protein kayna\u011f\u0131 i\u00e7ermesi ve bile\u015fiminde bulunan omega-3 ya\u011f asitleri (EPA-DHA) sayesinde k\u00f6peklerin deri ve t\u00fcy sa\u011fl\u0131\u011f\u0131n\u0131 korumaktad\u0131r.\u00a0\u00a0<\/em><\/p>\n<p><\/p>\n<p><em style=\"font-size: 12pt;\">* \u0130\u00e7erdi\u011fi dengeli ham maddeler ile besinlerin sindirim ve emilimini artt\u0131rmaya yard\u0131mc\u0131 olmaktad\u0131r.\u00a0<\/em><\/p>\n<p><\/p>\n<\/p>\n<p><span style=\"font-size: 12pt;\"><strong><span style=\"color: #ff6600;\">\u0130\u00e7eri\u011fi:<\/span><\/strong><\/span><\/p>\n<p><span style=\"font-size: 12pt;\">\u0130\u015flenmi\u015f Hayvansal Protein, Bu\u011fday, M\u0131s\u0131r, Tavuk Ya\u011f\u0131, M\u0131s\u0131r Gluteni, Pirin\u00e7 %8, \u0130\u015flenmi\u015f Somon Proteini % 4, Hidrolize Somon Protein % 2, Hidrolize Hayvansal Protein, \u015eeker Pancar\u0131, Kurutulmu\u015f Maya, Frukto-Oligosakkaritler (FOS) % 0,5, Potasyum Klor\u00fcr, Sodyum Klor\u00fcr, Yucca Schidigera % 0,1, meyveler ve baharatlar\u0131n i\u015flenmesi ile elde edilmi\u015f \u00fcr\u00fcnler % 0,05 [(Karanfil (Clove), Zerde\u00e7al (Curcuma sp.), Turun\u00e7gil (Citrus sp.), Biberiye\u00a0 (Rosmarinus sp.), \u00dcz\u00fcm \u00c7ekirde\u011fi Ekstrakt\u0131 (Vitis sp.)].<\/span><\/p>\n<p><span style=\"font-size: 12pt;\">\u00a0<\/span><\/p>\n<p><span style=\"font-size: 12pt;\"><strong><span style=\"color: #ff6600;\">\u0130lave Katk\u0131lar:<\/span><\/strong><\/span><\/p>\n<p><span style=\"font-size: 12pt;\">Besleyici \u0130laveler: Vitamin A (3a672a)\u00a0 25,000 IU\/kg, Vitamin D3 (3a671)\u00a0 1,500 IU\/kg, Vitamin E (3a700)\u00a0 240 mg\/kg, Demir (II) S\u00fclfat Monohidrat 274 mg\/kg (Demir (3b103)\u00a0 90 mg\/kg), Bak\u0131r S\u00fclfat Pentahidrat 35,4 mg\/kg (Bak\u0131r (3b405) 9 mg\/kg), Mangan S\u00fclfat Monohidrat 30,8 mg\/kg (Mangan (3b503) 10 mg\/kg), \u00c7inko S\u00fclfat Monohidrat 274 mg(kg (\u00c7inko (3b605)\u00a0 100 mg\/kg), Anhidre Kalsiyum \u0130yodat 2,8 mg\/kg (\u0130yot (3b203)\u00a0 1,8mg\/kg), Sodyum Selenit 0,55 mg\/kg (Selenyum (3b802) 0,25 mg\/kg).<\/span><\/p>\n<p><span style=\"font-size: 12pt;\">Teknolojik \u0130laveler: Antioksidanlar.<\/span><\/p>\n<p><span style=\"font-size: 12pt;\"><strong>\u00a0<\/strong><\/span><\/p>\n<p><span style=\"font-size: 16px;\"><strong><span style=\"color: #ff6600;\">Besleme \u00d6nerileri:<\/span><\/strong><\/span><\/p>\n<p><span style=\"font-size: 12pt;\">Mamaya, tabloda belirtilen miktarlarda ba\u015flaman\u0131z \u00f6nerilir. G\u00fcnl\u00fck miktar yol g\u00f6stericidir ve hayvan\u0131n aktivitesine, fizyolojik durumuna ve \u00e7evre s\u0131cakl\u0131\u011f\u0131na ba\u011fl\u0131 olarak de\u011fi\u015febilir. K\u00f6pe\u011finizin \u00f6n\u00fcnde mama ile birlikte her zaman taze ve temiz su bulundurunuz. Mamay\u0131, serin ve kuru yerde saklay\u0131n\u0131z.<\/span><\/p>\n<p><\/p>\n<\/p>\n<p><span style=\"font-size: 12pt; color: #ff6600;\"><strong>\u00d6nerilen G\u00fcnl\u00fck Mama Miktarlar\u0131:<\/strong><\/span><\/p>\n<table style=\"width: 819.667px;\">\n<tbody>\n<tr style=\"height: 41px;\">\n<td style=\"text-align: center; width: 408px; height: 41px;\">\n<p><span style=\"font-size: 12pt;\"><strong>\u0130deal K\u00f6pek A\u011f\u0131rl\u0131\u011f\u0131(kg)<\/strong><\/span><\/p>\n<\/td>\n<td style=\"text-align: center; width: 393.667px; height: 41px;\">\n<p><span style=\"font-size: 12pt;\"><strong>G\u00fcnl\u00fck Miktar(gram)<\/strong><\/span><\/p>\n<\/td>\n<\/tr>\n<tr style=\"height: 41px;\">\n<td style=\"text-align: center; width: 408px; height: 41px;\">\n<p><span style=\"font-size: 12pt;\">5 \u2013 10<\/span><\/p>\n<\/td>\n<td style=\"text-align: center; width: 393.667px; height: 41px;\">\n<p><span style=\"font-size: 12pt;\">85 \u2013 135<\/span><\/p>\n<\/td>\n<\/tr>\n<tr style=\"height: 41px;\">\n<td style=\"text-align: center; width: 408px; height: 41px;\">\n<p><span style=\"font-size: 12pt;\">15 \u2013 20<\/span><\/p>\n<\/td>\n<td style=\"text-align: center; width: 393.667px; height: 41px;\">\n<p><span style=\"font-size: 12pt;\">180 \u2013 225<\/span><\/p>\n<\/td>\n<\/tr>\n<tr style=\"height: 41px;\">\n<td style=\"text-align: center; width: 408px; height: 41px;\">\n<p><span style=\"font-size: 12pt;\">25 \u2013 30<\/span><\/p>\n<\/td>\n<td style=\"text-align: center; width: 393.667px; height: 41px;\">\n<p><span style=\"font-size: 12pt;\">265 \u2013 300<\/span><\/p>\n<\/td>\n<\/tr>\n<tr style=\"height: 41px;\">\n<td style=\"text-align: center; width: 408px; height: 41px;\">\n<p><span style=\"font-size: 12pt;\">35 \u2013 40<\/span><\/p>\n<\/td>\n<td style=\"text-align: center; width: 393.667px; height: 41px;\">\n<p><span style=\"font-size: 12pt;\">340 \u2013 380<\/span><\/p>\n<\/td>\n<\/tr>\n<tr style=\"height: 41px;\">\n<td style=\"text-align: center; width: 408px; height: 41px;\">\n<p><span style=\"font-size: 12pt;\">45 \u2013 50<\/span><\/p>\n<\/td>\n<td style=\"text-align: center; width: 393.667px; height: 41px;\">\n<p><span style=\"font-size: 12pt;\">405 \u2013 440<\/span><\/p>\n<\/td>\n<\/tr>\n<\/tbody>\n<\/table>\n<p><strong>\u00a0<\/strong><\/p>\n<p><strong>\u00a0<\/strong><\/p>\n<p><span style=\"font-size: 12pt; color: #ff6600;\"><strong>Besleyici \u0130laveler:<\/strong><\/span><\/p>\n<table height=\"81\" style=\"width: 819px;\">\n<tbody>\n<tr>\n<td style=\"width: 407.99px; text-align: center;\"><span style=\"font-size: 12pt;\">Vitamin A (3a672a)<\/span><\/td>\n<td style=\"width: 395.01px; text-align: center;\"><span style=\"font-size: 12pt;\">25,000 IU \/kg<\/span><\/td>\n<\/tr>\n<tr>\n<td style=\"width: 407.99px; text-align: center;\"><span style=\"font-size: 12pt;\">Vitamin D3 (3a671)<\/span><\/td>\n<td style=\"width: 395.01px; text-align: center;\"><span style=\"font-size: 12pt;\">1,500 IU\/kg<\/span><\/td>\n<\/tr>\n<tr>\n<td style=\"width: 407.99px; text-align: center;\"><span style=\"font-size: 12pt;\">Vitamin E (3a700)<\/span><\/td>\n<td style=\"width: 395.01px; text-align: center;\"><span style=\"font-size: 12pt;\">240 mg\/kg<\/span><\/td>\n<\/tr>\n<\/tbody>\n<\/table>\n<p><span style=\"font-size: 12pt; color: #ff6600;\"><strong>Analitik Bile\u015fenler:<\/strong><\/span><\/p>\n<table style=\"width: 822px;\">\n<tbody>\n<tr style=\"height: 18px;\">\n<td style=\"width: 416px; height: 18px; text-align: center;\"><span style=\"font-size: 12pt;\">Protein<\/span><\/td>\n<td style=\"width: 390px; height: 18px; text-align: center;\"><span style=\"font-size: 12pt;\">%28<\/span><\/td>\n<\/tr>\n<tr style=\"height: 18px;\">\n<td style=\"width: 416px; height: 18px; text-align: center;\"><span style=\"font-size: 12pt;\">Ya\u011f \u0130\u00e7eri\u011fi\u00a0<\/span><\/td>\n<td style=\"width: 390px; height: 18px; text-align: center;\"><span style=\"font-size: 12pt;\">%15<\/span><\/td>\n<\/tr>\n<tr style=\"height: 18px;\">\n<td style=\"width: 416px; height: 18px; text-align: center;\"><span style=\"font-size: 12pt;\">Ham Sel\u00fcloz<\/span><\/td>\n<td style=\"width: 390px; height: 18px; text-align: center;\"><span style=\"font-size: 12pt;\">%1.5<\/span><\/td>\n<\/tr>\n<tr style=\"height: 18px;\">\n<td style=\"width: 416px; height: 18px; text-align: center;\"><span style=\"font-size: 12pt;\">Ham K\u00fcl<\/span><\/td>\n<td style=\"width: 390px; height: 18px; text-align: center;\"><span style=\"font-size: 12pt;\">%6<\/span><\/td>\n<\/tr>\n<tr style=\"height: 18px;\">\n<td style=\"width: 416px; height: 18px; text-align: center;\"><span style=\"font-size: 12pt;\">Kalsiyum<\/span><\/td>\n<td style=\"width: 390px; height: 18px; text-align: center;\"><span style=\"font-size: 12pt;\">%1.1<\/span><\/td>\n<\/tr>\n<tr style=\"height: 18.25px;\">\n<td style=\"width: 416px; height: 18.25px; text-align: center;\"><span style=\"font-size: 12pt;\">Fosfor<\/span><\/td>\n<td style=\"width: 390px; height: 18.25px; text-align: center;\"><span style=\"font-size: 12pt;\">%0.7<\/span><\/td>\n<\/tr>\n<\/tbody>\n<\/table>\n","protected":false},"excerpt":{"rendered":"<p>Derma Shine, 12 ay ve \u00fczeri yeti\u015fkin k\u00f6pekler i\u00e7in \u00f6zel olarak form\u00fcle edilmi\u015ftir.\u00a0 Kaliteli besin madde i\u00e7eri\u011finin yan\u0131 s\u0131ra bile\u015fiminde<\/p>","protected":false},"featured_media":2993,"comment_status":"open","ping_status":"closed","template":"","meta":[],"product_brand":[],"product_cat":[95],"product_tag":[],"class_list":{"0":"post-2994","1":"product","2":"type-product","3":"status-publish","4":"has-post-thumbnail","6":"product_cat-kuru-kopek-mamasi","8":"first","9":"instock","10":"shipping-taxable","11":"product-type-simple"},"_links":{"self":[{"href":"https:\/\/pronature.com.tr\/en\/wp-json\/wp\/v2\/product\/2994","targetHints":{"allow":["GET"]}}],"collection":[{"href":"https:\/\/pronature.com.tr\/en\/wp-json\/wp\/v2\/product"}],"about":[{"href":"https:\/\/pronature.com.tr\/en\/wp-json\/wp\/v2\/types\/product"}],"replies":[{"embeddable":true,"href":"https:\/\/pronature.com.tr\/en\/wp-json\/wp\/v2\/comments?post=2994"}],"wp:featuredmedia":[{"embeddable":true,"href":"https:\/\/pronature.com.tr\/en\/wp-json\/wp\/v2\/media\/2993"}],"wp:attachment":[{"href":"https:\/\/pronature.com.tr\/en\/wp-json\/wp\/v2\/media?parent=2994"}],"wp:term":[{"taxonomy":"product_brand","embeddable":true,"href":"https:\/\/pronature.com.tr\/en\/wp-json\/wp\/v2\/product_brand?post=2994"},{"taxonomy":"product_cat","embeddable":true,"href":"https:\/\/pronature.com.tr\/en\/wp-json\/wp\/v2\/product_cat?post=2994"},{"taxonomy":"product_tag","embeddable":true,"href":"https:\/\/pronature.com.tr\/en\/wp-json\/wp\/v2\/product_tag?post=2994"}],"curies":[{"name":"wp","href":"https:\/\/api.w.org\/{rel}","templated":true}]}}