{"id":2987,"date":"2026-03-25T10:50:54","date_gmt":"2026-03-25T10:50:54","guid":{"rendered":"https:\/\/pronature.com.tr\/urun\/pronature-mother-baby-kuru-kopek-mamasi-mini-kuzu-etli-12kg\/"},"modified":"2026-04-10T14:24:25","modified_gmt":"2026-04-10T14:24:25","slug":"pronature-mother-baby-kuru-kopek-mamasi-mini-kuzu-etli-12kg","status":"publish","type":"product","link":"https:\/\/pronature.com.tr\/en\/urun\/pronature-mother-baby-kuru-kopek-mamasi-mini-kuzu-etli-12kg\/","title":{"rendered":"Pronature Mother &amp; Baby Dry Dog Food (Mini) Lamb Flavor 12KG"},"content":{"rendered":"<div style=\"text-align: justify;\"><span style=\"font-size: 12pt;\"><strong>Gebelik ve emzirme<\/strong><span>\u00a0<\/span>d\u00f6nemindeki<span>\u00a0<\/span><strong>anne k\u00f6pekler ve s\u00fct emen yavru k\u00f6pekler<\/strong><span>\u00a0<\/span>(3-8 haftal\u0131k) i\u00e7in \u00f6zel olarak form\u00fcle edilmi\u015ftir.<\/span><\/div>\n<p><\/p>\n<div style=\"text-align: justify;\"><span style=\"font-size: 12pt;\"><em>*Gebelik ve emzirme s\u00fcrecinde daha y\u00fcksek enerji ve protein gereksinimi olan<span>\u00a0<\/span><strong>anne k\u00f6pekler<\/strong>in enerji ve protein ihtiyac\u0131n\u0131 kar\u015f\u0131layan tam ve dengeli s\u00fcper premium bir<span>\u00a0<\/span><strong>Hamile K\u00f6pek<\/strong>,<span>\u00a0<\/span><strong>Emziren K\u00f6pek<\/strong><span>\u00a0<\/span>VE<span>\u00a0<\/span><strong>Yavru K\u00f6pek<\/strong><span>\u00a0<\/span><strong>mamas\u0131<\/strong>d\u0131r.<\/em><\/span><\/div>\n<p><\/p>\n<div style=\"text-align: justify;\"><span style=\"font-size: 12pt;\"><em>*Kaliteli ve y\u00fcksek sindirilebilir<span>\u00a0<\/span><strong>hayvansal protein kaynaklar\u0131<\/strong><span>\u00a0<\/span>sayesinde onlar\u0131n ihtiya\u00e7 duydu\u011fu esansiyel amino asit ve ya\u011f asidi kaynaklar\u0131n\u0131 almas\u0131n\u0131 sa\u011flar. Ayr\u0131ca<span>\u00a0<\/span><strong>yavru k\u00f6pek<\/strong>lerin b\u00fcy\u00fcme ve geli\u015fimine destek verecek \u015fekilde y\u00fcksek oranda kaliteli protein ve besin maddesi i\u00e7eriklerine sahiptir.<\/em><\/span><\/div>\n<p><\/p>\n<div style=\"text-align: justify;\"><span style=\"font-size: 12pt;\"><em>*Prebiyotik katk\u0131s\u0131 fruktooligosakkaritler sayesinde ba\u011f\u0131rsak mikrofloras\u0131n\u0131 yararl\u0131 bakteriler y\u00f6n\u00fcnden zenginle\u015ftirerek sa\u011fl\u0131kl\u0131<span>\u00a0<\/span><strong>sindirim sistemi<\/strong>ni ve g\u00fc\u00e7l\u00fc<span>\u00a0<\/span><strong>ba\u011f\u0131\u015f\u0131kl\u0131k sistemi<\/strong>ni destekler.<\/em><\/span><\/div>\n<p><\/p>\n<div style=\"text-align: justify;\"><span style=\"font-size: 16px; color: #ff6600;\"><strong>Content:<\/strong><\/span><\/div>\n<div style=\"text-align: justify;\"><span style=\"font-size: 16px;\">\u0130\u015flenmi\u015f Hayvansal Protein (%5 Kuzu), Bu\u011fday, Tavuk Ya\u011f\u0131, M\u0131s\u0131r, M\u0131s\u0131r Gluteni, Pirin\u00e7 %6, Hidrolize Hayvansal Protein, Bezelye, \u0130\u015flenmi\u015f Somon Proteini, Krill Unu %4, \u015eeker Pancar\u0131, Kurutulmu\u015f Maya, Somon Ya\u011f\u0131 %1, Fruktooligosakkaritler(FOS) %0,6, Potasyum Klor\u00fcr, Sodyum Klor\u00fcr, Sodyum Tripolifosfat, Mannan oligosakkaritler ve beta glukanlar, Kadife \u00e7i\u00e7e\u011fi \u00f6z\u00fc (lutein kayna\u011f\u0131),\u00a0 yucca schidigera %0,1. Meyveler ve baharatlar\u0131n i\u015flenmesi ile elde edilmi\u015f \u00fcr\u00fcnler %0,05 (karanfil (clove), zerde\u00e7al (curcuma sp.), turun\u00e7gil (citrus sp.), biberiye\u00a0 (rosmarinus sp.), glukozamin (150 mg\/kg), kondroitin (100 mg\/kg).<\/span><\/div>\n<p><\/p>\n<div style=\"text-align: justify;\"><span style=\"font-size: 16px; color: #ff6600;\"><strong>\u0130lave Katk\u0131lar\u0131:<\/strong><\/span><\/div>\n<div style=\"text-align: justify;\"><span style=\"font-size: 16px;\"><\/span><\/div>\n<div style=\"text-align: justify;\"><span style=\"font-size: 12pt;\">Besleyici \u0130laveler: Vitamin A (3a672a)\u00a0 25,000 IU\/kg, Vitamin D3 (3a671)\u00a0 1,500 IU\/kg, Vitamin E (3a700)\u00a0 240 mg\/kg, L-Karnitin 100 mg\/kg, Demir(II) S\u00fclfat Monohidrat 274 mg\/kg (Demir (3b103)\u00a0 90 mg\/kg), Bak\u0131r S\u00fclfat Pentahidrat 35,4 mg\/kg (Bak\u0131r (3b405)\u00a0 9 mg\/kg), Mangan S\u00fclfat Monohidrat 30,8 mg\/kg (Mangan (3b503) 10 mg\/kg), \u00c7inko S\u00fclfat Monohidrat 274 mg\/kg (\u00c7inko (3b605)\u00a0 100 mg\/kg), Anhidre Kalsiyum Iyodat 2,8 mg\/kg (\u0130yot (3b203)\u00a0 1,8 mg\/kg), Sodyum Selenit 0,55 mg\/kg (Selenyum (3b801) 0,25 mg\/kg).<\/span><\/div>\n<div style=\"text-align: justify;\"><span style=\"font-size: 12pt;\">Teknolojik \u0130laveler: Antioksidanlar<\/span><\/div>\n<p><\/p>\n<div style=\"text-align: justify;\"><span style=\"font-size: 16px;\"><strong><span style=\"color: #ff6600;\">Feeding Recommendations:<\/span><\/strong><\/span><\/div>\n<div style=\"text-align: justify;\"><span style=\"font-size: 16px;\">Mamaya, tabloda belirtilen miktarlarda ba\u015flaman\u0131z \u00f6nerilir. G\u00fcnl\u00fck miktar yol g\u00f6stericidir ve hayvan\u0131n aktivitesine, fizyolojik durumuna ve \u00e7evre s\u0131cakl\u0131\u011f\u0131na ba\u011fl\u0131 olarak de\u011fi\u015febilir. Mama ile birlikte her zaman taze ve temiz su bulundurunuz. Mamay\u0131, serin ve kuru bir yerde saklay\u0131n\u0131z.<\/span><\/div>\n<p><\/p>\n<div style=\"text-align: justify;\"><span style=\"font-size: 16px;\"><\/span><\/div>\n<div style=\"text-align: justify;\"><span style=\"font-size: 16px; color: #ff6600;\"><strong>\u00d6nerilen G\u00fcnl\u00fck Mama Miktar\u0131:<\/strong><\/span><\/div>\n<div style=\"text-align: justify;\">\n<table style=\"width: 818.8px;\">\n<tbody>\n<tr style=\"height: 40px;\">\n<td colspan=\"7\" style=\"text-align: center; height: 40px; width: 756.8px;\">\n<p style=\"text-align: center;\"><span style=\"font-size: 16px;\"><b>Yavru K\u00f6pek<\/b><\/span><\/p>\n<\/td>\n<\/tr>\n<tr style=\"height: 40px;\">\n<td rowspan=\"3\" style=\"text-align: center; height: 110.4px; width: 211px;\">\n<p><span style=\"font-size: 12pt;\"><strong>A\u011f\u0131rl\u0131k (kg)<\/strong><\/span><\/p>\n<\/td>\n<td colspan=\"6\" style=\"text-align: center; height: 40px; width: 545.8px;\">\n<p style=\"text-align: center;\"><span style=\"font-size: 12pt;\"><strong>G\u00fcnl\u00fck Mama Miktar\u0131<\/strong><\/span><\/p>\n<\/td>\n<\/tr>\n<tr style=\"height: 40px;\">\n<td colspan=\"6\" style=\"text-align: center; height: 40px; width: 545.8px;\">\n<p><span style=\"font-size: 12pt;\"><strong>Gebelik (3-9 hafta)<\/strong><\/span><\/p>\n<\/td>\n<\/tr>\n<tr style=\"height: 30.4px;\">\n<td style=\"text-align: center; height: 30.4px; width: 118px;\">\n<p><span style=\"font-size: 12pt;\">0 \u2013 3<\/span><\/p>\n<\/td>\n<td style=\"text-align: center; height: 30.4px; width: 91px;\">\n<p><span style=\"font-size: 12pt;\">4<\/span><\/p>\n<\/td>\n<td style=\"text-align: center; height: 30.4px; width: 82px;\">\n<p><span style=\"font-size: 12pt;\">5<\/span><\/p>\n<\/td>\n<td style=\"text-align: center; height: 30.4px; width: 79px;\">\n<p><span style=\"font-size: 12pt;\">6<\/span><\/p>\n<\/td>\n<td style=\"text-align: center; height: 30.4px; width: 83px;\">\n<p><span style=\"font-size: 12pt;\">7<\/span><\/p>\n<\/td>\n<td style=\"text-align: center; height: 30.4px; width: 92.8px;\">\n<p><span style=\"font-size: 12pt;\">8<\/span><\/p>\n<\/td>\n<\/tr>\n<tr style=\"height: 40px;\">\n<td style=\"text-align: center; height: 40px; width: 211px;\">\n<p><span style=\"font-size: 12pt;\">1 \u2013 3<\/span><\/p>\n<\/td>\n<td rowspan=\"4\" style=\"text-align: center; height: 160px; width: 118px;\">\n<p><span style=\"font-size: 12pt;\">S\u00fct veya S\u00fct \u0130kamesi<\/span><\/p>\n<p><span style=\"font-size: 12pt;\">(E\u011fer gerekliyse)<\/span><\/p>\n<\/td>\n<td style=\"text-align: center; height: 40px; width: 91px;\">\n<p><span style=\"font-size: 12pt;\">10<\/span><\/p>\n<\/td>\n<td style=\"text-align: center; height: 40px; width: 82px;\">\n<p><span style=\"font-size: 12pt;\">20 &#8211; 30<\/span><\/p>\n<\/td>\n<td style=\"text-align: center; height: 40px; width: 79px;\">\n<p><span style=\"font-size: 12pt;\">30-40<\/span><\/p>\n<\/td>\n<td style=\"text-align: center; height: 40px; width: 83px;\">\n<p><span style=\"font-size: 12pt;\">35-45<\/span><\/p>\n<\/td>\n<td style=\"text-align: center; height: 40px; width: 92.8px;\">\n<p><span style=\"font-size: 12pt;\">45-55<\/span><\/p>\n<\/td>\n<\/tr>\n<tr style=\"height: 40px;\">\n<td style=\"text-align: center; height: 40px; width: 211px;\">\n<p><span style=\"font-size: 12pt;\">4 \u2013 5<\/span><\/p>\n<\/td>\n<td style=\"text-align: center; height: 40px; width: 91px;\">\n<p><span style=\"font-size: 12pt;\">10<\/span><\/p>\n<\/td>\n<td style=\"text-align: center; height: 40px; width: 82px;\">\n<p><span style=\"font-size: 12pt;\">20 &#8211; 30<\/span><\/p>\n<\/td>\n<td style=\"text-align: center; height: 40px; width: 79px;\">\n<p><span style=\"font-size: 12pt;\">55-65<\/span><\/p>\n<\/td>\n<td style=\"text-align: center; height: 40px; width: 83px;\">\n<p><span style=\"font-size: 12pt;\">75-85<\/span><\/p>\n<\/td>\n<td style=\"text-align: center; height: 40px; width: 92.8px;\">\n<p><span style=\"font-size: 12pt;\">90-100<\/span><\/p>\n<\/td>\n<\/tr>\n<tr style=\"height: 40px;\">\n<td style=\"text-align: center; height: 40px; width: 211px;\">\n<p><span style=\"font-size: 12pt;\">6 \u2013 7<\/span><\/p>\n<\/td>\n<td style=\"text-align: center; height: 40px; width: 91px;\">\n<p><span style=\"font-size: 12pt;\">10<\/span><\/p>\n<\/td>\n<td style=\"text-align: center; height: 40px; width: 82px;\">\n<p><span style=\"font-size: 12pt;\">20 &#8211; 30<\/span><\/p>\n<\/td>\n<td style=\"text-align: center; height: 40px; width: 79px;\">\n<p><span style=\"font-size: 12pt;\">70-80<\/span><\/p>\n<\/td>\n<td style=\"text-align: center; height: 40px; width: 83px;\">\n<p><span style=\"font-size: 12pt;\">90-105<\/span><\/p>\n<\/td>\n<td style=\"text-align: center; height: 40px; width: 92.8px;\">\n<p><span style=\"font-size: 12pt;\">110-120<\/span><\/p>\n<\/td>\n<\/tr>\n<tr style=\"height: 40px;\">\n<td style=\"text-align: center; height: 40px; width: 211px;\">\n<p><span style=\"font-size: 12pt;\">8 \u2013 10<\/span><\/p>\n<\/td>\n<td style=\"text-align: center; height: 40px; width: 91px;\">\n<p><span style=\"font-size: 12pt;\">10<\/span><\/p>\n<\/td>\n<td style=\"text-align: center; height: 40px; width: 82px;\">\n<p><span style=\"font-size: 12pt;\">20 &#8211; 30<\/span><\/p>\n<\/td>\n<td style=\"text-align: center; height: 40px; width: 79px;\">\n<p><span style=\"font-size: 12pt;\">85-95<\/span><\/p>\n<\/td>\n<td style=\"text-align: center; height: 40px; width: 83px;\">\n<p><span style=\"font-size: 12pt;\">115-125<\/span><\/p>\n<\/td>\n<td style=\"text-align: center; height: 40px; width: 92.8px;\">\n<p><span style=\"font-size: 12pt;\">130-150<\/span><\/p>\n<\/td>\n<\/tr>\n<\/tbody>\n<\/table>\n<table style=\"width: 819.188px;\">\n<tbody>\n<tr style=\"height: 40px;\">\n<td colspan=\"6\" style=\"text-align: center; height: 40px; width: 778.188px;\">\n<p><span style=\"font-size: 12pt;\"><strong>Gebelik &#038; Emzirme (Anne K\u00f6pek)<\/strong><\/span><\/p>\n<\/td>\n<\/tr>\n<tr style=\"height: 40px;\">\n<td rowspan=\"3\" style=\"text-align: center; height: 120.146px; width: 172px;\">\n<p><span style=\"font-size: 12pt;\"><strong>A\u011f\u0131rl\u0131k (kg)<\/strong><\/span><\/p>\n<\/td>\n<td colspan=\"5\" style=\"text-align: center; height: 40px; width: 606.188px;\">\n<p><span style=\"font-size: 16px;\"><b>G\u00fcnl\u00fck Mama Miktar\u0131\u00a0<\/b><\/span><\/p>\n<\/td>\n<\/tr>\n<tr style=\"height: 40.1459px;\">\n<td colspan=\"4\" style=\"text-align: center; height: 40.1459px; width: 482px;\">\n<p><span style=\"font-size: 12pt;\"><strong>Gebelik<\/strong><\/span><\/p>\n<\/td>\n<td rowspan=\"2\" style=\"text-align: center; height: 80.1459px; width: 124.188px;\">\n<p><span style=\"font-size: 16px;\"><b>Emzirme<\/b><\/span><\/p>\n<\/td>\n<\/tr>\n<tr style=\"height: 40px;\">\n<td style=\"text-align: center; height: 40px; width: 115px;\">\n<p><span style=\"font-size: 12pt;\">6<\/span><\/p>\n<\/td>\n<td style=\"text-align: center; height: 40px; width: 133px;\">\n<p><span style=\"font-size: 12pt;\">7<\/span><\/p>\n<\/td>\n<td style=\"text-align: center; height: 40px; width: 107px;\">\n<p><span style=\"font-size: 12pt;\">8<\/span><\/p>\n<\/td>\n<td style=\"text-align: center; height: 40px; width: 127px;\">\n<p><span style=\"font-size: 12pt;\">9<\/span><\/p>\n<\/td>\n<\/tr>\n<tr style=\"height: 40px;\">\n<td style=\"height: 40px; width: 172px; text-align: center;\">\n<p><span style=\"font-size: 12pt;\">1 \u2013 2<\/span><\/p>\n<\/td>\n<td style=\"height: 40px; width: 115px; text-align: center;\">\n<p><span style=\"font-size: 12pt;\">30 \u2013 60<\/span><\/p>\n<\/td>\n<td style=\"height: 40px; width: 133px; text-align: center;\">\n<p><span style=\"font-size: 12pt;\">30 \u2013 60<\/span><\/p>\n<\/td>\n<td style=\"height: 40px; width: 107px; text-align: center;\">\n<p><span style=\"font-size: 12pt;\">35 \u2013 70<\/span><\/p>\n<\/td>\n<td style=\"height: 40px; width: 127px; text-align: center;\">\n<p><span style=\"font-size: 12pt;\">35 \u2013 70<\/span><\/p>\n<\/td>\n<td rowspan=\"5\" style=\"height: 200px; width: 124.188px; text-align: center;\">\n<p><span style=\"font-size: 12pt;\"><em>Ad libitum (Mama kab\u0131nda s\u00fcrekli mama olmas\u0131)<\/em><\/span><\/p>\n<\/td>\n<\/tr>\n<tr style=\"height: 40px;\">\n<td style=\"height: 40px; width: 172px; text-align: center;\">\n<p><span style=\"font-size: 12pt;\">3 \u2013 4<\/span><\/p>\n<\/td>\n<td style=\"height: 40px; width: 115px; text-align: center;\">\n<p><span style=\"font-size: 12pt;\">60 \u2013 90<\/span><\/p>\n<\/td>\n<td style=\"height: 40px; width: 133px; text-align: center;\">\n<p><span style=\"font-size: 12pt;\">70 \u2013 100<\/span><\/p>\n<\/td>\n<td style=\"height: 40px; width: 107px; text-align: center;\">\n<p><span style=\"font-size: 12pt;\">75 \u2013 105<\/span><\/p>\n<\/td>\n<td style=\"height: 40px; width: 127px; text-align: center;\">\n<p><span style=\"font-size: 12pt;\">80 \u2013 115<\/span><\/p>\n<\/td>\n<\/tr>\n<tr style=\"height: 40px;\">\n<td style=\"height: 40px; width: 172px; text-align: center;\">\n<p><span style=\"font-size: 12pt;\">5 \u2013 6<\/span><\/p>\n<\/td>\n<td style=\"height: 40px; width: 115px; text-align: center;\">\n<p><span style=\"font-size: 12pt;\">95 \u2013 115<\/span><\/p>\n<\/td>\n<td style=\"height: 40px; width: 133px; text-align: center;\">\n<p><span style=\"font-size: 12pt;\">100 \u2013 130<\/span><\/p>\n<\/td>\n<td style=\"height: 40px; width: 107px; text-align: center;\">\n<p><span style=\"font-size: 12pt;\">110 \u2013 140<\/span><\/p>\n<\/td>\n<td style=\"height: 40px; width: 127px; text-align: center;\">\n<p><span style=\"font-size: 12pt;\">120 \u2013 150<\/span><\/p>\n<\/td>\n<\/tr>\n<tr style=\"height: 40px;\">\n<td style=\"height: 40px; width: 172px; text-align: center;\">\n<p><span style=\"font-size: 12pt;\">7 \u2013 8<\/span><\/p>\n<\/td>\n<td style=\"height: 40px; width: 115px; text-align: center;\">\n<p><span style=\"font-size: 12pt;\">120 \u2013 145<\/span><\/p>\n<\/td>\n<td style=\"height: 40px; width: 133px; text-align: center;\">\n<p><span style=\"font-size: 12pt;\">135 \u2013 155<\/span><\/p>\n<\/td>\n<td style=\"height: 40px; width: 107px; text-align: center;\">\n<p><span style=\"font-size: 12pt;\">145 \u2013 165<\/span><\/p>\n<\/td>\n<td style=\"height: 40px; width: 127px; text-align: center;\">\n<p><span style=\"font-size: 12pt;\">155 \u2013 180<\/span><\/p>\n<\/td>\n<\/tr>\n<tr style=\"height: 40px;\">\n<td style=\"height: 40px; width: 172px; text-align: center;\">\n<p><span style=\"font-size: 12pt;\">9 \u2013 10<\/span><\/p>\n<\/td>\n<td style=\"height: 40px; width: 115px; text-align: center;\">\n<p><span style=\"font-size: 12pt;\">150 \u2013 170<\/span><\/p>\n<\/td>\n<td style=\"height: 40px; width: 133px; text-align: center;\">\n<p><span style=\"font-size: 12pt;\">160 \u2013 180<\/span><\/p>\n<\/td>\n<td style=\"height: 40px; width: 107px; text-align: center;\">\n<p><span style=\"font-size: 12pt;\">170 \u2013 195<\/span><\/p>\n<\/td>\n<td style=\"height: 40px; width: 127px; text-align: center;\">\n<p><span style=\"font-size: 12pt;\">185 \u2013 210<\/span><\/p>\n<\/td>\n<\/tr>\n<\/tbody>\n<\/table>\n<p><\/p>\n<p><span style=\"font-size: 12pt; color: #ff6600;\"><strong>Analytical Components:<\/strong><\/span><\/p>\n<table height=\"151\" style=\"width: 823px;\">\n<tbody>\n<tr>\n<td style=\"width: 383.5px; text-align: center;\"><span style=\"font-size: 12pt;\">Protein\u00a0<\/span><\/td>\n<td style=\"width: 424.5px; text-align: center;\"><span style=\"font-size: 12pt;\">%28<\/span><\/td>\n<\/tr>\n<tr>\n<td style=\"width: 383.5px; text-align: center;\"><span style=\"font-size: 12pt;\">Fat Content<\/span><\/td>\n<td style=\"width: 424.5px; text-align: center;\"><span style=\"font-size: 12pt;\">%22<\/span><\/td>\n<\/tr>\n<tr>\n<td style=\"width: 383.5px; text-align: center;\"><span style=\"font-size: 12pt;\">Ham Sel\u00fcl\u00f6z<\/span><\/td>\n<td style=\"width: 424.5px; text-align: center;\"><span style=\"font-size: 12pt;\">%1,5<\/span><\/td>\n<\/tr>\n<tr>\n<td style=\"width: 383.5px; text-align: center;\"><span style=\"font-size: 12pt;\">Ham Ash<\/span><\/td>\n<td style=\"width: 424.5px; text-align: center;\"><span style=\"font-size: 12pt;\">%7.2<\/span><\/td>\n<\/tr>\n<tr>\n<td style=\"width: 383.5px; text-align: center;\"><span style=\"font-size: 12pt;\">Calcium<\/span><\/td>\n<td style=\"width: 424.5px; text-align: center;\"><span style=\"font-size: 12pt;\">%2,2<\/span><\/td>\n<\/tr>\n<tr>\n<td style=\"width: 383.5px; text-align: center;\"><span style=\"font-size: 12pt;\">Phosphorus<\/span><\/td>\n<td style=\"width: 424.5px; text-align: center;\"><span style=\"font-size: 12pt;\">%1,3<\/span><\/td>\n<\/tr>\n<\/tbody>\n<\/table>\n<\/div>","protected":false},"excerpt":{"rendered":"<p>Gebelik ve emzirme\u00a0d\u00f6nemindeki\u00a0anne k\u00f6pekler ve s\u00fct emen yavru k\u00f6pekler\u00a0(3-8 haftal\u0131k) i\u00e7in \u00f6zel olarak form\u00fcle edilmi\u015ftir. *Gebelik ve emzirme s\u00fcrecinde daha<\/p>","protected":false},"featured_media":2986,"comment_status":"open","ping_status":"closed","template":"","meta":[],"product_brand":[],"product_cat":[95],"product_tag":[],"class_list":{"0":"post-2987","1":"product","2":"type-product","3":"status-publish","4":"has-post-thumbnail","6":"product_cat-kuru-kopek-mamasi","8":"first","9":"instock","10":"shipping-taxable","11":"product-type-simple"},"_links":{"self":[{"href":"https:\/\/pronature.com.tr\/en\/wp-json\/wp\/v2\/product\/2987","targetHints":{"allow":["GET"]}}],"collection":[{"href":"https:\/\/pronature.com.tr\/en\/wp-json\/wp\/v2\/product"}],"about":[{"href":"https:\/\/pronature.com.tr\/en\/wp-json\/wp\/v2\/types\/product"}],"replies":[{"embeddable":true,"href":"https:\/\/pronature.com.tr\/en\/wp-json\/wp\/v2\/comments?post=2987"}],"wp:featuredmedia":[{"embeddable":true,"href":"https:\/\/pronature.com.tr\/en\/wp-json\/wp\/v2\/media\/2986"}],"wp:attachment":[{"href":"https:\/\/pronature.com.tr\/en\/wp-json\/wp\/v2\/media?parent=2987"}],"wp:term":[{"taxonomy":"product_brand","embeddable":true,"href":"https:\/\/pronature.com.tr\/en\/wp-json\/wp\/v2\/product_brand?post=2987"},{"taxonomy":"product_cat","embeddable":true,"href":"https:\/\/pronature.com.tr\/en\/wp-json\/wp\/v2\/product_cat?post=2987"},{"taxonomy":"product_tag","embeddable":true,"href":"https:\/\/pronature.com.tr\/en\/wp-json\/wp\/v2\/product_tag?post=2987"}],"curies":[{"name":"wp","href":"https:\/\/api.w.org\/{rel}","templated":true}]}}