{"id":2966,"date":"2026-03-25T10:50:16","date_gmt":"2026-03-25T10:50:16","guid":{"rendered":"https:\/\/pronature.com.tr\/urun\/pronature-mother-baby-kuru-kedi-mamasi-tavuk-etli-15kg\/"},"modified":"2026-04-10T14:24:49","modified_gmt":"2026-04-10T14:24:49","slug":"pronature-mother-baby-kuru-kedi-mamasi-tavuk-etli-15kg","status":"publish","type":"product","link":"https:\/\/pronature.com.tr\/en\/urun\/pronature-mother-baby-kuru-kedi-mamasi-tavuk-etli-15kg\/","title":{"rendered":"Pronature Mother &amp; Baby Chicken Dry Cat Food 1.5KG"},"content":{"rendered":"<div style=\"text-align: justify;\"><span style=\"font-size: 12pt;\">Gebelik ve emzirme d\u00f6nemindeki <strong>anne kediler ve s\u00fct emen yavru kediler<\/strong> (4-16 haftal\u0131k) i\u00e7in \u00f6zel olarak form\u00fcle edilmi\u015ftir. <strong>Gebelik ve emzirme s\u00fcrecinde<\/strong> daha y\u00fcksek enerji ve protein gereksinimi olan kedilerin enerji ve protein ihtiyac\u0131n\u0131 kar\u015f\u0131layan tam ve dengeli s\u00fcper premium bir <strong>Hamile Kedi, Emziren Kedi ve Yavru Kedi mamas\u0131<\/strong>d\u0131r.\u00a0<\/span><\/div>\n<p>&nbsp;<\/p>\n<div style=\"text-align: justify;\"><\/div>\n<div style=\"text-align: justify;\"><span style=\"font-size: 12pt;\"><em>*Kaliteli ve y\u00fcksek sindirilebilir <strong>hayvansal protein kaynaklar\u0131<\/strong> sayesinde onlar\u0131n ihtiya\u00e7 duydu\u011fu esansiyel amino asit ve ya\u011f asidi kaynaklar\u0131n\u0131 almas\u0131n\u0131 sa\u011flar. <\/em><\/span><\/div>\n<p>&nbsp;<\/p>\n<div style=\"text-align: justify;\"><\/div>\n<div style=\"text-align: justify;\"><span style=\"font-size: 12pt;\"><em>*Ayr\u0131ca <strong>yavru kedi<\/strong>lerin b\u00fcy\u00fcme ve geli\u015fimine destek verecek \u015fekilde y\u00fcksek oranda kaliteli protein ve besin maddesi i\u00e7eriklerine sahiptir. <\/em><\/span><\/div>\n<p>&nbsp;<\/p>\n<div style=\"text-align: justify;\"><\/div>\n<div style=\"text-align: justify;\"><span style=\"font-size: 12pt;\"><em>*Prebiyotik katk\u0131s\u0131 fruktooligosakkaritler sayesinde ba\u011f\u0131rsak mikrofloras\u0131n\u0131 yararl\u0131 bakteriler y\u00f6n\u00fcnden zenginle\u015ftirerek sa\u011fl\u0131kl\u0131 <strong>sindirim sistemi<\/strong>ni ve <strong>g\u00fc\u00e7l\u00fc ba\u011f\u0131\u015f\u0131kl\u0131k sistemi<\/strong>ni destekler.<\/em><\/span><\/div>\n<p>&nbsp;<\/p>\n<div style=\"text-align: justify;\"><\/div>\n<div style=\"text-align: justify;\"><\/div>\n<div style=\"text-align: justify;\"><span style=\"font-size: 12pt;\"><strong><span style=\"color: #ff6600;\">Content:<\/span><\/strong><\/span><\/div>\n<div style=\"text-align: justify;\"><span style=\"font-size: 12pt;\">\u0130\u015flenmi\u015f Hayvansal Protein (%25 Tavuk), Tavuk Ya\u011f\u0131, Pirin\u00e7 %10, Bu\u011fday, M\u0131s\u0131r, M\u0131s\u0131r Gluteni, \u0130\u015flenmi\u015f Bal\u0131k Proteini, Krill unu %4, Hidrolize Hayvansal Protein, Kurutulmu\u015f Maya, Somon Ya\u011f\u0131 %1, Fruktooligosakkaritler (FOS) %0,5, Bitkisel Lifler, Mannan oligosakkaritler ve betaglukanlar, Potasyum Klor\u00fcr, Sodyum Klor\u00fcr, Taurin 1500 mg\/kg, Kadife \u00c7i\u00e7e\u011fi \u00d6z\u00fc (Lutein kayna\u011f\u0131), Yucca Schidigera %0,1, Meyveler ve Baharatlar\u0131n I\u015flenmesi Ile Elde Edilmi\u015f \u00dcr\u00fcnler %0,05 (Karanfil (Clove), Zerde\u00e7al (Curcuma Sp.), Turun\u00e7gil (Citrus Sp.), Biberiye\u00a0 (Rosmarinus Sp.).<\/span><\/div>\n<p>&nbsp;<\/p>\n<div style=\"text-align: justify;\"><\/div>\n<div style=\"text-align: justify;\"><\/div>\n<div style=\"text-align: justify;\"><span style=\"font-size: 12pt;\"><strong><span style=\"color: #ff6600;\">Besinsel Katk\u0131lar:<\/span><\/strong><\/span><\/div>\n<div style=\"text-align: justify;\"><span style=\"font-size: 12pt;\">Vitamin A(3a672a) 31,000 IU\/kg, Vitamin D3 (3a671) 1,850 IU\/kg, Vitamin E (3a700) 300 mg\/kg, Demir (II) S\u00fclfat Monohidrat 342 mg\/kg (Demir (3b103) 112 mg\/kg), L-Karnitin 100 mg\/kg, Bak\u0131r S\u00fclfat Pentahidrat 44 mg\/kg (Bak\u0131r (3b405) 11,2 mg\/kg), Mangan S\u00fclfat Monohidrat 38,5 mg\/kg (Mangan (3b503) 12,5 mg\/kg), \u00c7inko S\u00fclfat Monohidrat 342 mg\/kg (\u00c7inko (3b605) 125 mg\/kg), Anhidre Kalsiyum Iyodat 3,4 mg\/kg (\u0130yot (3b203) 2,2 mg\/kg), Sodyum Selenit 0,68 mg\/kg (Selenyum (3b801) 0,31 mg\/kg).<br \/>\nTeknolojik Katk\u0131lar: Antioksidanlar<br \/>\n<\/span><\/div>\n<p>&nbsp;<\/p>\n<div style=\"text-align: justify;\"><\/div>\n<div style=\"text-align: justify;\"><\/div>\n<div style=\"text-align: justify;\"><span style=\"font-size: 12pt;\"><strong><span style=\"color: #ff6600;\">Besleme Talimat\u0131:\u00a0<\/span><\/strong><\/span><\/div>\n<div style=\"text-align: justify;\"><span style=\"font-size: 12pt;\">Mamaya, tabloda belirtilen miktarlarda ba\u015flaman\u0131z \u00f6nerilir. G\u00fcnl\u00fck miktar yol g\u00f6stericidir ve hayvan\u0131n aktivitesine, fizyolojik durumuna ve \u00e7evre s\u0131cakl\u0131\u011f\u0131na ba\u011fl\u0131 olarak de\u011fi\u015febilir. Mama ile birlikte her zaman taze ve temiz su bulundurunuz. Mamay\u0131 serin ve kuru bir yerde saklay\u0131n\u0131z.<\/span><\/div>\n<p>&nbsp;<\/p>\n<div style=\"text-align: justify;\"><\/div>\n<div style=\"text-align: justify;\"><span style=\"font-size: 12pt;\">Fabrika onay numaras\u0131\/Parti numaras\u0131\/Son Kullanma tarihi paketin \u00fczerindedir.<\/span><\/div>\n<p>&nbsp;<\/p>\n<div style=\"text-align: justify;\"><\/div>\n<div style=\"text-align: justify;\"><\/div>\n<div style=\"text-align: justify;\"><span style=\"font-size: 12pt;\"><strong><span style=\"color: #ff6600;\">Recommended Daily Food Portions:<\/span><\/strong><\/span><\/div>\n<div style=\"text-align: justify;\">\n<table width=\"648\">\n<tbody>\n<tr style=\"height: 36px;\">\n<td style=\"width: 639.6px; height: 36px; vertical-align: middle;\" colspan=\"3\">\n<p style=\"text-align: center;\"><span style=\"font-size: 12pt;\"><b>Yavru Kedi<\/b><\/span><\/p>\n<\/td>\n<\/tr>\n<tr style=\"height: 36px;\">\n<td style=\"width: 138.3px; text-align: center; height: 36px; vertical-align: middle;\"><span style=\"font-size: 12pt;\"><strong>Ya\u015f (hafta)<\/strong><\/span><\/td>\n<td style=\"width: 169.1px; text-align: center; height: 36px; vertical-align: middle;\"><span style=\"font-size: 12pt;\"><strong>A\u011f\u0131rl\u0131k (gr)<\/strong><\/span><\/td>\n<td style=\"width: 321.8px; text-align: center; height: 36px; vertical-align: middle;\"><span style=\"font-size: 12pt;\"><b>G\u00fcnl\u00fck Mama Miktar\u0131 (gram)<\/b><\/span><\/td>\n<\/tr>\n<tr style=\"height: 36px;\">\n<td style=\"width: 138.3px; text-align: center; height: 36px; vertical-align: middle;\"><span style=\"font-size: 12pt;\">4 \u2013 6<\/span><\/td>\n<td style=\"width: 169.1px; text-align: center; height: 36px; vertical-align: middle;\"><span style=\"font-size: 12pt;\">400 \u2013 600<\/span><\/td>\n<td style=\"width: 321.8px; text-align: center; height: 36px; vertical-align: middle;\"><span style=\"font-size: 12pt;\">20 \u2013 25<\/span><\/td>\n<\/tr>\n<tr style=\"height: 36px;\">\n<td style=\"width: 138.3px; text-align: center; height: 36px; vertical-align: middle;\"><span style=\"font-size: 12pt;\">6 \u2013 8<\/span><\/td>\n<td style=\"width: 169.1px; text-align: center; height: 36px; vertical-align: middle;\"><span style=\"font-size: 12pt;\">600 \u2013 900<\/span><\/td>\n<td style=\"width: 321.8px; text-align: center; height: 36px; vertical-align: middle;\"><span style=\"font-size: 12pt;\">25 \u2013 35<\/span><\/td>\n<\/tr>\n<tr style=\"height: 36px;\">\n<td style=\"width: 138.3px; text-align: center; height: 36px; vertical-align: middle;\"><span style=\"font-size: 12pt;\">8 \u2013 12<\/span><\/td>\n<td style=\"width: 169.1px; text-align: center; height: 36px; vertical-align: middle;\"><span style=\"font-size: 12pt;\">900 \u2013 1200<\/span><\/td>\n<td style=\"width: 321.8px; text-align: center; height: 36px; vertical-align: middle;\"><span style=\"font-size: 12pt;\">40 \u2013 50<\/span><\/td>\n<\/tr>\n<tr style=\"height: 36px;\">\n<td style=\"width: 138.3px; text-align: center; height: 36px; vertical-align: middle;\"><span style=\"font-size: 12pt;\">10 \u2013 12<\/span><\/td>\n<td style=\"width: 169.1px; text-align: center; height: 36px; vertical-align: middle;\"><span style=\"font-size: 12pt;\">1200 \u2013 1600<\/span><\/td>\n<td style=\"width: 321.8px; text-align: center; height: 36px; vertical-align: middle;\"><span style=\"font-size: 12pt;\">50 \u2013 55<\/span><\/td>\n<\/tr>\n<tr style=\"height: 36px;\">\n<td style=\"width: 138.3px; text-align: center; height: 36px; vertical-align: middle;\"><span style=\"font-size: 12pt;\">12 \u2013 14<\/span><\/td>\n<td style=\"width: 169.1px; text-align: center; height: 36px; vertical-align: middle;\"><span style=\"font-size: 12pt;\">1600 \u2013 2000<\/span><\/td>\n<td style=\"width: 321.8px; text-align: center; height: 36px; vertical-align: middle;\"><span style=\"font-size: 12pt;\">55 \u2013 60<\/span><\/td>\n<\/tr>\n<tr style=\"height: 36px;\">\n<td style=\"width: 138.3px; text-align: center; height: 36px; vertical-align: middle;\"><span style=\"font-size: 12pt;\">14 \u2013 16<\/span><\/td>\n<td style=\"width: 169.1px; text-align: center; height: 36px; vertical-align: middle;\"><span style=\"font-size: 12pt;\">2000 \u2013 2500<\/span><\/td>\n<td style=\"width: 321.8px; text-align: center; height: 36px; vertical-align: middle;\"><span style=\"font-size: 12pt;\">60 \u2013 70<\/span><\/td>\n<\/tr>\n<\/tbody>\n<\/table>\n<table width=\"648\">\n<tbody>\n<tr style=\"height: 35px;\">\n<td style=\"width: 639.6px; height: 35px; vertical-align: middle;\" colspan=\"3\">\n<p style=\"text-align: center;\"><span style=\"font-size: 12pt;\"><b>Gebelik &amp; Emzirme (Anne Kedi)<\/b><\/span><\/p>\n<\/td>\n<\/tr>\n<tr style=\"height: 35px;\">\n<td style=\"width: 165.462px; height: 70px; vertical-align: middle;\" rowspan=\"2\">\n<p style=\"text-align: center;\"><span style=\"font-size: 12pt;\"><strong>A\u011f\u0131rl\u0131k (kg)<\/strong><\/span><\/p>\n<\/td>\n<td style=\"width: 468.938px; height: 35px; vertical-align: middle;\" colspan=\"2\">\n<p style=\"text-align: center;\"><span style=\"font-size: 12pt;\"><b>G\u00fcnl\u00fck Mama Miktar\u0131<\/b><\/span><\/p>\n<\/td>\n<\/tr>\n<tr style=\"height: 35px;\">\n<td style=\"width: 249.637px; height: 35px; text-align: center; vertical-align: middle;\"><span style=\"font-size: 12pt;\"><strong>Gebelik (3-9 hafta)<\/strong><\/span><\/td>\n<td style=\"width: 214.1px; height: 35px; text-align: center; vertical-align: middle;\"><span style=\"font-size: 12pt;\"><b>Emzirme<\/b><\/span><\/td>\n<\/tr>\n<tr style=\"height: 35px;\">\n<td style=\"width: 165.462px; height: 35px; text-align: center; vertical-align: middle;\"><span style=\"font-size: 12pt;\">3<\/span><\/td>\n<td style=\"width: 249.637px; height: 35px; text-align: center; vertical-align: middle;\"><span style=\"font-size: 12pt;\">50 \u2013 85<\/span><\/td>\n<td style=\"width: 214.1px; height: 175.8px; text-align: center; vertical-align: middle;\" rowspan=\"5\"><span style=\"font-size: 12pt;\"><em>Ad libitum<\/em><\/span><\/p>\n<p><span style=\"font-size: 12pt;\"><em>Mama kab\u0131nda s\u00fcrekli mama olmas\u0131<\/em><\/span><\/td>\n<\/tr>\n<tr style=\"height: 35.8px;\">\n<td style=\"width: 165.462px; height: 35.8px; text-align: center; vertical-align: middle;\"><span style=\"font-size: 12pt;\">4<\/span><\/td>\n<td style=\"width: 249.637px; height: 35.8px; text-align: center; vertical-align: middle;\"><span style=\"font-size: 12pt;\">60 \u2013 100<\/span><\/td>\n<\/tr>\n<tr style=\"height: 35px;\">\n<td style=\"width: 165.462px; height: 35px; text-align: center; vertical-align: middle;\"><span style=\"font-size: 12pt;\">5<\/span><\/td>\n<td style=\"width: 249.637px; height: 35px; text-align: center; vertical-align: middle;\"><span style=\"font-size: 12pt;\">70 \u2013 120<\/span><\/td>\n<\/tr>\n<tr style=\"height: 35px;\">\n<td style=\"width: 165.462px; height: 35px; text-align: center; vertical-align: middle;\"><span style=\"font-size: 12pt;\">6<\/span><\/td>\n<td style=\"width: 249.637px; height: 35px; text-align: center; vertical-align: middle;\"><span style=\"font-size: 12pt;\">80 \u2013 135<\/span><\/td>\n<\/tr>\n<tr style=\"height: 35px;\">\n<td style=\"width: 165.462px; height: 35px; text-align: center; vertical-align: middle;\"><span style=\"font-size: 12pt;\">7<\/span><\/td>\n<td style=\"width: 249.637px; height: 35px; text-align: center; vertical-align: middle;\"><span style=\"font-size: 12pt;\">90 \u2013 150<\/span><\/td>\n<\/tr>\n<\/tbody>\n<\/table>\n<p><span style=\"font-size: 12pt;\"><strong><span style=\"color: #ff6600;\">Analytical Components:<\/span><\/strong><\/span><\/p>\n<table width=\"648\">\n<tbody>\n<tr style=\"height: 22.8px;\">\n<td style=\"width: 317.2px; height: 22.8px; text-align: center; vertical-align: middle;\"><span style=\"font-size: 12pt;\">Protein<\/span><\/td>\n<td style=\"width: 317.2px; height: 22.8px; text-align: center; vertical-align: middle;\"><span style=\"font-size: 12pt;\">%36<\/span><\/td>\n<\/tr>\n<tr style=\"height: 22px;\">\n<td style=\"width: 317.2px; height: 22px; text-align: center; vertical-align: middle;\"><span style=\"font-size: 12pt;\">Fat Content<\/span><\/td>\n<td style=\"width: 317.2px; height: 22px; text-align: center; vertical-align: middle;\"><span style=\"font-size: 12pt;\">%22<\/span><\/td>\n<\/tr>\n<tr style=\"height: 1px;\">\n<td style=\"width: 317.2px; height: 1px; text-align: center; vertical-align: middle;\"><span style=\"font-size: 12pt;\">Ham Cellulose<\/span><\/td>\n<td style=\"width: 317.2px; height: 1px; text-align: center; vertical-align: middle;\"><span style=\"font-size: 12pt;\">%1,5<\/span><\/td>\n<\/tr>\n<tr style=\"height: 1px;\">\n<td style=\"width: 317.2px; height: 1px; text-align: center; vertical-align: middle;\"><span style=\"font-size: 12pt;\">Ham Ash<\/span><\/td>\n<td style=\"width: 317.2px; height: 1px; text-align: center; vertical-align: middle;\"><span style=\"font-size: 12pt;\">%7.2<\/span><\/td>\n<\/tr>\n<tr style=\"height: 1px;\">\n<td style=\"width: 317.2px; height: 1px; text-align: center; vertical-align: middle;\"><span style=\"font-size: 12pt;\">Calcium<\/span><\/td>\n<td style=\"width: 317.2px; height: 1px; text-align: center;\"><span style=\"font-size: 12pt;\">%1,9<\/span><\/td>\n<\/tr>\n<tr style=\"height: 1px;\">\n<td style=\"width: 317.2px; height: 1px; text-align: center; vertical-align: middle;\"><span style=\"font-size: 12pt;\">Phosphorus<\/span><\/td>\n<td style=\"width: 317.2px; height: 1px; text-align: center; vertical-align: middle;\"><span style=\"font-size: 12pt;\">%1,3<\/span><\/td>\n<\/tr>\n<\/tbody>\n<\/table>\n<\/div>\n<div style=\"text-align: justify;\"><\/div>\n<div style=\"text-align: justify;\"><\/div>\n<div style=\"text-align: justify;\"><\/div>\n<div style=\"text-align: justify;\"><\/div>","protected":false},"excerpt":{"rendered":"<p>Gebelik ve emzirme d\u00f6nemindeki anne kediler ve s\u00fct emen yavru kediler (4-16 haftal\u0131k) i\u00e7in \u00f6zel olarak form\u00fcle edilmi\u015ftir. Gebelik ve<\/p>","protected":false},"featured_media":2965,"comment_status":"open","ping_status":"closed","template":"","meta":[],"product_brand":[],"product_cat":[97],"product_tag":[],"class_list":{"0":"post-2966","1":"product","2":"type-product","3":"status-publish","4":"has-post-thumbnail","6":"product_cat-kuru-kedi-mamasi","8":"first","9":"instock","10":"shipping-taxable","11":"product-type-simple"},"_links":{"self":[{"href":"https:\/\/pronature.com.tr\/en\/wp-json\/wp\/v2\/product\/2966","targetHints":{"allow":["GET"]}}],"collection":[{"href":"https:\/\/pronature.com.tr\/en\/wp-json\/wp\/v2\/product"}],"about":[{"href":"https:\/\/pronature.com.tr\/en\/wp-json\/wp\/v2\/types\/product"}],"replies":[{"embeddable":true,"href":"https:\/\/pronature.com.tr\/en\/wp-json\/wp\/v2\/comments?post=2966"}],"wp:featuredmedia":[{"embeddable":true,"href":"https:\/\/pronature.com.tr\/en\/wp-json\/wp\/v2\/media\/2965"}],"wp:attachment":[{"href":"https:\/\/pronature.com.tr\/en\/wp-json\/wp\/v2\/media?parent=2966"}],"wp:term":[{"taxonomy":"product_brand","embeddable":true,"href":"https:\/\/pronature.com.tr\/en\/wp-json\/wp\/v2\/product_brand?post=2966"},{"taxonomy":"product_cat","embeddable":true,"href":"https:\/\/pronature.com.tr\/en\/wp-json\/wp\/v2\/product_cat?post=2966"},{"taxonomy":"product_tag","embeddable":true,"href":"https:\/\/pronature.com.tr\/en\/wp-json\/wp\/v2\/product_tag?post=2966"}],"curies":[{"name":"wp","href":"https:\/\/api.w.org\/{rel}","templated":true}]}}