{"id":2961,"date":"2026-03-25T10:50:07","date_gmt":"2026-03-25T10:50:07","guid":{"rendered":"https:\/\/pronature.com.tr\/urun\/pronature-tahilsiz-yetiskin-kuru-kedi-mamasi-perfect-maintenance-somonlu-ve-enginarli-10kg\/"},"modified":"2026-04-10T14:21:11","modified_gmt":"2026-04-10T14:21:11","slug":"pronature-tahilsiz-yetiskin-kuru-kedi-mamasi-perfect-maintenance-somonlu-ve-enginarli-10kg","status":"publish","type":"product","link":"https:\/\/pronature.com.tr\/en\/urun\/pronature-tahilsiz-yetiskin-kuru-kedi-mamasi-perfect-maintenance-somonlu-ve-enginarli-10kg\/","title":{"rendered":"Pronature Grain-Free Adult Dry Cat Food (Perfect Maintenance) \u2013 Salmon and Artichoke \u2013 10KG"},"content":{"rendered":"<p style=\"text-align: justify;\"><span style=\"font-size: 12pt;\"><strong>Pronature Tah\u0131ls\u0131z Yeti\u015fkin Kuru Kedi Mamas\u0131 (Perfect Maintenance)<\/strong>,\u00a0Yeti\u015fkin kedilerin ideal v\u00fccut a\u011f\u0131rl\u0131\u011f\u0131n\u0131 korumak, g\u00fcnl\u00fck enerji ihtiyac\u0131n\u0131 sa\u011flamak ve ihtiya\u00e7 duydu\u011fu besin madde gereksinimlerini kar\u015f\u0131lamak amac\u0131yla form\u00fcle edilmi\u015ftir.<\/span><\/p>\n<p>&nbsp;<\/p>\n<p style=\"text-align: justify;\"><span style=\"font-size: 12pt;\">Pronature Perfect Maintenance <strong>tah\u0131l i\u00e7ermemektedir<\/strong>. Bunun yerine enginar, patates gibi g\u0131da maddeleri kullan\u0131lm\u0131\u015ft\u0131r. Ayr\u0131ca kullan\u0131lan somon ve karides gibi kaliteli g\u0131da maddeleri sayesinde kedinizin hayat standard\u0131n\u0131 artt\u0131rmaya yard\u0131mc\u0131 olmaktad\u0131r.\u00a0<\/span><\/p>\n<p>&nbsp;<\/p>\n<p><span style=\"font-size: 12pt;\"><em>*\u00a0Kedinizin genel sa\u011fl\u0131\u011f\u0131n\u0131 koruma ve kaslar\u0131n\u0131 desteklemeye y\u00f6nelik <strong>kaliteli protein<\/strong> kaynaklar\u0131 ile form\u00fcle edilmi\u015ftir.<\/em><\/span><\/p>\n<p><span style=\"font-size: 12pt;\"><em>\u00a0<\/em><\/span><br \/>\n<em style=\"font-size: 12pt;\">*\u00a0Prebiyotik \u00f6zellik g\u00f6steren Frukto-oligasakkaritler (FOS) sayesinde <strong>ba\u011f\u0131rsak floras\u0131n\u0131n sa\u011fl\u0131\u011f\u0131n\u0131<\/strong> d\u00fczenlemektedir.\u00a0\u00a0<\/em><\/p>\n<p>&nbsp;<\/p>\n<p>&nbsp;<\/p>\n<p><em style=\"font-size: 12pt;\">* Serbest radikallere kar\u015f\u0131 <strong>antioksidan<\/strong> \u00f6zelli\u011fe sahip bitki ekstraktlar\u0131 i\u00e7eri\u011fi sayesinde <strong>ya\u015flanma kar\u015f\u0131t\u0131<\/strong> etkilere destek olur.\u00a0<\/em><\/p>\n<p>&nbsp;<\/p>\n<p>&nbsp;<\/p>\n<p><span style=\"font-size: 12pt;\"><em>* \u0130\u00e7erdi\u011fi bitkisel ekstraktlar sayesinde serbest radikallere kar\u015f\u0131 antioksidan \u00f6zellik g\u00f6stererek dokular\u0131 ve h\u00fccreleri korur.\u00a0<\/em><\/span><\/p>\n<p>&nbsp;<\/p>\n<p>&nbsp;<\/p>\n<p style=\"text-align: justify;\"><span style=\"font-size: 12pt;\"><em>*\u00a0\u0130\u00e7eri\u011finde bulunan somon proteini ve somon ya\u011f\u0131 sayesinde kedinizin <strong>omega-3<\/strong> ihtiyac\u0131 kar\u015f\u0131lanmaktad\u0131r. Omega-3 ya\u011f asitleri sayesinde <strong>deri ve t\u00fcy sa\u011fl\u0131\u011f\u0131 korunur<\/strong>, b\u00f6ylece <strong>ka\u015f\u0131nt\u0131<\/strong> ve <strong>t\u00fcy d\u00f6k\u00fclmesi<\/strong> gibi deri problemlerinin olu\u015fma riski azalmaktad\u0131r.\u00a0<\/em><\/span><\/p>\n<p><span style=\"font-size: 12pt;\"><strong><span style=\"color: #ff6600;\">\u0130\u00e7eri\u011fi:<\/span><\/strong><\/span><\/p>\n<p style=\"text-align: justify;\"><span style=\"font-size: 12pt;\">\u0130\u015flenmi\u015f Hayvansal Protein (% 10 Somon), Patates % 22, Bezelye, Bezelye Proteini, \u0130\u015flenmi\u015f Bal\u0131k Proteini, Tavuk Ya\u011f\u0131, Hidrolize Hayvansal Protein, \u0130\u015flenmi\u015f Karides Unu % 4, Kurutulmu\u015f Enginar (% 1), Somon Ya\u011f\u0131 % 1, Frukto-oligosakkaritler (FOS) % 0,5, Potasyum Klor\u00fcr, Sodyum Klor\u00fcr, Yucca Schidigera % 0,1, Prebiyotik Mannan Oligosakkaritler ve B-Glukan, Meyveler ve baharatlar\u0131n i\u015flenmesi ile elde edilmi\u015f \u00fcr\u00fcnler % 0,05 [(Karanfil (Clove), Zerde\u00e7al (Curcuma sp.), Turun\u00e7gil (Citrus sp.), Biberiye\u00a0 (Rosmarinus sp.), \u00dcz\u00fcm \u00c7ekirde\u011fi Ekstrakt\u0131 (Vitis sp.)], Taurin 1500mg\/kg<\/span><\/p>\n<p>&nbsp;<\/p>\n<p><span style=\"font-size: 12pt;\"><strong><span style=\"color: #ff6600;\">\u0130lave Katk\u0131lar:<\/span><\/strong><\/span><\/p>\n<p style=\"text-align: justify;\"><span style=\"font-size: 12pt;\">Besinsel Katk\u0131lar: Vitamin A (3a672a) 31,000 IU\/kg, Vitamin D3 (3a671) 1,850 IU\/kg, Vitamin E (3a700) 300 mg\/kg, Demir (II) S\u00fclfat Monohidrat 342 mg\/kg (Demir (3b103) 112 mg\/kg), Bak\u0131r S\u00fclfat Pentahidrat 44 mg\/kg (Bak\u0131r (3b405) 11,2 mg\/kg), Mangan S\u00fclfat Monohidrat 38,5 mg\/kg (Mangan (3b503) 12,5 mg\/kg), \u00c7inko S\u00fclfat Monohidrat 342 mg\/kg (\u00c7inko (3b605) 125 mg\/kg), Anhidre Kalsiyum \u0130yodat 3,4 mg\/kg (\u0130yot (3b203) 2,2 mg\/kg), Sodyum Selenit 0,68 mg\/kg (Selenyum (3b802) 0,31 mg\/kg).<\/span><\/p>\n<p><span style=\"font-size: 12pt;\">Teknolojik Katk\u0131lar: Antioksidanlar.<\/span><\/p>\n<p><span style=\"font-size: 12pt;\">\u00a0<\/span><\/p>\n<p><span style=\"font-size: 12pt;\"><strong><span style=\"color: #ff6600;\">Besleme \u00d6nerileri:<\/span><\/strong><\/span><\/p>\n<p style=\"text-align: justify;\"><span style=\"font-size: 12pt;\">Mamaya, tabloda belirtilen miktarlarda ba\u015flaman\u0131z \u00f6nerilir. G\u00fcnl\u00fck miktar yol g\u00f6stericidir ve hayvan\u0131n aktivitesine, fizyolojik durumuna ve \u00e7evre s\u0131cakl\u0131\u011f\u0131na ba\u011fl\u0131 olarak de\u011fi\u015febilir. Kedinizin \u00f6n\u00fcnde mama ile birlikte her zaman taze ve temiz su bulundurunuz. Mamay\u0131, serin ve kuru yerde saklay\u0131n\u0131z.<\/span><\/p>\n<p><span style=\"font-size: 12pt;\">\u00a0<\/span><\/p>\n<p><span style=\"font-size: 12pt; color: #ff6600;\"><strong>\u00d6nerilen G\u00fcnl\u00fck Mama Miktarlar\u0131:<\/strong><\/span><\/p>\n<table style=\"width: 820px;\">\n<tbody>\n<tr style=\"height: 35px;\">\n<td style=\"text-align: center; width: 809px; height: 35px;\" colspan=\"4\"><span style=\"font-size: 12pt;\"><strong>G\u00fcnl\u00fck Miktar (gram)<\/strong><\/span><\/td>\n<\/tr>\n<tr style=\"height: 9px;\">\n<td style=\"text-align: center; width: 138.917px; height: 9px;\"><span style=\"font-size: 12pt;\"><strong>Kedinin A\u011f\u0131rl\u0131\u011f\u0131 (kg)<\/strong><\/span><\/td>\n<td style=\"text-align: center; width: 199.083px; height: 9px;\"><span style=\"font-size: 12pt;\"><strong>Yeti\u015fkin<\/strong><\/span><\/td>\n<td style=\"text-align: center; width: 218px; height: 9px;\"><span style=\"font-size: 12pt;\"><strong>Gebe Di\u015fi Kedi<\/strong><\/span><\/td>\n<td style=\"text-align: center; width: 253px; height: 9px;\"><span style=\"font-size: 12pt;\"><strong>Emziren Di\u015fi Kedi<\/strong><\/span><\/td>\n<\/tr>\n<tr style=\"height: 41px;\">\n<td style=\"width: 138.917px; height: 9px; text-align: center;\"><span style=\"font-size: 12pt;\">2<\/span><\/td>\n<td style=\"width: 138.917px; height: 9px; text-align: center;\"><span style=\"font-size: 12pt;\">35<\/span><\/td>\n<td style=\"width: 138.917px; height: 9px; text-align: center;\"><span style=\"font-size: 12pt;\">45<\/span><\/td>\n<td style=\"width: 138.917px; height: 9px; text-align: center;\"><span style=\"font-size: 12pt;\">135<\/span><\/td>\n<\/tr>\n<tr style=\"height: 41px;\">\n<td style=\"width: 138.917px; height: 9px; text-align: center;\"><span style=\"font-size: 12pt;\">4<\/span><\/td>\n<td style=\"width: 138.917px; height: 9px; text-align: center;\"><span style=\"font-size: 12pt;\">70<\/span><\/td>\n<td style=\"width: 138.917px; height: 9px; text-align: center;\"><span style=\"font-size: 12pt;\">90<\/span><\/td>\n<td style=\"width: 138.917px; height: 9px; text-align: center;\"><span style=\"font-size: 12pt;\">275<\/span><\/td>\n<\/tr>\n<tr style=\"height: 23px;\">\n<td style=\"width: 138.917px; height: 9px; text-align: center;\"><span style=\"font-size: 12pt;\">6<\/span><\/td>\n<td style=\"width: 138.917px; height: 9px; text-align: center;\"><span style=\"font-size: 12pt;\">100<\/span><\/td>\n<td style=\"width: 138.917px; height: 9px; text-align: center;\"><span style=\"font-size: 12pt;\">135<\/span><\/td>\n<td style=\"width: 138.917px; height: 9px; text-align: center;\"><span style=\"font-size: 12pt;\">410<\/span><\/td>\n<\/tr>\n<tr style=\"height: 31px;\">\n<td style=\"width: 138.917px; height: 9px; text-align: center;\"><span style=\"font-size: 12pt;\">8<\/span><\/td>\n<td style=\"width: 138.917px; height: 9px; text-align: center;\"><span style=\"font-size: 12pt;\">135<\/span><\/td>\n<td style=\"width: 138.917px; height: 9px; text-align: center;\"><span style=\"font-size: 12pt;\">180<\/span><\/td>\n<td style=\"width: 138.917px; height: 9px; text-align: center;\"><span style=\"font-size: 12pt;\">545<\/span><\/td>\n<\/tr>\n<\/tbody>\n<\/table>\n<p>&nbsp;<\/p>\n<p>&nbsp;<\/p>\n<p><span style=\"font-size: 12pt; color: #ff6600;\"><strong>Besleyici \u0130laveler:\u00a0<\/strong><\/span><\/p>\n<table style=\"width: 819px;\">\n<tbody>\n<tr>\n<td style=\"width: 407.552px; text-align: center;\"><span style=\"font-size: 12pt;\">Vitamin A (3a672a)<\/span><\/td>\n<td style=\"width: 393.448px; text-align: center;\"><span style=\"font-size: 12pt;\">31,000 IU\/ kg<\/span><\/td>\n<\/tr>\n<tr>\n<td style=\"width: 407.552px; text-align: center;\"><span style=\"font-size: 12pt;\">Vitamin D3 (3a671)<\/span><\/td>\n<td style=\"width: 393.448px; text-align: center;\"><span style=\"font-size: 12pt;\">1,850 IU\/ kg<\/span><\/td>\n<\/tr>\n<tr>\n<td style=\"width: 407.552px; text-align: center;\"><span style=\"font-size: 12pt;\">Vitamin E (3a700)<\/span><\/td>\n<td style=\"width: 393.448px; text-align: center;\"><span style=\"font-size: 12pt;\">300 mg\/ kg<\/span><\/td>\n<\/tr>\n<\/tbody>\n<\/table>\n<p>&nbsp;<\/p>\n<p><span style=\"font-size: 12pt; color: #ff6600;\"><strong>Analitik Bile\u015fenler:\u00a0<\/strong><\/span><\/p>\n<table style=\"width: 818px;\">\n<tbody>\n<tr>\n<td style=\"width: 406.562px; text-align: center;\"><span style=\"font-size: 12pt;\">Protein<\/span><\/td>\n<td style=\"width: 393.438px; text-align: center;\"><span style=\"font-size: 12pt;\">%35<\/span><\/td>\n<\/tr>\n<tr>\n<td style=\"width: 406.562px; text-align: center;\"><span style=\"font-size: 12pt;\">Ya\u011f \u0130\u00e7eri\u011fi<\/span><\/td>\n<td style=\"width: 393.438px; text-align: center;\"><span style=\"font-size: 12pt;\">%18<\/span><\/td>\n<\/tr>\n<tr>\n<td style=\"width: 406.562px; text-align: center;\"><span style=\"font-size: 12pt;\">Ham Sel\u00fcloz<\/span><\/td>\n<td style=\"width: 393.438px; text-align: center;\"><span style=\"font-size: 12pt;\">%2,5<\/span><\/td>\n<\/tr>\n<tr>\n<td style=\"width: 406.562px; text-align: center;\"><span style=\"font-size: 12pt;\">Ham K\u00fcl<\/span><\/td>\n<td style=\"width: 393.438px; text-align: center;\"><span style=\"font-size: 12pt;\">\u00a0%7,2<\/span><\/td>\n<\/tr>\n<tr>\n<td style=\"width: 406.562px; text-align: center;\"><span style=\"font-size: 12pt;\">Kalsiyum<\/span><\/td>\n<td style=\"width: 393.438px; text-align: center;\"><span style=\"font-size: 12pt;\">%1,4<\/span><\/td>\n<\/tr>\n<tr>\n<td style=\"width: 406.562px; text-align: center;\"><span style=\"font-size: 12pt;\">Fosfor<\/span><\/td>\n<td style=\"width: 393.438px; text-align: center;\"><span style=\"font-size: 12pt;\">%0,4<\/span><\/td>\n<\/tr>\n<tr>\n<td style=\"width: 406.562px; text-align: center;\"><span style=\"font-size: 12pt;\">Magnezyum\u00a0\u00a0<\/span><\/td>\n<td style=\"width: 393.438px; text-align: center;\"><span style=\"font-size: 12pt;\">%0,08<\/span><\/td>\n<\/tr>\n<\/tbody>\n<\/table>\n<p>&nbsp;<\/p>\n","protected":false},"excerpt":{"rendered":"<p>Pronature Tah\u0131ls\u0131z Yeti\u015fkin Kuru Kedi Mamas\u0131 (Perfect Maintenance),\u00a0Yeti\u015fkin kedilerin ideal v\u00fccut a\u011f\u0131rl\u0131\u011f\u0131n\u0131 korumak, g\u00fcnl\u00fck enerji ihtiyac\u0131n\u0131 sa\u011flamak ve ihtiya\u00e7 duydu\u011fu<\/p>","protected":false},"featured_media":3226,"comment_status":"open","ping_status":"closed","template":"","meta":[],"product_brand":[],"product_cat":[97],"product_tag":[],"class_list":{"0":"post-2961","1":"product","2":"type-product","3":"status-publish","4":"has-post-thumbnail","6":"product_cat-kuru-kedi-mamasi","8":"first","9":"instock","10":"shipping-taxable","11":"product-type-simple"},"_links":{"self":[{"href":"https:\/\/pronature.com.tr\/en\/wp-json\/wp\/v2\/product\/2961","targetHints":{"allow":["GET"]}}],"collection":[{"href":"https:\/\/pronature.com.tr\/en\/wp-json\/wp\/v2\/product"}],"about":[{"href":"https:\/\/pronature.com.tr\/en\/wp-json\/wp\/v2\/types\/product"}],"replies":[{"embeddable":true,"href":"https:\/\/pronature.com.tr\/en\/wp-json\/wp\/v2\/comments?post=2961"}],"wp:featuredmedia":[{"embeddable":true,"href":"https:\/\/pronature.com.tr\/en\/wp-json\/wp\/v2\/media\/3226"}],"wp:attachment":[{"href":"https:\/\/pronature.com.tr\/en\/wp-json\/wp\/v2\/media?parent=2961"}],"wp:term":[{"taxonomy":"product_brand","embeddable":true,"href":"https:\/\/pronature.com.tr\/en\/wp-json\/wp\/v2\/product_brand?post=2961"},{"taxonomy":"product_cat","embeddable":true,"href":"https:\/\/pronature.com.tr\/en\/wp-json\/wp\/v2\/product_cat?post=2961"},{"taxonomy":"product_tag","embeddable":true,"href":"https:\/\/pronature.com.tr\/en\/wp-json\/wp\/v2\/product_tag?post=2961"}],"curies":[{"name":"wp","href":"https:\/\/api.w.org\/{rel}","templated":true}]}}