{"id":2953,"date":"2026-03-25T10:49:52","date_gmt":"2026-03-25T10:49:52","guid":{"rendered":"https:\/\/pronature.com.tr\/urun\/pronature-tahilsiz-kisirlastirilmis-yetiskin-kuru-kedi-mamasi-perfect-weight-kuzu-etli-ve-enginarli-15kg\/"},"modified":"2026-04-10T14:21:27","modified_gmt":"2026-04-10T14:21:27","slug":"pronature-tahilsiz-kisirlastirilmis-yetiskin-kuru-kedi-mamasi-perfect-weight-kuzu-etli-ve-enginarli-15kg","status":"publish","type":"product","link":"https:\/\/pronature.com.tr\/en\/urun\/pronature-tahilsiz-kisirlastirilmis-yetiskin-kuru-kedi-mamasi-perfect-weight-kuzu-etli-ve-enginarli-15kg\/","title":{"rendered":"Pronature Grain-Free Sterilized Adult Dry Cat Food (Perfect Weight) \u2013 Lamb and Artichoke \u2013 1.5KG"},"content":{"rendered":"<p><span style=\"font-size: 12pt;\">\u0130\u00e7eri\u011finde bulunan kaliteli g\u0131da maddeleri sayesinde 12 ay ve \u00fczeri <strong>kilo alma e\u011filimi olan<\/strong> ve k\u0131s\u0131rla\u015ft\u0131r\u0131lm\u0131\u015f yeti\u015fkin kedilerin ideal v\u00fccut a\u011f\u0131rl\u0131\u011f\u0131n\u0131n korunmas\u0131 amac\u0131yla \u00f6zel olarak form\u00fcle edilmi\u015ftir. Ayr\u0131ca sindirim sistemi sa\u011fl\u0131\u011f\u0131n\u0131 desteklemeye, besin maddelerinin emilimine yard\u0131mc\u0131 olmaya y\u00f6nelik dikkatle belirlenmi\u015f vitamin-mineral dengesine sahiptir.\u00a0<\/span><\/p>\n<p>&nbsp;<\/p>\n<p>&nbsp;<\/p>\n<p><span style=\"font-size: 12pt;\">Tah\u0131l i\u00e7ermeyen <strong>Pronature Perfect Weight K\u0131s\u0131rla\u015ft\u0131r\u0131lm\u0131\u015f Yeti\u015fkin Kuru Kedi mamas\u0131<\/strong> enginar, patates gibi besin kaynaklar\u0131n\u0131 i\u00e7ermektedir. Ayr\u0131ca kuzu eti gibi y\u00fcksek hayvansal protein i\u00e7eri\u011fi sayesinde kedinizin kas k\u00fctlesini korumaktad\u0131r. \u0130\u00e7eri\u011finde bulunan ya\u011f oran\u0131n\u0131n az olmas\u0131yla nedeniyle kilo y\u00f6netimini desteklemektedir.\u00a0<\/span><\/p>\n<p>&nbsp;<\/p>\n<p>&nbsp;<\/p>\n<p><em style=\"font-size: 12pt;\">*\u00a0Prebiyotik \u00f6zellik g\u00f6steren Frukto-oligasakkaritler (FOS) sayesinde <strong>ba\u011f\u0131rsak floras\u0131 sa\u011fl\u0131\u011f\u0131n\u0131<\/strong> d\u00fczenlemektedir.\u00a0\u00a0\u00a0<\/em><\/p>\n<p>&nbsp;<\/p>\n<p>&nbsp;<\/p>\n<p><span style=\"font-size: 12pt;\"><em>*\u00a0\u0130\u00e7erdi\u011fi bitkisel ekstraktlar sayesinde serbest radikallere kar\u015f\u0131 <strong>antioksidan<\/strong> \u00f6zellik g\u00f6stererek dokular\u0131 ve h\u00fccreleri korur. Ayr\u0131ca <strong>ya\u015flanma kar\u015f\u0131t\u0131<\/strong> etkilere destek olmaktad\u0131r.\u00a0<\/em><\/span><\/p>\n<p>&nbsp;<\/p>\n<p>&nbsp;<\/p>\n<p><em style=\"font-size: 12pt;\">*\u00a0\u0130\u00e7erdi\u011fi <strong>kaliteli ham maddeler<\/strong> ile besinlerin sindirim ve emilimini artt\u0131rmaya yard\u0131mc\u0131 olmaktad\u0131r.\u00a0<\/em><\/p>\n<p><span style=\"font-size: 12pt;\"><em>\u00a0<\/em><\/span><\/p>\n<p>&nbsp;<\/p>\n<p><span style=\"font-size: 12pt;\"><strong><span style=\"color: #ff6600;\">\u0130\u00e7eri\u011fi:<\/span><\/strong><\/span><\/p>\n<p><span style=\"font-size: 12pt;\">\u0130\u015flenmi\u015f Hayvansal Protein (% 4 Kuzu eti), Patates % 25, Bezelye, Bezelye Proteini, \u0130\u015flenmi\u015f Bal\u0131k Proteini, Tavuk Ya\u011f\u0131, Hidrolize Hayvansal Protein, Bitkisel lifler, Kurutulmu\u015f Enginar (% 1), Frukto-Oligosakkaritler (FOS) % 0,5, Potasyum Klor\u00fcr, Sodyum Klor\u00fcr, Yucca Schidigera % 0,1, Prebiyotik Mannan Oligosakkaritler ve B-Glukan, Meyveler ve baharatlar\u0131n i\u015flenmesi ile elde edilmi\u015f \u00fcr\u00fcnler % 0,05 [(Karanfil (Clove), Zerde\u00e7al (Curcuma sp.), Turun\u00e7gil (Citrus sp.), Biberiye\u00a0 (Rosmarinus sp.), \u00dcz\u00fcm \u00c7ekirde\u011fi Ekstrakt\u0131 (Vitis sp.)], Taurin 1500mg\/kg, Glukozamin 200 mg\/kg.<\/span><\/p>\n<p><span style=\"font-size: 12pt;\">\u00a0<\/span><\/p>\n<p><span style=\"font-size: 16px;\"><strong><span style=\"color: #ff6600;\">\u0130lave Katk\u0131lar:<\/span><\/strong><\/span><\/p>\n<p><span style=\"font-size: 12pt;\">Besinsel Katk\u0131lar: Vitamin A (3a672a) 31,000 IU\/kg, Vitamin D3 (3a671) 1,850 IU\/kg, Vitamin E (3a700) 300 mg\/kg, L-carnitine 200 mg\/kg, Demir (II) S\u00fclfat Monohidrat 342 mg\/kg (Demir (3b103) 112 mg\/kg), Bak\u0131r S\u00fclfat Pentahidrat 44 mg\/kg (Bak\u0131r (3b405) 11,2 mg\/kg), Mangan S\u00fclfat Monohidrat 38,5 mg\/kg (Mangan (3b503) 12,5 mg\/kg), \u00c7inko S\u00fclfat Monohidrat 342 mg\/kg (\u00c7inko (3b605) 125 mg\/kg), Anhidre Kalsiyum \u0130yodat 3,4 mg\/kg (\u0130yot (3b203) 2,2 mg\/kg), Sodyum Selenit 0,68 mg\/kg (Selenyum (3b802) 0,31 mg\/kg).<\/span><\/p>\n<p><span style=\"font-size: 12pt;\">Teknolojik Katk\u0131lar: Antioksidanlar.<\/span><\/p>\n<p><span style=\"font-size: 12pt;\"><strong>\u00a0<\/strong><\/span><\/p>\n<p><span style=\"font-size: 12pt;\"><strong><span style=\"color: #ff6600;\">Besleme \u00d6nerileri:<\/span><\/strong><\/span><\/p>\n<p><span style=\"font-size: 12pt;\">Mamaya, tabloda belirtilen miktarlarda ba\u015flaman\u0131z \u00f6nerilir. G\u00fcnl\u00fck miktar yol g\u00f6stericidir ve hayvan\u0131n aktivitesine, fizyolojik durumuna ve \u00e7evre s\u0131cakl\u0131\u011f\u0131na ba\u011fl\u0131 olarak de\u011fi\u015febilir. Kedinizin \u00f6n\u00fcnde mama ile birlikte her zaman taze ve temiz su bulundurunuz. Mamay\u0131, serin ve kuru yerde saklay\u0131n\u0131z.<\/span><\/p>\n<p><em><em>\u00a0<\/em><\/em><\/p>\n<p>&nbsp;<\/p>\n<p><span style=\"color: #ff6600; font-size: 12pt;\"><strong style=\"font-size: 12pt;\">\u00d6nerilen G\u00fcnl\u00fck Mama Miktarlar\u0131:<\/strong><\/span><\/p>\n<table style=\"width: 818px;\">\n<tbody>\n<tr>\n<td style=\"width: 408.594px; text-align: center;\"><span style=\"font-size: 12pt;\"><strong>Kedinin \u0130deal A\u011f\u0131rl\u0131\u011f\u0131\u00a0(kg)<\/strong><\/span><\/td>\n<td style=\"width: 391.406px; text-align: center;\"><span style=\"font-size: 12pt;\"><strong>G\u00fcnl\u00fck Miktar\u00a0(gram)<\/strong><\/span><\/td>\n<\/tr>\n<tr>\n<td style=\"width: 408.594px; text-align: center;\"><span style=\"font-size: 12pt;\">5<\/span><\/td>\n<td style=\"width: 391.406px; text-align: center;\"><span style=\"font-size: 12pt;\">65<\/span><\/td>\n<\/tr>\n<tr>\n<td style=\"width: 408.594px; text-align: center;\"><span style=\"font-size: 12pt;\">6<\/span><\/td>\n<td style=\"width: 391.406px; text-align: center;\"><span style=\"font-size: 12pt;\">75<\/span><\/td>\n<\/tr>\n<tr>\n<td style=\"width: 408.594px; text-align: center;\"><span style=\"font-size: 12pt;\">7<\/span><\/td>\n<td style=\"width: 391.406px; text-align: center;\"><span style=\"font-size: 12pt;\">85<\/span><\/td>\n<\/tr>\n<tr>\n<td style=\"width: 408.594px; text-align: center;\"><span style=\"font-size: 12pt;\">8<\/span><\/td>\n<td style=\"width: 391.406px; text-align: center;\"><span style=\"font-size: 12pt;\">100<\/span><\/td>\n<\/tr>\n<\/tbody>\n<\/table>\n<p>&nbsp;<\/p>\n<p>&nbsp;<\/p>\n<p><span style=\"font-size: 12pt;\"><strong><span style=\"color: #ff6600;\">Besleyici \u0130laveler:\u00a0<\/span><\/strong><\/span><\/p>\n<table style=\"width: 818px;\">\n<tbody>\n<tr>\n<td style=\"width: 406.906px; text-align: center;\"><span style=\"font-size: 12pt;\">Vitamin A (3a672a)<\/span><\/td>\n<td style=\"width: 392.094px; text-align: center;\"><span style=\"font-size: 12pt;\">31,000 IU\/ kg<\/span><\/td>\n<\/tr>\n<tr>\n<td style=\"width: 406.906px; text-align: center;\"><span style=\"font-size: 12pt;\">Vitamin D3 (3a671)<\/span><\/td>\n<td style=\"width: 392.094px; text-align: center;\"><span style=\"font-size: 12pt;\">1,850 IU\/ kg<\/span><\/td>\n<\/tr>\n<tr>\n<td style=\"width: 406.906px; text-align: center;\"><span style=\"font-size: 12pt;\">Vitamin E (3a700)<\/span><\/td>\n<td style=\"width: 392.094px; text-align: center;\"><span style=\"font-size: 12pt;\">300 mg\/ kg<\/span><\/td>\n<\/tr>\n<\/tbody>\n<\/table>\n<p>&nbsp;<\/p>\n<p><span style=\"font-size: 12pt; color: #ff6600;\"><strong>Analitik Bile\u015fenler:\u00a0<\/strong><\/span><\/p>\n<table style=\"width: 821px;\">\n<tbody>\n<tr>\n<td style=\"width: 405.604px; text-align: center;\"><span style=\"font-size: 12pt;\">Protein<\/span><\/td>\n<td style=\"width: 397.396px; text-align: center;\"><span style=\"font-size: 12pt;\">%37<\/span><\/td>\n<\/tr>\n<tr>\n<td style=\"width: 405.604px; text-align: center;\"><span style=\"font-size: 12pt;\">Ya\u011f \u0130\u00e7eri\u011fi<\/span><\/td>\n<td style=\"width: 397.396px; text-align: center;\"><span style=\"font-size: 12pt;\">%12<\/span><\/td>\n<\/tr>\n<tr>\n<td style=\"width: 405.604px; text-align: center;\"><span style=\"font-size: 12pt;\">Ham Sel\u00fcloz<\/span><\/td>\n<td style=\"width: 397.396px; text-align: center;\"><span style=\"font-size: 12pt;\">%4,0<\/span><\/td>\n<\/tr>\n<tr>\n<td style=\"width: 405.604px; text-align: center;\"><span style=\"font-size: 12pt;\">Ham K\u00fcl<\/span><\/td>\n<td style=\"width: 397.396px; text-align: center;\"><span style=\"font-size: 12pt;\">\u00a0%8,0<\/span><\/td>\n<\/tr>\n<tr>\n<td style=\"width: 405.604px; text-align: center;\"><span style=\"font-size: 12pt;\">Kalsiyum<\/span><\/td>\n<td style=\"width: 397.396px; text-align: center;\"><span style=\"font-size: 12pt;\">%2,0<\/span><\/td>\n<\/tr>\n<tr>\n<td style=\"width: 405.604px; text-align: center;\"><span style=\"font-size: 12pt;\">Fosfor<\/span><\/td>\n<td style=\"width: 397.396px; text-align: center;\"><span style=\"font-size: 12pt;\">%0,7<\/span><\/td>\n<\/tr>\n<tr>\n<td style=\"width: 405.604px; text-align: center;\"><span style=\"font-size: 12pt;\">Magnezyum\u00a0\u00a0<\/span><\/td>\n<td style=\"width: 397.396px; text-align: center;\"><span style=\"font-size: 12pt;\">%0,08<\/span><\/td>\n<\/tr>\n<\/tbody>\n<\/table>\n","protected":false},"excerpt":{"rendered":"<p>\u0130\u00e7eri\u011finde bulunan kaliteli g\u0131da maddeleri sayesinde 12 ay ve \u00fczeri kilo alma e\u011filimi olan ve k\u0131s\u0131rla\u015ft\u0131r\u0131lm\u0131\u015f yeti\u015fkin kedilerin ideal v\u00fccut<\/p>","protected":false},"featured_media":3223,"comment_status":"open","ping_status":"closed","template":"","meta":[],"product_brand":[],"product_cat":[97],"product_tag":[],"class_list":{"0":"post-2953","1":"product","2":"type-product","3":"status-publish","4":"has-post-thumbnail","6":"product_cat-kuru-kedi-mamasi","8":"first","9":"instock","10":"shipping-taxable","11":"product-type-simple"},"_links":{"self":[{"href":"https:\/\/pronature.com.tr\/en\/wp-json\/wp\/v2\/product\/2953","targetHints":{"allow":["GET"]}}],"collection":[{"href":"https:\/\/pronature.com.tr\/en\/wp-json\/wp\/v2\/product"}],"about":[{"href":"https:\/\/pronature.com.tr\/en\/wp-json\/wp\/v2\/types\/product"}],"replies":[{"embeddable":true,"href":"https:\/\/pronature.com.tr\/en\/wp-json\/wp\/v2\/comments?post=2953"}],"wp:featuredmedia":[{"embeddable":true,"href":"https:\/\/pronature.com.tr\/en\/wp-json\/wp\/v2\/media\/3223"}],"wp:attachment":[{"href":"https:\/\/pronature.com.tr\/en\/wp-json\/wp\/v2\/media?parent=2953"}],"wp:term":[{"taxonomy":"product_brand","embeddable":true,"href":"https:\/\/pronature.com.tr\/en\/wp-json\/wp\/v2\/product_brand?post=2953"},{"taxonomy":"product_cat","embeddable":true,"href":"https:\/\/pronature.com.tr\/en\/wp-json\/wp\/v2\/product_cat?post=2953"},{"taxonomy":"product_tag","embeddable":true,"href":"https:\/\/pronature.com.tr\/en\/wp-json\/wp\/v2\/product_tag?post=2953"}],"curies":[{"name":"wp","href":"https:\/\/api.w.org\/{rel}","templated":true}]}}