{"id":2948,"date":"2026-03-25T10:49:43","date_gmt":"2026-03-25T10:49:43","guid":{"rendered":"https:\/\/pronature.com.tr\/urun\/pronature-yetiskin-kuru-kedi-mamasi-daily-protect-tavuk-etli-ve-pirincli-15kg\/"},"modified":"2026-04-10T14:21:34","modified_gmt":"2026-04-10T14:21:34","slug":"pronature-yetiskin-kuru-kedi-mamasi-daily-protect-tavuk-etli-ve-pirincli-15kg","status":"publish","type":"product","link":"https:\/\/pronature.com.tr\/en\/urun\/pronature-yetiskin-kuru-kedi-mamasi-daily-protect-tavuk-etli-ve-pirincli-15kg\/","title":{"rendered":"Pronature Adult Dry Cat Food (Daily Protect) \u2013 Chicken and Rice \u2013 1.5KG"},"content":{"rendered":"<p><span style=\"font-size: 12pt;\"><strong>Pronature Yeti\u015fkin Kuru Kedi Mamas\u0131 (Daily Protect)<\/strong>,\u00a012 ay ve \u00fczeri kedilerin ideal v\u00fccut a\u011f\u0131rl\u0131\u011f\u0131n\u0131 koruma, <strong>g\u00fcnl\u00fck enerji<\/strong> ve besin maddesi gereksinimlerini kar\u015f\u0131lamaya y\u00f6nelik \u00f6zel olarak form\u00fcle edilmi\u015ftir.\u00a0<\/span><\/p>\n<p>&nbsp;<\/p>\n<p>&nbsp;<\/p>\n<p><span style=\"font-size: 12pt;\">Y\u00fcksek kaliteli protein ve sindirimi kolay besin maddeleri ile \u00fcretilmi\u015ftir. Bu nedenle yeti\u015fkin d\u00f6nemdeki kedilerin enerji gereksinimlerini yeterli d\u00fczeyde kar\u015f\u0131lamaya y\u00f6nelik tam ve dengeli bir mamad\u0131r.\u00a0<\/span><\/p>\n<p>&nbsp;<\/p>\n<p>&nbsp;<\/p>\n<p><span style=\"font-size: 12pt;\"><em>*   To maintain your cat's overall health and support its muscles <strong>quality protein<\/strong> kaynaklar\u0131 ile form\u00fcle edilmi\u015ftir<\/em><\/span><\/p>\n<p>&nbsp;<\/p>\n<p>&nbsp;<\/p>\n<p><em style=\"font-size: 12pt;\">* Thanks to fructo-oligosaccharides (FOS) exhibiting prebiotic properties <strong>gut health<\/strong> is organizing.\u00a0\u00a0<\/em><\/p>\n<p>&nbsp;<\/p>\n<p>&nbsp;<\/p>\n<p><em style=\"font-size: 12pt;\">*\u00a0\u0130\u00e7erdi\u011fi bitkisel ekstraktlar sayesinde serbest radikallere kar\u015f\u0131 <strong>antioxidant<\/strong> \u00f6zellik g\u00f6stererek dokular\u0131 ve h\u00fccreleri korur. Ayr\u0131ca <strong>anti-aging<\/strong> etkilere destek olmaktad\u0131r.<\/em><\/p>\n<p>&nbsp;<\/p>\n<p>&nbsp;<\/p>\n<p><em style=\"font-size: 12pt;\">* \u0130\u00e7erdi\u011fi <strong>kaliteli ham maddeler<\/strong> ile besinlerin <strong>sindirim<\/strong> ve emilimini artt\u0131rmaya yard\u0131mc\u0131 olmaktad\u0131r.\u00a0<\/em><\/p>\n<p>&nbsp;<\/p>\n<p><em style=\"font-size: 12pt;\">*\u00a0Bile\u015fiminde bulunan <strong>vitamin-mineral<\/strong> dengesi sayesinde <strong>b\u00f6brek ve idrar kesesinin sa\u011fl\u0131\u011f\u0131n\u0131<\/strong> korumaktad\u0131r.\u00a0<\/em><\/p>\n<p>&nbsp;<\/p>\n<p>&nbsp;<\/p>\n<p><em style=\"font-size: 12pt;\">*\u00a0Taurin aminoasidi sayesinde kalp sa\u011fl\u0131\u011f\u0131n\u0131 korumaktad\u0131r.\u00a0<\/em><\/p>\n<p>&nbsp;<\/p>\n<p>&nbsp;<\/p>\n<p><span style=\"color: #ff9900; font-size: 12pt;\"><span style=\"color: #ff6600;\"><strong>Content:<\/strong><\/span>\u00a0<\/span><\/p>\n<p><span style=\"font-size: 12pt;\">\u0130\u015flenmi\u015f Hayvansal Protein (%32 Tavuk), Bu\u011fday, Tavuk Ya\u011f\u0131, M\u0131s\u0131r Gluteni, \u0130\u015flenmi\u015f Bal\u0131k Proteini, Pirin\u00e7 % 5, Hidrolize Hayvansal Protein, Kurutulmu\u015f Maya, Bitkisel Lifler, Frukto-oligosakkaritler (FOS) % 0,5, Potasyum Klor\u00fcr, Sodyum Klor\u00fcr, Yucca Schidigera %0,1, meyveler ve baharatlar\u0131n i\u015flenmesi ile elde edilmi\u015f \u00fcr\u00fcnler %0,05 [Karanfil (Clove), Zerde\u00e7al (Curcuma sp.), Turun\u00e7gil (Citrus sp), Biberiye (Rosmarinus sp.), \u00dcz\u00fcm \u00c7ekirde\u011fi Ekstrakt\u0131 (Vitis sp.).\u00a0<\/span><\/p>\n<p>&nbsp;<\/p>\n<p>&nbsp;<\/p>\n<p>&nbsp;<\/p>\n<p><span style=\"font-size: 12pt;\"><strong><span style=\"color: #ff6600;\">Additional Contributions:<\/span><\/strong>\u00a0<\/span><\/p>\n<p><span style=\"font-size: 12pt;\">Besinsel Katk\u0131lar: Vitamin A (3a672a) 31,000 IU\/kg, Vitamin D3 (3a671) 1,850 IU\/ kg, Vitamin E (3a700) 300 mg\/ kg, Demir (II) S\u00fclfat Monohidrat 342 mg\/kg (Demir (3b103) 112 mg\/kg), Bak\u0131r S\u00fclfat Pentahidrat 44 mg\/kg (Bak\u0131r (3b405) 11,2 mg\/kg), Mangan S\u00fclfat Monohidrat 38,5 mg\/kg (Mangan (3b503) 12,5 mg\/kg), \u00c7inko S\u00fclfat Monohidrat 342 mg\/kg (\u00c7inko (3b605) 125 mg\/kg), Anhidre Kalsiyum \u0130yodat 3,4 mg\/kg (\u0130yot (3b203) 2,2 mg\/kg), Sodyum Selenit 0,68 mg\/kg (Selenyum (3b802) 0,31 mg\/kg)<\/span><\/p>\n<p><span style=\"font-size: 12pt;\">Teknolojik Katk\u0131lar: Antioksidand\u0131r.\u00a0<\/span><\/p>\n<p>&nbsp;<\/p>\n<p><span style=\"font-size: 12pt;\"><strong><span style=\"color: #ff6600;\">Feeding Recommendations:\u00a0<\/span><\/strong><\/span><\/p>\n<p><span style=\"font-size: 12pt;\">Mamaya, tabloda belirtilen miktarlarda ba\u015flaman\u0131z \u00f6nerilir. G\u00fcnl\u00fck miktar yol g\u00f6stericidir ve hayvan\u0131n aktivitesine, fizyolojik durumuna ve \u00e7evre s\u0131cakl\u0131\u011f\u0131na ba\u011fl\u0131 olarak de\u011fi\u015febilir. Kedinizin \u00f6n\u00fcnde mama ile birlikte her zaman taze ve temiz su bulundurunuz. Mamay\u0131 serin ve kuru bir yerde saklay\u0131n\u0131z.\u00a0<\/span><\/p>\n<p>&nbsp;<\/p>\n<p>&nbsp;<\/p>\n<p><span style=\"color: #ff6600; font-size: 12pt;\"><strong style=\"font-size: 12pt;\">Recommended Daily Food Portions:\u00a0<\/strong><\/span><\/p>\n<table style=\"width: 817px;\">\n<tbody>\n<tr style=\"height: 25px;\">\n<td style=\"height: 55.6667px; width: 154px; text-align: center;\" rowspan=\"2\"><span style=\"font-size: 12pt;\"><strong>Cat's Weight (kg)<\/strong><\/span><\/td>\n<td style=\"height: 25px; width: 642px; text-align: center;\" colspan=\"3\"><span style=\"font-size: 12pt;\"><strong>\u00a0 Daily Amount (grams)<\/strong><\/span><\/td>\n<\/tr>\n<tr style=\"height: 30.6667px;\">\n<td style=\"height: 30.6667px; width: 121.115px; text-align: center;\"><span style=\"font-size: 12pt;\"><strong>Adult<\/strong><\/span><\/td>\n<td style=\"height: 30.6667px; width: 182.885px; text-align: center;\"><span style=\"font-size: 12pt;\"><strong>Female cat\u00a0<\/strong><\/span><\/td>\n<td style=\"height: 30.6667px; width: 338px; text-align: center;\"><span style=\"font-size: 12pt;\"><strong>Nursing Mother Cat\u00a0<\/strong><\/span><\/td>\n<\/tr>\n<tr style=\"height: 13px;\">\n<td style=\"height: 13px; width: 154px; text-align: center;\"><span style=\"font-size: 12pt;\">2<\/span><\/td>\n<td style=\"height: 13px; width: 121.115px; text-align: center;\"><span style=\"font-size: 12pt;\">35<\/span><\/td>\n<td style=\"height: 13px; width: 182.885px; text-align: center;\"><span style=\"font-size: 12pt;\">45<\/span><\/td>\n<td style=\"height: 13px; width: 338px; text-align: center;\"><span style=\"font-size: 12pt;\">135<\/span><\/td>\n<\/tr>\n<tr style=\"height: 13px;\">\n<td style=\"height: 13px; width: 154px; text-align: center;\"><span style=\"font-size: 12pt;\">4<\/span><\/td>\n<td style=\"height: 13px; width: 121.115px; text-align: center;\"><span style=\"font-size: 12pt;\">70<\/span><\/td>\n<td style=\"height: 13px; width: 182.885px; text-align: center;\"><span style=\"font-size: 12pt;\">90<\/span><\/td>\n<td style=\"height: 13px; width: 338px; text-align: center;\"><span style=\"font-size: 12pt;\">275<\/span><\/td>\n<\/tr>\n<tr style=\"height: 13px;\">\n<td style=\"height: 13px; width: 154px; text-align: center;\"><span style=\"font-size: 12pt;\">6<\/span><\/td>\n<td style=\"height: 13px; width: 121.115px; text-align: center;\"><span style=\"font-size: 12pt;\">100<\/span><\/td>\n<td style=\"height: 13px; width: 182.885px; text-align: center;\"><span style=\"font-size: 12pt;\">135<\/span><\/td>\n<td style=\"height: 13px; width: 338px; text-align: center;\"><span style=\"font-size: 12pt;\">410<\/span><\/td>\n<\/tr>\n<tr style=\"height: 13px;\">\n<td style=\"height: 13px; width: 154px; text-align: center;\"><span style=\"font-size: 12pt;\">8<\/span><\/td>\n<td style=\"height: 13px; width: 121.115px; text-align: center;\"><span style=\"font-size: 12pt;\">135<\/span><\/td>\n<td style=\"height: 13px; width: 182.885px; text-align: center;\"><span style=\"font-size: 12pt;\">180<\/span><\/td>\n<td style=\"height: 13px; width: 338px; text-align: center;\"><span style=\"font-size: 12pt;\">545<\/span><\/td>\n<\/tr>\n<\/tbody>\n<\/table>\n<p>&nbsp;<\/p>\n<p><span style=\"font-size: 12pt;\"><strong><span style=\"color: #ff6600;\">Nutritional Supplements:<\/span><\/strong><\/span><\/p>\n<table style=\"width: 817px;\">\n<tbody>\n<tr style=\"height: 13px;\">\n<td style=\"width: 412.896px; height: 13px; text-align: center;\"><span style=\"font-size: 12pt;\">Vitamin A (3a672a)<\/span><\/td>\n<td style=\"width: 405.104px; height: 13px; text-align: center;\"><span style=\"font-size: 12pt;\">31,000 IU\/kg<\/span><\/td>\n<\/tr>\n<tr style=\"height: 13px;\">\n<td style=\"width: 412.896px; height: 13px; text-align: center;\"><span style=\"font-size: 12pt;\">Vitamin D3<\/span><\/td>\n<td style=\"width: 405.104px; height: 13px; text-align: center;\"><span style=\"font-size: 12pt;\">1,850 IU\/kg<\/span><\/td>\n<\/tr>\n<tr style=\"height: 13px;\">\n<td style=\"width: 412.896px; height: 13px; text-align: center;\"><span style=\"font-size: 12pt;\">Vitamin E (3a700)<\/span><\/td>\n<td style=\"width: 405.104px; height: 13px; text-align: center;\"><span style=\"font-size: 12pt;\">240 mg\/ kg<\/span><\/td>\n<\/tr>\n<\/tbody>\n<\/table>\n<p>&nbsp;<\/p>\n<p><span style=\"font-size: 12pt;\"><strong><span style=\"color: #ff6600;\">Analytical Components:<\/span><\/strong><\/span><\/p>\n<table style=\"width: 825px;\">\n<tbody>\n<tr style=\"height: 13px;\">\n<td style=\"width: 402.062px; height: 13px; text-align: center;\"><span style=\"font-size: 12pt;\">Protein<\/span><\/td>\n<td style=\"width: 403.938px; height: 13px; text-align: center;\"><span style=\"font-size: 12pt;\">%35<\/span><\/td>\n<\/tr>\n<tr style=\"height: 13px;\">\n<td style=\"width: 402.062px; height: 13px; text-align: center;\"><span style=\"font-size: 12pt;\">Fat Content<\/span><\/td>\n<td style=\"width: 403.938px; height: 13px; text-align: center;\"><span style=\"font-size: 12pt;\">%14<\/span><\/td>\n<\/tr>\n<tr style=\"height: 13px;\">\n<td style=\"width: 402.062px; height: 13px; text-align: center;\"><span style=\"font-size: 12pt;\">Ham Cellulose<\/span><\/td>\n<td style=\"width: 403.938px; height: 13px; text-align: center;\"><span style=\"font-size: 12pt;\">%2<\/span><\/td>\n<\/tr>\n<tr style=\"height: 13px;\">\n<td style=\"width: 402.062px; height: 13px; text-align: center;\"><span style=\"font-size: 12pt;\">Ham Ash<\/span><\/td>\n<td style=\"width: 403.938px; height: 13px; text-align: center;\"><span style=\"font-size: 12pt;\">%7.2<\/span><\/td>\n<\/tr>\n<tr style=\"height: 13px;\">\n<td style=\"width: 402.062px; height: 13px; text-align: center;\"><span style=\"font-size: 12pt;\">Calcium<\/span><\/td>\n<td style=\"width: 403.938px; height: 13px; text-align: center;\"><span style=\"font-size: 12pt;\">%1,3<\/span><\/td>\n<\/tr>\n<tr style=\"height: 13px;\">\n<td style=\"width: 402.062px; height: 13px; text-align: center;\"><span style=\"font-size: 12pt;\">Phosphorus<\/span><\/td>\n<td style=\"width: 403.938px; height: 13px; text-align: center;\"><span style=\"font-size: 12pt;\">%0,7<\/span><\/td>\n<\/tr>\n<tr style=\"height: 13px;\">\n<td style=\"width: 402.062px; height: 13px; text-align: center;\"><span style=\"font-size: 12pt;\">Magnesium<\/span><\/td>\n<td style=\"width: 403.938px; height: 13px; text-align: center;\"><span style=\"font-size: 12pt;\">%0,09<\/span><\/td>\n<\/tr>\n<\/tbody>\n<\/table>","protected":false},"excerpt":{"rendered":"<p>Pronature Yeti\u015fkin Kuru Kedi Mamas\u0131 (Daily Protect),\u00a012 ay ve \u00fczeri kedilerin ideal v\u00fccut a\u011f\u0131rl\u0131\u011f\u0131n\u0131 koruma, g\u00fcnl\u00fck enerji ve besin maddesi<\/p>","protected":false},"featured_media":3227,"comment_status":"open","ping_status":"closed","template":"","meta":[],"product_brand":[],"product_cat":[97],"product_tag":[],"class_list":{"0":"post-2948","1":"product","2":"type-product","3":"status-publish","4":"has-post-thumbnail","6":"product_cat-kuru-kedi-mamasi","8":"first","9":"instock","10":"shipping-taxable","11":"product-type-simple"},"_links":{"self":[{"href":"https:\/\/pronature.com.tr\/en\/wp-json\/wp\/v2\/product\/2948","targetHints":{"allow":["GET"]}}],"collection":[{"href":"https:\/\/pronature.com.tr\/en\/wp-json\/wp\/v2\/product"}],"about":[{"href":"https:\/\/pronature.com.tr\/en\/wp-json\/wp\/v2\/types\/product"}],"replies":[{"embeddable":true,"href":"https:\/\/pronature.com.tr\/en\/wp-json\/wp\/v2\/comments?post=2948"}],"wp:featuredmedia":[{"embeddable":true,"href":"https:\/\/pronature.com.tr\/en\/wp-json\/wp\/v2\/media\/3227"}],"wp:attachment":[{"href":"https:\/\/pronature.com.tr\/en\/wp-json\/wp\/v2\/media?parent=2948"}],"wp:term":[{"taxonomy":"product_brand","embeddable":true,"href":"https:\/\/pronature.com.tr\/en\/wp-json\/wp\/v2\/product_brand?post=2948"},{"taxonomy":"product_cat","embeddable":true,"href":"https:\/\/pronature.com.tr\/en\/wp-json\/wp\/v2\/product_cat?post=2948"},{"taxonomy":"product_tag","embeddable":true,"href":"https:\/\/pronature.com.tr\/en\/wp-json\/wp\/v2\/product_tag?post=2948"}],"curies":[{"name":"wp","href":"https:\/\/api.w.org\/{rel}","templated":true}]}}