{"id":2943,"date":"2026-03-25T10:49:36","date_gmt":"2026-03-25T10:49:36","guid":{"rendered":"https:\/\/pronature.com.tr\/urun\/pronature-yetiskin-kuru-kedi-mamasi-daily-protect-hamsili-ve-pirincli-10kg\/"},"modified":"2026-04-10T14:21:45","modified_gmt":"2026-04-10T14:21:45","slug":"pronature-yetiskin-kuru-kedi-mamasi-daily-protect-hamsili-ve-pirincli-10kg","status":"publish","type":"product","link":"https:\/\/pronature.com.tr\/en\/urun\/pronature-yetiskin-kuru-kedi-mamasi-daily-protect-hamsili-ve-pirincli-10kg\/","title":{"rendered":"Pronature Adult Dry Cat Food (Daily Protect) \u2013 Anchovy and Rice \u2013 10KG"},"content":{"rendered":"<div style=\"text-align: justify;\"><span style=\"font-size: 12pt;\"><\/p>\n<h4 class=\"col fl col-12 text-regular mt text-bold\" id=\"productName\">Pronature Yeti\u015fkin Kuru Kedi Mamas\u0131 (Daily Protect) &#8211; Hamsili ve Pirin\u00e7li &#8211; <span style=\"font-size: 10pt;\"><span style=\"font-size: 12pt;\">10 kilograms<\/span>\u00a0\u00a0<\/span><\/h4>\n<p><\/span><\/p>\n<h4><span style=\"font-size: 12pt;\">12 ay ve \u00fczeri kedilerin ideal\u00a0v\u00fccut a\u011f\u0131rl\u0131\u011f\u0131n\u0131 koruma,\u00a0g\u00fcnl\u00fck enerji\u00a0ve\u00a0besin maddesi gereksinimlerini kar\u015f\u0131lamaya y\u00f6nelik \u00f6zel olarak form\u00fcle edilmi\u015ftir.\u00a0<\/span><\/h4>\n<\/div>\n<div style=\"text-align: justify;\"><\/div>\n<div style=\"text-align: justify;\"><span style=\"font-size: 12pt;\">\u0130\u00e7eri\u011finde bulunan kaliteli\u00a0protein kayna\u011f\u0131, arjinin,\u00a0taurin gibi esansiyel aminoasitler,\u00a0vitamin- mineral,\u00a0omega-3 ya\u011f asitleri sayesinde yeti\u015fkin kedinizin\u00a0deri- t\u00fcy sa\u011fl\u0131\u011f\u0131n\u0131 korumaktad\u0131r. Ayr\u0131ca ba\u011f\u0131\u015f\u0131kl\u0131k sistemini g\u00fc\u00e7lendirmeye yard\u0131mc\u0131 olmaktad\u0131r. \u0130\u00e7erdi\u011fi taurin sayesinde kalp sa\u011fl\u0131\u011f\u0131n\u0131 da korumaktad\u0131r.<\/span><\/div>\n<p><\/p>\n<div style=\"text-align: justify;\"><span style=\"font-size: 12pt;\"><span style=\"font-size: 12pt;\"><span style=\"font-size: 12pt;\"><\/span><\/span><\/span><\/div>\n<div style=\"text-align: justify;\"><span style=\"font-size: 12pt;\"><span style=\"font-size: 12pt;\"><span style=\"font-size: 12pt;\"><span style=\"font-size: 12pt;\"><span style=\"font-size: 12pt;\"><span style=\"font-size: 12pt;\">Y\u00fcksek kaliteli protein ve sindirimi kolay besin maddeleri ile \u00fcretilmi\u015ftir. Bu nedenle yeti\u015fkin d\u00f6nemdeki kedilerin enerji gereksinimlerini yeterli d\u00fczeyde kar\u015f\u0131lamaya y\u00f6nelik tam ve dengeli bir mamad\u0131r.\u00a0<\/span><\/span><\/span><\/span><\/span><\/span><\/div>\n<p><\/p>\n<p><span style=\"font-size: 12pt;\"><span style=\"font-size: 12pt;\"><span style=\"font-size: 12pt;\"><span style=\"font-size: 12pt;\"><span style=\"font-size: 12pt;\"><span style=\"font-size: 12pt;\"><span style=\"font-size: 12pt;\"><span style=\"font-size: 12pt;\"><span style=\"font-size: 12pt;\"><\/span><\/span><\/span><\/span><\/span><\/span><\/span><\/span><\/span><\/p>\n<p><em style=\"font-size: 12pt;\">* Y\u00fcksek lezzet i\u00e7eri\u011finin yan\u0131 s\u0131ra kaliteli protein, yeterli d\u00fczeyde arjinin, taurin, vitamin- mineral, omega-3 ya\u011f asitleri (EPA- DHA) i\u00e7eri\u011fi sayesinde; kedinizin\u00a0<strong>deri-t\u00fcy sa\u011fl\u0131\u011f\u0131n\u0131 geli\u015ftirmeye, ba\u011f\u0131\u015f\u0131kl\u0131k sistemini g\u00fc\u00e7lendirmeye\u00a0<\/strong>ve genel sa\u011fl\u0131\u011f\u0131n\u0131 korumaya yard\u0131mc\u0131 olur.\u00a0<\/em><\/p>\n<p><\/p>\n<p><span style=\"font-size: 12pt;\"><em><\/em><\/span><\/p>\n<p><span style=\"font-size: 12pt;\"><em><\/em><\/span><\/p>\n<p><span style=\"font-size: 12pt;\"><em>It regulates the health of the gut flora thanks to Fructo-oligosaccharides (FOS), which exhibit prebiotic properties.\u00a0\u00a0\u00a0<\/em><\/span><\/p>\n<p><em style=\"font-size: 12pt;\">*\u00a0\u0130\u00e7erdi\u011fi bitkisel ekstraktlar sayesinde serbest radikallere kar\u015f\u0131 antioksidan \u00f6zellik g\u00f6stererek v\u00fccudun do\u011fal savunma sistemini desteklemekte, dokular\u0131 ve h\u00fccreleri korumaya katk\u0131 sa\u011flamaktad\u0131r.\u00a0\u00a0<\/em><\/p>\n<p><\/p>\n<p><em style=\"font-size: 12pt;\"><\/em><\/p>\n<p><span style=\"font-size: 12pt;\"><em>* Sa\u011fl\u0131kl\u0131 bir sindirimi destekler,\u00a0<strong>kilo kontrol\u00fc<\/strong>ne ve\u00a0<strong>lif<\/strong>i\u00e7eri\u011fi ile sindirim sisteminde t\u00fcy yumaklar\u0131n\u0131n olu\u015fmamas\u0131n\u0131 engellemeye yard\u0131mc\u0131 olur.<\/em><\/span><\/p>\n<p><\/p>\n<p><span style=\"font-size: 12pt;\"><em><\/em><\/span><\/p>\n<p><span style=\"font-size: 12pt;\"><em>*\u00a0Bile\u015fiminde bulunan vitamin-mineral dengesi sayesinde b\u00f6brek ve idrar kesesinin sa\u011fl\u0131\u011f\u0131n\u0131 korumaktad\u0131r.\u00a0<\/em><\/span><\/p>\n<\/p>\n<p><span style=\"font-size: 12pt;\">\u00a0<\/span><\/p>\n<p><span style=\"font-size: 12pt;\"><strong><span style=\"color: #ff6600;\">Content:<\/span>\u00a0<\/strong><\/span><\/p>\n<p style=\"text-align: justify;\"><span style=\"font-size: 12pt;\">\u0130\u015flenmi\u015f Hayvansal Protein (hamsi %10), M\u0131s\u0131r, Pirin\u00e7 (%15), Tavuk Ya\u011f\u0131, Hidrolize Hayvansal Protein, Hamsi Ya\u011f\u0131 (%2), Kurutulmu\u015f Maya, Bitkisel Lifler, Fruktooligosakkaritler (FOS) %0,5, Potasyum Klor\u00fcr, Sodyum Klor\u00fcr, Yucca Schidigera %0,1, meyveler ve baharatlar\u0131n i\u015flenmesi ile elde edilmi\u015f \u00fcr\u00fcnler %0,05 (karanfil (clove), zerde\u00e7al (curcuma sp.), turun\u00e7gil (citrus sp.), biberiye\u00a0 (rosmarinus sp.), \u00fcz\u00fcm \u00e7ekirde\u011fi (vitis sp.)<\/span><\/p>\n<p><span style=\"font-size: 12pt;\">\u00a0<\/span><\/p>\n<p><span style=\"font-size: 12pt;\"><strong><span style=\"color: #ff6600;\">Additional Contributions:<\/span><\/strong><\/span><\/p>\n<p><span style=\"font-size: 12pt;\">Nutritional Additives: Vitamin A (3a672a) 31,000 IU\/kg, Vitamin D3 (3a671) 1,850 IU\/kg, Vitamin E (3a700) 300 mg\/kg, L-carnitine 200 mg\/kg, Iron (II) Sulfate Monohydrate 342 mg\/kg (Iron (3b103) 112 mg\/kg), Copper Sulfate Pentahydrate 44 mg\/kg (Copper (3b405) 11.2 mg\/kg), Manganese Sulfate Monohydrate 38.5 mg\/kg (Manganese (3b503) 12.5 mg\/kg), Zinc Sulfate Monohydrate 342 mg\/kg (Zinc (3b605) 125 mg\/kg), Anhydrous Calcium Iodate 3.4 mg\/kg (Iodine (3b203) 2.2 mg\/kg), Sodium Selenite 0.68 mg\/kg (Selenium (3b802) 0.31 mg\/kg)<\/span><\/p>\n<p><span style=\"font-size: 12pt;\">Technological Contributions: Antioxidants.<\/span><\/p>\n<p><span style=\"font-size: 12pt;\">\u00a0<\/span><\/p>\n<p><span style=\"font-size: 12pt;\"><strong><span style=\"color: #ff6600;\">Feeding Recommendations:<\/span><\/strong><\/span><\/p>\n<p><span style=\"font-size: 12pt;\">Later, it is recommended to start with the amounts indicated in the table. The daily amount is a guideline and may vary depending on the animal's activity, physiological state, and ambient temperature. Always provide fresh, clean water with the food in front of your cat. Store the food in a cool, dry place.<\/span><\/p>\n<p><\/p>\n<\/p>\n<p><span style=\"font-size: 12pt; color: #ff6600;\"><strong>Recommended Daily Food Portions:\u00a0<\/strong><\/span><\/p>\n<table style=\"width: 818px;\">\n<tbody>\n<tr>\n<td style=\"text-align: center; width: 408.24px;\">\n<p><span style=\"font-size: 12pt;\"><strong>Ideal Cat Weight (kg)<\/strong><\/span><\/p>\n<\/td>\n<td style=\"text-align: center; width: 392.76px;\">\n<p><span style=\"font-size: 12pt;\"><strong>Daily Amount(grams)<\/strong><\/span><\/p>\n<\/td>\n<\/tr>\n<tr>\n<td style=\"text-align: center; width: 408.24px;\">\n<p><span style=\"font-size: 12pt;\">5<\/span><\/p>\n<\/td>\n<td style=\"text-align: center; width: 392.76px;\">\n<p><span style=\"font-size: 12pt;\">65<\/span><\/p>\n<\/td>\n<\/tr>\n<tr>\n<td style=\"text-align: center; width: 408.24px;\">\n<p><span style=\"font-size: 12pt;\">6<\/span><\/p>\n<\/td>\n<td style=\"text-align: center; width: 392.76px;\">\n<p><span style=\"font-size: 12pt;\">75<\/span><\/p>\n<\/td>\n<\/tr>\n<tr>\n<td style=\"text-align: center; width: 408.24px;\">\n<p><span style=\"font-size: 12pt;\">7<\/span><\/p>\n<\/td>\n<td style=\"text-align: center; width: 392.76px;\">\n<p><span style=\"font-size: 12pt;\">85<\/span><\/p>\n<\/td>\n<\/tr>\n<tr>\n<td style=\"text-align: center; width: 408.24px;\">\n<p><span style=\"font-size: 12pt;\">8<\/span><\/p>\n<\/td>\n<td style=\"text-align: center; width: 392.76px;\">\n<p><span style=\"font-size: 12pt;\">100<\/span><\/p>\n<\/td>\n<\/tr>\n<\/tbody>\n<\/table>\n<p><span style=\"font-size: 12pt;\">\u00a0<\/span><\/p>\n<p><span style=\"font-size: 12pt; color: #ff6600;\"><strong>\u00a0Nutritional Supplements:\u00a0<\/strong><\/span><\/p>\n<table style=\"width: 820px;\">\n<tbody>\n<tr style=\"height: 27.3333px;\">\n<td style=\"height: 27.3333px; width: 404.479px; text-align: center;\">\n<p><span style=\"font-size: 12pt;\">Vitamin A (3a672a)<\/span><\/p>\n<\/td>\n<td style=\"height: 27.3333px; width: 397.521px; text-align: center;\">\n<p><span style=\"font-size: 12pt;\">31,000 IU\/kg<\/span><\/p>\n<\/td>\n<\/tr>\n<tr style=\"height: 35px;\">\n<td style=\"height: 35px; width: 404.479px; text-align: center;\">\n<p><span style=\"font-size: 12pt;\">Vitamin D3<\/span><\/p>\n<\/td>\n<td style=\"height: 35px; width: 397.521px; text-align: center;\">\n<p><span style=\"font-size: 12pt;\">1,850 IU\/kg<\/span><\/p>\n<\/td>\n<\/tr>\n<tr style=\"height: 35px;\">\n<td style=\"height: 35px; width: 404.479px; text-align: center;\">\n<p><span style=\"font-size: 12pt;\">Vitamin E (3a700)<\/span><\/p>\n<\/td>\n<td style=\"height: 35px; width: 397.521px; text-align: center;\">\n<p><span style=\"font-size: 12pt;\">300 mg\/kg<\/span><\/p>\n<\/td>\n<\/tr>\n<\/tbody>\n<\/table>\n<p><span style=\"font-size: 12pt; color: #ff6600;\"><strong>Analytical Components:\u00a0<\/strong><\/span><\/p>\n<table style=\"width: 821px;\">\n<tbody>\n<tr>\n<td style=\"width: 408.49px; text-align: center;\">\n<p><span style=\"font-size: 12pt;\">Protein<\/span><\/p>\n<\/td>\n<td style=\"width: 394.51px; text-align: center;\">\n<p><span style=\"font-size: 12pt;\">%32<\/span><\/p>\n<\/td>\n<\/tr>\n<tr>\n<td style=\"width: 408.49px; text-align: center;\">\n<p><span style=\"font-size: 12pt;\">Fat Content<\/span><\/p>\n<\/td>\n<td style=\"width: 394.51px; text-align: center;\">\n<p><span style=\"font-size: 12pt;\">%15<\/span><\/p>\n<\/td>\n<\/tr>\n<tr>\n<td style=\"width: 408.49px; text-align: center;\">\n<p><span style=\"font-size: 12pt;\">Ham Cellulose<\/span><\/p>\n<\/td>\n<td style=\"width: 394.51px; text-align: center;\">\n<p><span style=\"font-size: 12pt;\">%2<\/span><\/p>\n<\/td>\n<\/tr>\n<tr>\n<td style=\"width: 408.49px; text-align: center;\">\n<p><span style=\"font-size: 12pt;\">Ham Ash<\/span><\/p>\n<\/td>\n<td style=\"width: 394.51px; text-align: center;\">\n<p><span style=\"font-size: 12pt;\">\u00a0%8<\/span><\/p>\n<\/td>\n<\/tr>\n<tr>\n<td style=\"width: 408.49px; text-align: center;\">\n<p><span style=\"font-size: 12pt;\">Calcium<\/span><\/p>\n<\/td>\n<td style=\"width: 394.51px; text-align: center;\">\n<p><span style=\"font-size: 12pt;\">%1,3<\/span><\/p>\n<\/td>\n<\/tr>\n<tr>\n<td style=\"width: 408.49px; text-align: center;\">\n<p><span style=\"font-size: 12pt;\">Phosphorus<\/span><\/p>\n<\/td>\n<td style=\"width: 394.51px; text-align: center;\">\n<p><span style=\"font-size: 12pt;\">%0,09<\/span><\/p>\n<\/td>\n<\/tr>\n<tr>\n<td style=\"width: 408.49px; text-align: center;\">\n<p><span style=\"font-size: 12pt;\">Magnesium\u00a0\u00a0<\/span><\/p>\n<\/td>\n<td style=\"width: 394.51px; text-align: center;\">\n<p><span style=\"font-size: 12pt;\">%0,09<\/span><\/p>\n<\/td>\n<\/tr>\n<\/tbody>\n<\/table>\n<p>\u00a0<\/p><\/p>","protected":false},"excerpt":{"rendered":"<p>Pronature Yeti\u015fkin Kuru Kedi Mamas\u0131 (Daily Protect) &#8211; Hamsili ve Pirin\u00e7li &#8211; 10KG\u00a0\u00a0 12 ay ve \u00fczeri kedilerin ideal\u00a0v\u00fccut a\u011f\u0131rl\u0131\u011f\u0131n\u0131<\/p>","protected":false},"featured_media":2942,"comment_status":"open","ping_status":"closed","template":"","meta":[],"product_brand":[],"product_cat":[97],"product_tag":[],"class_list":{"0":"post-2943","1":"product","2":"type-product","3":"status-publish","4":"has-post-thumbnail","6":"product_cat-kuru-kedi-mamasi","8":"first","9":"instock","10":"shipping-taxable","11":"product-type-simple"},"_links":{"self":[{"href":"https:\/\/pronature.com.tr\/en\/wp-json\/wp\/v2\/product\/2943","targetHints":{"allow":["GET"]}}],"collection":[{"href":"https:\/\/pronature.com.tr\/en\/wp-json\/wp\/v2\/product"}],"about":[{"href":"https:\/\/pronature.com.tr\/en\/wp-json\/wp\/v2\/types\/product"}],"replies":[{"embeddable":true,"href":"https:\/\/pronature.com.tr\/en\/wp-json\/wp\/v2\/comments?post=2943"}],"wp:featuredmedia":[{"embeddable":true,"href":"https:\/\/pronature.com.tr\/en\/wp-json\/wp\/v2\/media\/2942"}],"wp:attachment":[{"href":"https:\/\/pronature.com.tr\/en\/wp-json\/wp\/v2\/media?parent=2943"}],"wp:term":[{"taxonomy":"product_brand","embeddable":true,"href":"https:\/\/pronature.com.tr\/en\/wp-json\/wp\/v2\/product_brand?post=2943"},{"taxonomy":"product_cat","embeddable":true,"href":"https:\/\/pronature.com.tr\/en\/wp-json\/wp\/v2\/product_cat?post=2943"},{"taxonomy":"product_tag","embeddable":true,"href":"https:\/\/pronature.com.tr\/en\/wp-json\/wp\/v2\/product_tag?post=2943"}],"curies":[{"name":"wp","href":"https:\/\/api.w.org\/{rel}","templated":true}]}}