{"id":2927,"date":"2026-03-25T10:49:08","date_gmt":"2026-03-25T10:49:08","guid":{"rendered":"https:\/\/pronature.com.tr\/urun\/pronature-yavru-yas-kopek-mamasi-puppy-kuzu-etli-400gr\/"},"modified":"2026-04-10T14:22:19","modified_gmt":"2026-04-10T14:22:19","slug":"pronature-yavru-yas-kopek-mamasi-puppy-kuzu-etli-400gr","status":"publish","type":"product","link":"https:\/\/pronature.com.tr\/en\/urun\/pronature-yavru-yas-kopek-mamasi-puppy-kuzu-etli-400gr\/","title":{"rendered":"Pronature Puppy Wet Dog Food (Puppy) - Lamb - 400GR"},"content":{"rendered":"<p><span style=\"font-size: 12pt;\"><strong>Pronature\u00a0 Yavru Ya\u015f K\u00f6pek Mamas\u0131\u00a0<\/strong><\/span><\/p>\n<p><\/p>\n<p><span style=\"font-size: 12pt;\">Yavru K\u00f6pekler i\u00e7in Kuzu Etli P\u00fcre<\/span><\/p>\n<p><\/p>\n<p><span style=\"font-size: 12pt; color: #ff6600;\">Content:<\/span><\/p>\n<p><span style=\"font-size: 12pt;\">Hayvansal \u00dcr\u00fcnler ( kuzu min %4 ), pirin\u00e7 (min %4 ), bitkisel \u00fcr\u00fcnler, mineraller.\u00a0<\/span><\/p>\n<p><\/p>\n<p><span style=\"font-size: 12pt; color: #ff6600;\">Analytical Components:<\/span><\/p>\n<p><span style=\"font-size: 12pt;\">Protein %8, Ya\u011f \u0130\u00e7eri\u011fi %6, Ham K\u00fcl %2, Ham Sel\u00fcloz %0.4, Nem %80\u00a0<\/span><\/p>\n<p><\/p>\n<p><span style=\"font-size: 12pt; color: #ff6600;\">Nutritional Supplements:<\/span><\/p>\n<p><span style=\"font-size: 12pt;\">Vitamin A 1000 IU\/kg, Vitamin D3 100 IU\/kg, Vitamin E 13 mg\/kg, Fosfor %0.23, Kalsiyum %35, \u00c7in Tar\u00e7\u0131n\u0131 1275 mg\/kg.\u00a0<\/span><\/p>\n<p><\/p>\n<p><span style=\"font-size: 12pt; color: #ff6600;\">Nutrition Guide:<\/span><\/p>\n<p><span style=\"font-size: 12pt;\">The recommended daily amount is indicated in the nutrition table. Recommended amounts can vary by breed, age, and season. Please serve at room temperature. The expiry date and batch number are printed on the bottom of the product.\u00a0<\/span><\/p>\n<p><\/p>\n<p><span style=\"font-size: 12pt; color: #ff6600;\">Nutrition Facts<\/span><\/p>\n<p><\/p>\n<p><span style=\"font-size: 12pt;\"><strong>Recommended Daily Feeding Amounts<\/strong> <\/span><\/p>\n<table style=\"width: 825px;\">\n<tbody>\n<tr style=\"height: 41px;\">\n<td style=\"width: 414.646px; height: 41px; text-align: center;\">\n<p><span style=\"font-size: 12pt;\"><strong>K\u00f6pe\u011fin A\u011f\u0131rl\u0131\u011f\u0131 (kg)<\/strong><\/span><\/p>\n<\/td>\n<td style=\"width: 392.354px; height: 41px; text-align: center;\">\n<p><span style=\"font-size: 12pt;\"><strong>Daily Intake (g)<\/strong><\/span><\/p>\n<\/td>\n<\/tr>\n<tr style=\"height: 35px;\">\n<td style=\"width: 414.646px; height: 35px; text-align: center;\">\n<p><span style=\"font-size: 12pt;\">0-10<\/span><\/p>\n<\/td>\n<td style=\"width: 392.354px; height: 35px; text-align: center;\">\n<p><span style=\"font-size: 12pt;\">150 &#8211; 500<\/span><\/p>\n<\/td>\n<\/tr>\n<tr style=\"height: 35px;\">\n<td style=\"width: 414.646px; height: 35px; text-align: center;\">\n<p><span style=\"font-size: 12pt;\">10 &#8211; 20<\/span><\/p>\n<\/td>\n<td style=\"width: 392.354px; height: 35px; text-align: center;\">\n<p><span style=\"font-size: 12pt;\">500 &#8211; 1000<\/span><\/p>\n<\/td>\n<\/tr>\n<tr style=\"height: 35px;\">\n<td style=\"width: 414.646px; height: 35px; text-align: center;\">\n<p><span style=\"font-size: 12pt;\">20 &#8211; 30<\/span><\/p>\n<\/td>\n<td style=\"width: 392.354px; height: 35px; text-align: center;\">\n<p><span style=\"font-size: 12pt;\">1000 &#8211; 1400\u00a0<\/span><\/p>\n<\/td>\n<\/tr>\n<tr style=\"height: 35px;\">\n<td style=\"width: 414.646px; height: 35px; text-align: center;\"><span style=\"font-size: 12pt;\">30 &#8211; 40<\/span><\/td>\n<td style=\"width: 392.354px; height: 35px; text-align: center;\"><span style=\"font-size: 12pt;\">1400 &#8211; 2000<\/span><\/td>\n<\/tr>\n<\/tbody>\n<\/table>\n<p><span style=\"font-size: 12pt;\">\u00a0<\/span><\/p>\n<p><span style=\"font-size: 12pt;\">\u00a0<\/span><\/p>","protected":false},"excerpt":{"rendered":"<p>Pronature\u00a0 Yavru Ya\u015f K\u00f6pek Mamas\u0131\u00a0 Yavru K\u00f6pekler i\u00e7in Kuzu Etli P\u00fcre \u0130\u00e7erik: Hayvansal \u00dcr\u00fcnler ( kuzu min %4 ), pirin\u00e7<\/p>","protected":false},"featured_media":2926,"comment_status":"open","ping_status":"closed","template":"","meta":[],"product_brand":[],"product_cat":[99],"product_tag":[],"class_list":{"0":"post-2927","1":"product","2":"type-product","3":"status-publish","4":"has-post-thumbnail","6":"product_cat-yas-kopek-mamasi","8":"first","9":"instock","10":"shipping-taxable","11":"product-type-simple"},"_links":{"self":[{"href":"https:\/\/pronature.com.tr\/en\/wp-json\/wp\/v2\/product\/2927","targetHints":{"allow":["GET"]}}],"collection":[{"href":"https:\/\/pronature.com.tr\/en\/wp-json\/wp\/v2\/product"}],"about":[{"href":"https:\/\/pronature.com.tr\/en\/wp-json\/wp\/v2\/types\/product"}],"replies":[{"embeddable":true,"href":"https:\/\/pronature.com.tr\/en\/wp-json\/wp\/v2\/comments?post=2927"}],"wp:featuredmedia":[{"embeddable":true,"href":"https:\/\/pronature.com.tr\/en\/wp-json\/wp\/v2\/media\/2926"}],"wp:attachment":[{"href":"https:\/\/pronature.com.tr\/en\/wp-json\/wp\/v2\/media?parent=2927"}],"wp:term":[{"taxonomy":"product_brand","embeddable":true,"href":"https:\/\/pronature.com.tr\/en\/wp-json\/wp\/v2\/product_brand?post=2927"},{"taxonomy":"product_cat","embeddable":true,"href":"https:\/\/pronature.com.tr\/en\/wp-json\/wp\/v2\/product_cat?post=2927"},{"taxonomy":"product_tag","embeddable":true,"href":"https:\/\/pronature.com.tr\/en\/wp-json\/wp\/v2\/product_tag?post=2927"}],"curies":[{"name":"wp","href":"https:\/\/api.w.org\/{rel}","templated":true}]}}