{"id":2924,"date":"2026-03-25T10:49:03","date_gmt":"2026-03-25T10:49:03","guid":{"rendered":"https:\/\/pronature.com.tr\/urun\/pronature-yetiskin-yas-kopek-mamasi-adult-sigir-etli-400gr\/"},"modified":"2026-04-10T14:22:58","modified_gmt":"2026-04-10T14:22:58","slug":"pronature-yetiskin-yas-kopek-mamasi-adult-sigir-etli-400gr","status":"publish","type":"product","link":"https:\/\/pronature.com.tr\/en\/urun\/pronature-yetiskin-yas-kopek-mamasi-adult-sigir-etli-400gr\/","title":{"rendered":"Pronature Adult Dog Food - Beef - 400GR"},"content":{"rendered":"<p><strong><span style=\"font-size: 12pt;\">Pronature Yeti\u015fkin Ya\u015f K\u00f6pek Mamas\u0131\u00a0<\/span><\/strong><\/p>\n<p><\/p>\n<p><span style=\"font-size: 12pt;\">Yeti\u015fkin K\u00f6pekler i\u00e7in S\u0131\u011f\u0131r Etli P\u00fcre<\/span><\/p>\n<p><\/p>\n<p><span style=\"font-size: 12pt; color: #ff6600;\">Content:<\/span><\/p>\n<p><span style=\"font-size: 12pt;\">Hayvansal \u00dcr\u00fcnler ( s\u0131\u011f\u0131r min %4 ), pirin\u00e7 (min %4 ), bitkisel \u00fcr\u00fcnler, mineraller.\u00a0<\/span><\/p>\n<p><\/p>\n<p><span style=\"font-size: 12pt; color: #ff6600;\">Analytical Components:<\/span><\/p>\n<p><span style=\"font-size: 12pt;\">Protein %7.5, Ya\u011f \u0130\u00e7eri\u011fi %4, Ham K\u00fcl %2.5, Ham Sel\u00fcloz %0.4, Nem %82<\/span><\/p>\n<p><\/p>\n<p><span style=\"font-size: 12pt; color: #ff6600;\">Nutritional Supplements:<\/span><\/p>\n<p><span style=\"font-size: 12pt;\">Vitamin A 750 IU\/kg, Vitamin D3 75 IU\/kg, Vitamin E 10 mg\/kg, Taurin 250 mg\/kg, \u00c7in Tar\u00e7\u0131n\u0131 1275 mg\/kg.\u00a0<\/span><\/p>\n<p><\/p>\n<p><span style=\"font-size: 12pt; color: #ff6600;\">Nutrition Guide:<\/span><\/p>\n<p><span style=\"font-size: 12pt;\">The recommended daily amount is indicated in the nutrition table. Recommended amounts can vary by breed, age, and season. Please serve at room temperature. The expiry date and batch number are printed on the bottom of the product.\u00a0<\/span><\/p>\n<p><\/p>\n<p><span style=\"font-size: 12pt; color: #ff6600;\">Nutrition Facts<\/span><\/p>\n<p><\/p>\n<p><span style=\"font-size: 12pt;\"><strong>Recommended Daily Feeding Amounts<\/strong> <\/span><\/p>\n<table style=\"width: 822.823px;\">\n<tbody>\n<tr style=\"height: 41px;\">\n<td style=\"height: 41px; text-align: center; width: 404px;\">\n<p><span style=\"font-size: 12pt;\"><strong>K\u00f6pe\u011fin A\u011f\u0131rl\u0131\u011f\u0131 (kg)<\/strong><\/span><\/p>\n<\/td>\n<td style=\"height: 41px; text-align: center; width: 400.823px;\">\n<p><span style=\"font-size: 12pt;\"><strong>Daily Intake (g)<\/strong><\/span><\/p>\n<\/td>\n<\/tr>\n<tr style=\"height: 41px;\">\n<td style=\"height: 41px; text-align: center; width: 404px;\">\n<p><span style=\"font-size: 12pt;\">2,5<\/span><\/p>\n<\/td>\n<td style=\"height: 41px; text-align: center; width: 400.823px;\">\n<p><span style=\"font-size: 12pt;\">300<\/span><\/p>\n<\/td>\n<\/tr>\n<tr style=\"height: 35px;\">\n<td style=\"height: 35px; text-align: center; width: 404px;\">\n<p><span style=\"font-size: 12pt;\">5<\/span><\/p>\n<\/td>\n<td style=\"height: 35px; text-align: center; width: 400.823px;\"><span style=\"font-size: 12pt;\">400<\/span><\/td>\n<\/tr>\n<tr style=\"height: 41px;\">\n<td style=\"height: 41px; text-align: center; width: 404px;\">\n<p><span style=\"font-size: 12pt;\">10<\/span><\/p>\n<\/td>\n<td style=\"height: 41px; text-align: center; width: 400.823px;\">\n<p><span style=\"font-size: 12pt;\">\u00a0600<\/span><\/p>\n<\/td>\n<\/tr>\n<tr style=\"height: 35px;\">\n<td style=\"height: 35px; text-align: center; width: 404px;\">\n<p><span style=\"font-size: 12pt;\">20<\/span><\/p>\n<\/td>\n<td style=\"height: 35px; text-align: center; width: 400.823px;\">\n<p><span style=\"font-size: 12pt;\">1000<\/span><\/p>\n<\/td>\n<\/tr>\n<tr style=\"height: 31.3334px;\">\n<td style=\"height: 31.3334px; text-align: center; width: 404px;\"><span style=\"font-size: 12pt;\">30<\/span><\/td>\n<td style=\"height: 31.3334px; text-align: center; width: 400.823px;\"><span style=\"font-size: 12pt;\">1400<\/span><\/td>\n<\/tr>\n<\/tbody>\n<\/table>\n<p><span style=\"font-size: 12pt;\">\u00a0<\/span><\/p>\n<p><span style=\"font-size: 12pt;\">\u00a0<\/span><\/p>","protected":false},"excerpt":{"rendered":"<p>Pronature Yeti\u015fkin Ya\u015f K\u00f6pek Mamas\u0131\u00a0 Yeti\u015fkin K\u00f6pekler i\u00e7in S\u0131\u011f\u0131r Etli P\u00fcre \u0130\u00e7erik: Hayvansal \u00dcr\u00fcnler ( s\u0131\u011f\u0131r min %4 ), pirin\u00e7<\/p>","protected":false},"featured_media":2923,"comment_status":"open","ping_status":"closed","template":"","meta":[],"product_brand":[],"product_cat":[99],"product_tag":[],"class_list":{"0":"post-2924","1":"product","2":"type-product","3":"status-publish","4":"has-post-thumbnail","6":"product_cat-yas-kopek-mamasi","8":"first","9":"instock","10":"shipping-taxable","11":"product-type-simple"},"_links":{"self":[{"href":"https:\/\/pronature.com.tr\/en\/wp-json\/wp\/v2\/product\/2924","targetHints":{"allow":["GET"]}}],"collection":[{"href":"https:\/\/pronature.com.tr\/en\/wp-json\/wp\/v2\/product"}],"about":[{"href":"https:\/\/pronature.com.tr\/en\/wp-json\/wp\/v2\/types\/product"}],"replies":[{"embeddable":true,"href":"https:\/\/pronature.com.tr\/en\/wp-json\/wp\/v2\/comments?post=2924"}],"wp:featuredmedia":[{"embeddable":true,"href":"https:\/\/pronature.com.tr\/en\/wp-json\/wp\/v2\/media\/2923"}],"wp:attachment":[{"href":"https:\/\/pronature.com.tr\/en\/wp-json\/wp\/v2\/media?parent=2924"}],"wp:term":[{"taxonomy":"product_brand","embeddable":true,"href":"https:\/\/pronature.com.tr\/en\/wp-json\/wp\/v2\/product_brand?post=2924"},{"taxonomy":"product_cat","embeddable":true,"href":"https:\/\/pronature.com.tr\/en\/wp-json\/wp\/v2\/product_cat?post=2924"},{"taxonomy":"product_tag","embeddable":true,"href":"https:\/\/pronature.com.tr\/en\/wp-json\/wp\/v2\/product_tag?post=2924"}],"curies":[{"name":"wp","href":"https:\/\/api.w.org\/{rel}","templated":true}]}}