{"id":2918,"date":"2026-03-25T10:48:55","date_gmt":"2026-03-25T10:48:55","guid":{"rendered":"https:\/\/pronature.com.tr\/urun\/pronature-tahilsiz-yavru-yas-kedi-mamasi-kitten-ezme-tavuk-etli-400gr\/"},"modified":"2026-04-10T14:23:27","modified_gmt":"2026-04-10T14:23:27","slug":"pronature-tahilsiz-yavru-yas-kedi-mamasi-kitten-ezme-tavuk-etli-400gr","status":"publish","type":"product","link":"https:\/\/pronature.com.tr\/en\/urun\/pronature-tahilsiz-yavru-yas-kedi-mamasi-kitten-ezme-tavuk-etli-400gr\/","title":{"rendered":"Pronature Grain-Free Kitten Wet Cat Food (Kitten) - Crushed Chicken Meat - 400GR"},"content":{"rendered":"<p><span style=\"font-size: 12pt;\"><strong>Pronature Tah\u0131ls\u0131z Yavru Ya\u015f Kedi Mamas\u0131\u00a0<\/strong><\/span><\/p>\n<p><\/p>\n<p><span style=\"font-size: 12pt;\">Yavru Kediler i\u00e7in Tavuk Etli P\u00fcre<\/span><\/p>\n<p><\/p>\n<p><span style=\"font-size: 12pt; color: #ff6600;\">Content:<\/span><\/p>\n<p><span style=\"font-size: 12pt;\">Hayvansal \u00dcr\u00fcnler ( tavuk min %4 ), bitkisel \u00fcr\u00fcnler, mineraller.\u00a0<\/span><\/p>\n<p><\/p>\n<p><span style=\"font-size: 12pt; color: #ff6600;\">Analytical Components:<\/span><\/p>\n<p><span style=\"font-size: 12pt;\">Protein %8.5, Ya\u011f \u0130\u00e7eri\u011fi %6, Ham K\u00fcl %2, Ham Sel\u00fcloz %0.4, Nem %80\u00a0<\/span><\/p>\n<p><\/p>\n<p><span style=\"font-size: 12pt; color: #ff6600;\">Nutritional Supplements:<\/span><\/p>\n<p><span style=\"font-size: 12pt;\">Vitamin A 1000 IU\/kg, Vitamin D3 100 IU\/kg, Vitamin E 10 mg\/kg, Taurine 250 mg\/kg, Chinese Cinnamon 1275 mg\/kg.\u00a0<\/span><\/p>\n<p><\/p>\n<p><span style=\"font-size: 12pt; color: #ff6600;\">Nutrition Guide:<\/span><\/p>\n<p><span style=\"font-size: 12pt;\">The recommended daily amount is indicated in the nutrition table. Recommended amounts can vary by breed, age, and season. Please serve at room temperature. The expiry date and batch number are printed on the bottom of the product.\u00a0<\/span><\/p>\n<p><\/p>\n<p><span style=\"font-size: 12pt; color: #ff6600;\">Nutrition Facts<\/span><\/p>\n<p><\/p>\n<p><span style=\"font-size: 12pt;\"><strong>Recommended Daily Feeding Amounts<\/strong><\/span><\/p>\n<table style=\"width: 671px;\">\n<tbody>\n<tr style=\"height: 19.6667px;\">\n<td style=\"width: 329.938px; text-align: center; height: 19.6667px;\"><span style=\"font-size: 12pt;\"><strong>Kedinin Ya\u015f\u0131 (Ay)<\/strong><\/span><\/td>\n<td style=\"width: 323.062px; text-align: center; height: 19.6667px;\"><span style=\"font-size: 12pt;\"><strong>Daily Intake (g)<\/strong><\/span><\/td>\n<\/tr>\n<tr style=\"height: 19px;\">\n<td style=\"width: 329.938px; text-align: center; height: 19px;\"><span style=\"font-size: 12pt;\">1,5 &#8211; 3<\/span><\/td>\n<td style=\"width: 323.062px; text-align: center; height: 19px;\"><span style=\"font-size: 12pt;\">100 &#8211; 400<\/span><\/td>\n<\/tr>\n<tr style=\"height: 19px;\">\n<td style=\"width: 329.938px; text-align: center; height: 19px;\"><span style=\"font-size: 12pt;\">3 &#8211; 6<\/span><\/td>\n<td style=\"width: 323.062px; text-align: center; height: 19px;\"><span style=\"font-size: 12pt;\">200 &#8211; 450\u00a0<\/span><\/td>\n<\/tr>\n<tr style=\"height: 19px;\">\n<td style=\"width: 329.938px; text-align: center; height: 19px;\"><span style=\"font-size: 12pt;\">6 &#8211; 12<\/span><\/td>\n<td style=\"width: 323.062px; text-align: center; height: 19px;\"><span style=\"font-size: 12pt;\">450 &#8211; 500<\/span><\/td>\n<\/tr>\n<\/tbody>\n<\/table>","protected":false},"excerpt":{"rendered":"<p>Pronature Tah\u0131ls\u0131z Yavru Ya\u015f Kedi Mamas\u0131\u00a0 Yavru Kediler i\u00e7in Tavuk Etli P\u00fcre \u0130\u00e7erik: Hayvansal \u00dcr\u00fcnler ( tavuk min %4 ),<\/p>","protected":false},"featured_media":2917,"comment_status":"open","ping_status":"closed","template":"","meta":[],"product_brand":[],"product_cat":[98],"product_tag":[],"class_list":{"0":"post-2918","1":"product","2":"type-product","3":"status-publish","4":"has-post-thumbnail","6":"product_cat-yas-kedi-mamasi","8":"first","9":"instock","10":"shipping-taxable","11":"product-type-simple"},"_links":{"self":[{"href":"https:\/\/pronature.com.tr\/en\/wp-json\/wp\/v2\/product\/2918","targetHints":{"allow":["GET"]}}],"collection":[{"href":"https:\/\/pronature.com.tr\/en\/wp-json\/wp\/v2\/product"}],"about":[{"href":"https:\/\/pronature.com.tr\/en\/wp-json\/wp\/v2\/types\/product"}],"replies":[{"embeddable":true,"href":"https:\/\/pronature.com.tr\/en\/wp-json\/wp\/v2\/comments?post=2918"}],"wp:featuredmedia":[{"embeddable":true,"href":"https:\/\/pronature.com.tr\/en\/wp-json\/wp\/v2\/media\/2917"}],"wp:attachment":[{"href":"https:\/\/pronature.com.tr\/en\/wp-json\/wp\/v2\/media?parent=2918"}],"wp:term":[{"taxonomy":"product_brand","embeddable":true,"href":"https:\/\/pronature.com.tr\/en\/wp-json\/wp\/v2\/product_brand?post=2918"},{"taxonomy":"product_cat","embeddable":true,"href":"https:\/\/pronature.com.tr\/en\/wp-json\/wp\/v2\/product_cat?post=2918"},{"taxonomy":"product_tag","embeddable":true,"href":"https:\/\/pronature.com.tr\/en\/wp-json\/wp\/v2\/product_tag?post=2918"}],"curies":[{"name":"wp","href":"https:\/\/api.w.org\/{rel}","templated":true}]}}