{"id":2897,"date":"2026-03-25T10:48:19","date_gmt":"2026-03-25T10:48:19","guid":{"rendered":"https:\/\/pronature.com.tr\/urun\/pronature-yavru-kuru-kedi-mamasi-daily-growth-tavuk-etli-ve-pirincli-10kg\/"},"modified":"2026-04-10T14:25:54","modified_gmt":"2026-04-10T14:25:54","slug":"pronature-yavru-kuru-kedi-mamasi-daily-growth-tavuk-etli-ve-pirincli-10kg","status":"publish","type":"product","link":"https:\/\/pronature.com.tr\/en\/urun\/pronature-yavru-kuru-kedi-mamasi-daily-growth-tavuk-etli-ve-pirincli-10kg\/","title":{"rendered":"Pronature Kitten Dry Cat Food (Daily Growth) \u2013 Chicken and Rice \u2013 10KG"},"content":{"rendered":"<p><span style=\"font-size: 12pt;\">\u0130\u00e7eri\u011finde bulunan kaliteli besin maddeleri sayesinde 3 hafta &#8211; 12 ay aras\u0131 t\u00fcm yavru kedilerin sa\u011fl\u0131kl\u0131 bir \u015fekilde b\u00fcy\u00fcme ve geli\u015fmesini desteklemeye yard\u0131mc\u0131d\u0131r. <strong>Pronature Daily<\/strong> <strong>Growth Yavru Kedi Mamas\u0131<\/strong> yavru kedilerin artan enerji ihtiyac\u0131n\u0131 kar\u015f\u0131lamaya, kemik, kas ve beyin fonksiyonlar\u0131n\u0131n geli\u015fmesini desteklemeye y\u00f6nelik kaliteli protein kayna\u011f\u0131, vitamin ve mineralleri i\u00e7ermektedir.\u00a0<\/span><\/p>\n<p><\/p>\n<p><span style=\"font-size: 12pt;\"><\/span><\/p>\n<p><span style=\"font-size: 12pt;\"><\/span><\/p>\n<p><span style=\"font-size: 12pt;\">Yavru kedilerin, gebe ve emziren annelerin beslenmesi i\u00e7in ba\u011f\u0131\u015f\u0131kl\u0131\u011f\u0131 ve genel sa\u011fl\u0131\u011f\u0131 destekleyici antioksidanlar,\u00a0vitaminler ve\u00a0mineraller ile form\u00fcle edilmi\u015ftir.<\/span><\/p>\n<p><\/p>\n<p><em style=\"font-size: 12pt;\"><\/em><\/p>\n<p><em style=\"font-size: 12pt;\">*\u00a0Prebiyotik \u00f6zellik g\u00f6steren Frukto-oligasakkaritler (FOS) sayesinde ba\u011f\u0131rsak floras\u0131n\u0131n sa\u011fl\u0131\u011f\u0131n\u0131 d\u00fczenlemektedir.\u00a0\u00a0\u00a0<\/em><\/p>\n<p><\/p>\n<p><span style=\"font-size: 12pt;\"><em><\/em><\/span><\/p>\n<p><span style=\"font-size: 12pt;\"><em>*\u00a0\u0130\u00e7erdi\u011fi bitkisel ekstraktlar sayesinde serbest radikallere kar\u015f\u0131 antioksidan \u00f6zellik g\u00f6stererek dokular\u0131 ve h\u00fccreleri korur. Ayr\u0131ca ya\u015flanma kar\u015f\u0131t\u0131 etkilere destek olmaktad\u0131r.<\/em><\/span><\/p>\n<p><span style=\"font-size: 12pt;\"><em>*\u00a0Omega-3 ya\u011f asidi kayna\u011f\u0131 olarak somon ya\u011f\u0131 kullan\u0131lm\u0131\u015ft\u0131r. Ayr\u0131ca gebe ve emziren annelerin beslenmesinde DHA al\u0131m\u0131 yavrularda geli\u015fimi ve beyin fonksiyonlar\u0131n\u0131 desteklemekte, g\u00f6z sa\u011fl\u0131\u011f\u0131n\u0131 olumlu y\u00f6nde etkilemektedir.<\/em><\/span><\/p>\n<p><\/p>\n<p><span style=\"font-size: 16px;\"><\/span><\/p>\n<p><span style=\"font-size: 12pt; color: #ff6600;\"><strong>\u0130\u00e7eri\u011fi:<\/strong>\u00a0<\/span><\/p>\n<p><span style=\"font-size: 12pt;\">\u0130\u015flenmi\u015f Hayvansal Protein (%35 Tavuk), Bu\u011fday, Tavuk Ya\u011f\u0131, M\u0131s\u0131r Gluteni, \u0130\u015flenmi\u015f Bal\u0131k Proteini, Pirin\u00e7 % 7, Hidrolize Hayvansal Protein, Somon Ya\u011f\u0131 %1, Kurutulmu\u015f Maya, Frukto-oligosakkaritler (FOS) % 0,5, Bitkisel Lifler, Potasyum Klor\u00fcr, Sodyum Klor\u00fcr, Yucca Schidigera %0,1, meyveler ve baharatlar\u0131n i\u015flenmesi ile elde edilmi\u015f \u00fcr\u00fcnler %0,05 [Karanfil (Clove), Zerde\u00e7al (Curcuma sp.), Turun\u00e7gil (Citrus sp), Biberiye (Rosmarinus sp.), \u00dcz\u00fcm \u00c7ekirde\u011fi Ekstarkt\u0131 (Vitis sp.)].<\/span><\/p>\n<p><span style=\"font-size: 12pt;\">\u00a0<\/span><\/p>\n<p><span style=\"font-size: 12pt; color: #ff6600;\"><strong>\u0130lave Katk\u0131lar:<\/strong>\u00a0<\/span><\/p>\n<p><span style=\"font-size: 12pt;\">Besinsel Katk\u0131lar: Vitamin A (3a672a) 31,000 IU\/kg, Vitamin D3 (3a671) 1,850 IU\/ kg, Vitamin E (3a700) 300 mg\/ kg, Demir (II) S\u00fclfat Monohidrat 342 mg\/kg (Demir (3b103) 112 mg\/kg), Bak\u0131r S\u00fclfat Pentahidrat 44 mg\/kg (Bak\u0131r (3b405) 11,2 mg\/kg), Mangan S\u00fclfat Monohidrat 38,5 mg\/kg (Mangan (3b503) 12,5 mg\/kg), \u00c7inko S\u00fclfat Monohidrat 342 mg\/kg (\u00c7inko (3b605) 125 mg\/kg), Anhidre Kalsiyum \u0130yodat 3,4 mg\/kg (\u0130yot (3b203) 2,2 mg\/kg), Sodyum Selenit 0,68 mg\/kg (Selenyum (3b802) 0,31 mg\/kg)<\/span><\/p>\n<p><span style=\"font-size: 12pt;\">Teknolojik Katk\u0131lar: Antioksidand\u0131r.\u00a0<\/span><\/p>\n<p><span style=\"font-size: 12pt;\">\u00a0<\/span><\/p>\n<p><span style=\"font-size: 12pt; color: #ff6600;\"><strong>Besleme \u00d6nerileri:\u00a0<\/strong><\/span><\/p>\n<p><span style=\"font-size: 12pt;\">Mamaya, tabloda belirtilen miktarlarda ba\u015flaman\u0131z \u00f6nerilir. G\u00fcnl\u00fck miktar yol g\u00f6stericidir ve hayvan\u0131n aktivitesine, fizyolojik durumuna ve \u00e7evre s\u0131cakl\u0131\u011f\u0131na ba\u011fl\u0131 olarak de\u011fi\u015febilir. Kedinizin \u00f6n\u00fcnde mama ile birlikte her zaman taze ve temiz su bulundurunuz. Mamay\u0131 serin ve kuru bir yerde saklay\u0131n\u0131z.\u00a0<\/span><\/p>\n<p><span style=\"font-size: 12pt;\">\u00a0<\/span><\/p>\n<p><span style=\"font-size: 12pt; color: #ff6600;\"><strong>\u00d6nerilen G\u00fcnl\u00fck Mama Miktarlar\u0131:<\/strong><\/span><span style=\"font-size: 12pt;\"><strong><\/strong><\/span><\/p>\n<table style=\"width: 817px;\">\n<tbody>\n<tr style=\"height: 13px;\">\n<td style=\"width: 415.031px; height: 13px; text-align: center;\"><span style=\"font-size: 12pt;\"><strong>Yavru Ya\u015f\u0131 (Hafta)<\/strong><\/span><\/td>\n<td style=\"width: 402.969px; height: 13px; text-align: center;\"><span style=\"font-size: 12pt;\"><strong>G\u00fcnl\u00fck Miktar (gram)<\/strong><\/span><\/td>\n<\/tr>\n<tr style=\"height: 13px;\">\n<td style=\"width: 415.031px; height: 13px; text-align: center;\">\n<div><span style=\"font-size: 12pt;\">3 &#8211; 7\u00a0<\/span><\/div>\n<\/td>\n<td style=\"width: 402.969px; height: 13px; text-align: center;\">\n<div><span style=\"font-size: 12pt;\">10 &#8211; 20<\/span><\/div>\n<\/td>\n<\/tr>\n<tr style=\"height: 13px;\">\n<td style=\"width: 415.031px; height: 13px; text-align: center;\">\n<div><span style=\"font-size: 12pt;\">7 &#8211; 12<\/span><\/div>\n<\/td>\n<td style=\"width: 402.969px; height: 13px; text-align: center;\">\n<div><span style=\"font-size: 12pt;\">20 &#8211; 50<\/span><\/div>\n<\/td>\n<\/tr>\n<tr style=\"height: 13px;\">\n<td style=\"width: 415.031px; height: 13px; text-align: center;\">\n<div><span style=\"font-size: 12pt;\">12 &#8211; 26<\/span><\/div>\n<\/td>\n<td style=\"width: 402.969px; height: 13px; text-align: center;\">\n<div><span style=\"font-size: 12pt;\">50 &#8211; 75<\/span><\/div>\n<\/td>\n<\/tr>\n<tr style=\"height: 13px;\">\n<td style=\"width: 415.031px; height: 13px; text-align: center;\">\n<div><span style=\"font-size: 12pt;\">26 &#8211; 52<\/span><\/div>\n<\/td>\n<td style=\"width: 402.969px; height: 13px; text-align: center;\">\n<div><span style=\"font-size: 12pt;\">75 &#8211; 100<\/span><\/div>\n<\/td>\n<\/tr>\n<tr>\n<td style=\"width: 415.031px; text-align: center;\">\n<div><span style=\"font-size: 12pt;\">Emziren Di\u015fi Kedi\u00a0<\/span><\/div>\n<\/td>\n<td style=\"width: 402.969px; text-align: center;\">\n<div><span style=\"font-size: 12pt;\">Uygun<\/span><\/div>\n<\/td>\n<\/tr>\n<\/tbody>\n<\/table>\n<p><span style=\"font-size: 12pt;\"><em><\/em><\/span><\/p>\n<p><span style=\"font-size: 12pt;\"><\/span><\/p>\n<p><span style=\"font-size: 12pt;\"><\/span><\/p>\n<p><span style=\"font-size: 12pt;\">\u00a0<\/span><\/p>\n<p><span style=\"font-size: 12pt;\">\u00a0<\/span><\/p>\n<\/p>\n<p><span style=\"font-size: 12pt;\"><strong><span style=\"color: #ff6600;\">Besleyici \u0130laveler:\u00a0<\/span><\/strong><\/span><\/p>\n<table height=\"100\" style=\"width: 822px;\">\n<tbody>\n<tr>\n<td style=\"width: 409.26px; text-align: center;\"><span style=\"font-size: 12pt;\">Vitamin A (3a672a)<\/span><\/td>\n<td style=\"width: 395.74px; text-align: center;\"><span style=\"font-size: 12pt;\">31,000 IU\/ kg<\/span><\/td>\n<\/tr>\n<tr>\n<td style=\"width: 409.26px; text-align: center;\"><span style=\"font-size: 12pt;\">Vitamin D3 (3a671)<\/span><\/td>\n<td style=\"width: 395.74px; text-align: center;\"><span style=\"font-size: 12pt;\">1,850 IU\/ kg<\/span><\/td>\n<\/tr>\n<tr>\n<td style=\"width: 409.26px; text-align: center;\"><span style=\"font-size: 12pt;\">Vitamin E (3a700)<\/span><\/td>\n<td style=\"width: 395.74px; text-align: center;\"><span style=\"font-size: 12pt;\">300 mg\/ kg<\/span><\/td>\n<\/tr>\n<\/tbody>\n<\/table>\n<p><\/p>\n<\/p>\n<p><span style=\"font-size: 12pt; color: #ff6600;\"><strong>Analitik Bile\u015fenler:\u00a0<\/strong><\/span><\/p>\n<table style=\"width: 838px;\">\n<tbody>\n<tr style=\"height: 13.3334px;\">\n<td style=\"width: 407.729px; height: 13.3334px; text-align: center;\"><span style=\"font-size: 12pt;\">Protein<\/span><\/td>\n<td style=\"width: 412.271px; height: 13.3334px; text-align: center;\"><span style=\"font-size: 12pt;\">%38<\/span><\/td>\n<\/tr>\n<tr style=\"height: 13px;\">\n<td style=\"width: 407.729px; height: 13px; text-align: center;\"><span style=\"font-size: 12pt;\">Ya\u011f \u0130\u00e7eri\u011fi<\/span><\/td>\n<td style=\"width: 412.271px; height: 13px; text-align: center;\"><span style=\"font-size: 12pt;\">%18<\/span><\/td>\n<\/tr>\n<tr style=\"height: 13px;\">\n<td style=\"width: 407.729px; height: 13px; text-align: center;\"><span style=\"font-size: 12pt;\">Ham Sel\u00fcloz<\/span><\/td>\n<td style=\"width: 412.271px; height: 13px; text-align: center;\"><span style=\"font-size: 12pt;\">%1,5<\/span><\/td>\n<\/tr>\n<tr style=\"height: 13px;\">\n<td style=\"width: 407.729px; height: 13px; text-align: center;\"><span style=\"font-size: 12pt;\">Ham K\u00fcl<\/span><\/td>\n<td style=\"width: 412.271px; height: 13px; text-align: center;\"><span style=\"font-size: 12pt;\">%7,2<\/span><\/td>\n<\/tr>\n<tr style=\"height: 13px;\">\n<td style=\"width: 407.729px; height: 13px; text-align: center;\"><span style=\"font-size: 12pt;\">Kalsiyum<\/span><\/td>\n<td style=\"width: 412.271px; height: 13px; text-align: center;\"><span style=\"font-size: 12pt;\">%1,7<\/span><\/td>\n<\/tr>\n<tr style=\"height: 13px;\">\n<td style=\"width: 407.729px; height: 13px; text-align: center;\"><span style=\"font-size: 12pt;\">Fosfor<\/span><\/td>\n<td style=\"width: 412.271px; height: 13px; text-align: center;\"><span style=\"font-size: 12pt;\">%0,7<\/span><\/td>\n<\/tr>\n<\/tbody>\n<\/table>\n","protected":false},"excerpt":{"rendered":"<p>\u0130\u00e7eri\u011finde bulunan kaliteli besin maddeleri sayesinde 3 hafta &#8211; 12 ay aras\u0131 t\u00fcm yavru kedilerin sa\u011fl\u0131kl\u0131 bir \u015fekilde b\u00fcy\u00fcme ve<\/p>","protected":false},"featured_media":2896,"comment_status":"open","ping_status":"closed","template":"","meta":[],"product_brand":[],"product_cat":[97],"product_tag":[],"class_list":{"0":"post-2897","1":"product","2":"type-product","3":"status-publish","4":"has-post-thumbnail","6":"product_cat-kuru-kedi-mamasi","8":"first","9":"instock","10":"shipping-taxable","11":"product-type-simple"},"_links":{"self":[{"href":"https:\/\/pronature.com.tr\/en\/wp-json\/wp\/v2\/product\/2897","targetHints":{"allow":["GET"]}}],"collection":[{"href":"https:\/\/pronature.com.tr\/en\/wp-json\/wp\/v2\/product"}],"about":[{"href":"https:\/\/pronature.com.tr\/en\/wp-json\/wp\/v2\/types\/product"}],"replies":[{"embeddable":true,"href":"https:\/\/pronature.com.tr\/en\/wp-json\/wp\/v2\/comments?post=2897"}],"wp:featuredmedia":[{"embeddable":true,"href":"https:\/\/pronature.com.tr\/en\/wp-json\/wp\/v2\/media\/2896"}],"wp:attachment":[{"href":"https:\/\/pronature.com.tr\/en\/wp-json\/wp\/v2\/media?parent=2897"}],"wp:term":[{"taxonomy":"product_brand","embeddable":true,"href":"https:\/\/pronature.com.tr\/en\/wp-json\/wp\/v2\/product_brand?post=2897"},{"taxonomy":"product_cat","embeddable":true,"href":"https:\/\/pronature.com.tr\/en\/wp-json\/wp\/v2\/product_cat?post=2897"},{"taxonomy":"product_tag","embeddable":true,"href":"https:\/\/pronature.com.tr\/en\/wp-json\/wp\/v2\/product_tag?post=2897"}],"curies":[{"name":"wp","href":"https:\/\/api.w.org\/{rel}","templated":true}]}}