{"id":2889,"date":"2026-03-25T10:48:03","date_gmt":"2026-03-25T10:48:03","guid":{"rendered":"https:\/\/pronature.com.tr\/urun\/pronature-tahilsiz-kisirlastirilmis-yas-kedi-mamasi-neutered-ezme-somon-balikli-400gr\/"},"modified":"2026-04-10T14:26:08","modified_gmt":"2026-04-10T14:26:08","slug":"pronature-tahilsiz-kisirlastirilmis-yas-kedi-mamasi-neutered-ezme-somon-balikli-400gr","status":"publish","type":"product","link":"https:\/\/pronature.com.tr\/en\/urun\/pronature-tahilsiz-kisirlastirilmis-yas-kedi-mamasi-neutered-ezme-somon-balikli-400gr\/","title":{"rendered":"Pronature Grain-Free Sterilized Wet Cat Food (Neutered) \u2013 Salmon Pate \u2013 400GR"},"content":{"rendered":"<p><span style=\"font-size: 12pt;\"><strong>Pronature Tah\u0131ls\u0131z K\u0131s\u0131rla\u015ft\u0131r\u0131lm\u0131\u015f Ya\u015f Kedi Mamas\u0131\u00a0<\/strong><\/span><\/p>\n<p><\/p>\n<p><span style=\"font-size: 12pt;\">K\u0131s\u0131rla\u015ft\u0131r\u0131lm\u0131\u015f Kediler i\u00e7in Somon Etli P\u00fcre<\/span><\/p>\n<\/p>\n<p><\/p>\n<p><span style=\"font-size: 12pt; color: #ff6600;\">Content:<\/span><\/p>\n<p><span style=\"font-size: 12pt;\">Animal products (salmon min %4), vegetable products, minerals.\u00a0<\/span><\/p>\n<p><\/p>\n<p><span style=\"font-size: 12pt; color: #ff6600;\">Analytical Components:<\/span><\/p>\n<p><span style=\"font-size: 12pt;\">Protein %8, Ya\u011f \u0130\u00e7eri\u011fi %5, Ham K\u00fcl %2, Ham Sel\u00fcloz %0.2, Nem %82.<\/span><\/p>\n<p><\/p>\n<p><span style=\"font-size: 12pt; color: #ff6600;\">Nutritional Supplements:<\/span><\/p>\n<p><span style=\"font-size: 12pt;\">Vitamin A 1000 IU\/kg, Vitamin D3 100 IU\/kg, Vitamin E 10 mg\/kg, Taurin 250 mg\/kg, L-Karnitin 80 mg\/kg, DL-Methionine 300 mg\/kg, \u00c7in Tar\u00e7\u0131n\u0131 1275 mg\/kg.\u00a0<\/span><\/p>\n<p><\/p>\n<p><span style=\"font-size: 12pt; color: #ff6600;\">Nutrition Guide:<\/span><\/p>\n<p><span style=\"font-size: 12pt;\">The recommended daily amount is indicated in the nutrition table. Recommended amounts can vary by breed, age, and season. Please serve at room temperature. The expiry date and batch number are printed on the bottom of the product.\u00a0<\/span><\/p>\n<p><\/p>\n<p><span style=\"font-size: 12pt; color: #ff6600;\">Nutrition Facts<\/span><\/p>\n<p><\/p>\n<p><span style=\"font-size: 12pt;\"><strong>Recommended Daily Feeding Amounts<\/strong><\/span><\/p>\n<table style=\"width: 817px;\" height=\"226\">\n<tbody>\n<tr style=\"height: 41px;\">\n<td style=\"width: 381.448px; height: 41px; text-align: center;\">\n<p><span style=\"font-size: 12pt;\"><strong>Cat's Weight (kg)<\/strong><\/span><\/p>\n<\/td>\n<td style=\"width: 417.552px; height: 41px; text-align: center;\">\n<p><span style=\"font-size: 12pt;\"><strong>Daily Intake (g)<\/strong><\/span><\/p>\n<\/td>\n<\/tr>\n<tr style=\"height: 35.3333px;\">\n<td style=\"width: 381.448px; height: 35.3333px; text-align: center;\"><span style=\"font-size: 12pt;\">2<\/span><\/td>\n<td style=\"width: 417.552px; height: 35.3333px; text-align: center;\"><span style=\"font-size: 12pt;\">110 \u2013 150<\/span><\/td>\n<\/tr>\n<tr style=\"height: 35px;\">\n<td style=\"width: 381.448px; height: 35px; text-align: center;\">\n<p><span style=\"font-size: 12pt;\">3<\/span><\/p>\n<\/td>\n<td style=\"width: 417.552px; height: 35px; text-align: center;\">\n<p><span style=\"font-size: 12pt;\">165 \u2013 220<\/span><\/p>\n<\/td>\n<\/tr>\n<tr style=\"height: 35px;\">\n<td style=\"width: 381.448px; height: 35px; text-align: center;\">\n<p><span style=\"font-size: 12pt;\">4<\/span><\/p>\n<\/td>\n<td style=\"width: 417.552px; height: 35px; text-align: center;\">\n<p><span style=\"font-size: 12pt;\">220 \u2013 300<\/span><\/p>\n<\/td>\n<\/tr>\n<tr style=\"height: 35px;\">\n<td style=\"width: 381.448px; height: 35px; text-align: center;\">\n<p><span style=\"font-size: 12pt;\">5<\/span><\/p>\n<\/td>\n<td style=\"width: 417.552px; height: 35px; text-align: center;\">\n<p><span style=\"font-size: 12pt;\">275 \u2013 370\u00a0<\/span><\/p>\n<\/td>\n<\/tr>\n<tr style=\"height: 41px;\">\n<td style=\"width: 381.448px; height: 41px; text-align: center;\">\n<p><span style=\"font-size: 12pt;\">6<\/span><\/p>\n<\/td>\n<td style=\"width: 417.552px; height: 41px; text-align: center;\">\n<p><span style=\"font-size: 12pt;\">330 \u2013 415<\/span><\/p>\n<\/td>\n<\/tr>\n<\/tbody>\n<\/table>\n<p><span style=\"font-size: 12pt;\"><\/span><span style=\"font-size: 12pt;\">\u00a0<\/span><\/p>","protected":false},"excerpt":{"rendered":"<p>Pronature Tah\u0131ls\u0131z K\u0131s\u0131rla\u015ft\u0131r\u0131lm\u0131\u015f Ya\u015f Kedi Mamas\u0131\u00a0 K\u0131s\u0131rla\u015ft\u0131r\u0131lm\u0131\u015f Kediler i\u00e7in Somon Etli P\u00fcre \u0130\u00e7erik: Hayvansal \u00dcr\u00fcnler ( somon min %4 ),<\/p>","protected":false},"featured_media":2888,"comment_status":"open","ping_status":"closed","template":"","meta":[],"product_brand":[],"product_cat":[98],"product_tag":[],"class_list":{"0":"post-2889","1":"product","2":"type-product","3":"status-publish","4":"has-post-thumbnail","6":"product_cat-yas-kedi-mamasi","8":"first","9":"instock","10":"shipping-taxable","11":"product-type-simple"},"_links":{"self":[{"href":"https:\/\/pronature.com.tr\/en\/wp-json\/wp\/v2\/product\/2889","targetHints":{"allow":["GET"]}}],"collection":[{"href":"https:\/\/pronature.com.tr\/en\/wp-json\/wp\/v2\/product"}],"about":[{"href":"https:\/\/pronature.com.tr\/en\/wp-json\/wp\/v2\/types\/product"}],"replies":[{"embeddable":true,"href":"https:\/\/pronature.com.tr\/en\/wp-json\/wp\/v2\/comments?post=2889"}],"wp:featuredmedia":[{"embeddable":true,"href":"https:\/\/pronature.com.tr\/en\/wp-json\/wp\/v2\/media\/2888"}],"wp:attachment":[{"href":"https:\/\/pronature.com.tr\/en\/wp-json\/wp\/v2\/media?parent=2889"}],"wp:term":[{"taxonomy":"product_brand","embeddable":true,"href":"https:\/\/pronature.com.tr\/en\/wp-json\/wp\/v2\/product_brand?post=2889"},{"taxonomy":"product_cat","embeddable":true,"href":"https:\/\/pronature.com.tr\/en\/wp-json\/wp\/v2\/product_cat?post=2889"},{"taxonomy":"product_tag","embeddable":true,"href":"https:\/\/pronature.com.tr\/en\/wp-json\/wp\/v2\/product_tag?post=2889"}],"curies":[{"name":"wp","href":"https:\/\/api.w.org\/{rel}","templated":true}]}}