{"id":2869,"date":"2026-03-25T10:47:32","date_gmt":"2026-03-25T10:47:32","guid":{"rendered":"https:\/\/pronature.com.tr\/urun\/pronature-kisirlastirilmis-yetiskin-kuru-kedi-mamasi-weight-protect-hamsili-ve-pirincli-15kg\/"},"modified":"2026-04-10T14:26:37","modified_gmt":"2026-04-10T14:26:37","slug":"pronature-sterilized-adult-dry-cat-food-weight-protect-with-salmon-and-rice-15kg","status":"publish","type":"product","link":"https:\/\/pronature.com.tr\/en\/urun\/pronature-kisirlastirilmis-yetiskin-kuru-kedi-mamasi-weight-protect-hamsili-ve-pirincli-15kg\/","title":{"rendered":"Pronature Sterilized Adult Dry Cat Food (Weight Protect) \u2013 Anchovy and Rice \u2013 1.5KG"},"content":{"rendered":"<div style=\"text-align: justify;\"><span style=\"font-size: 12pt;\"><strong>Pronature K\u0131s\u0131rla\u015ft\u0131r\u0131lm\u0131\u015f Yeti\u015fkin Kuru Kedi Mamas\u0131 (Weight Protect)<\/strong>\u00a0\u0130\u00e7erdi\u011fi tam, dengeli ve kaliteli besin madde kaynaklar\u0131 sayesinde 12 ay ve \u00fczeri kilo alma e\u011filimi olan veya k\u0131s\u0131rla\u015ft\u0131r\u0131lm\u0131\u015f yeti\u015fkin kedilerin ihtiya\u00e7 duydu\u011fu besin maddesi gereksinimlerini kar\u015f\u0131lamakta ve ideal kilonun korunmas\u0131na yard\u0131mc\u0131 olmaktad\u0131r.\u00a0<\/span><\/div>\n<p>&nbsp;<\/p>\n<div style=\"text-align: justify;\"><\/div>\n<div style=\"text-align: justify;\"><span style=\"font-size: 12pt;\">K\u0131s\u0131rla\u015ft\u0131r\u0131lm\u0131\u015f kediler i\u00e7in \u00f6zel olarak form\u00fcle edilmi\u015ftir. \u0130\u00e7eri\u011finde bulunan ya\u011f miktar\u0131n\u0131n az olmas\u0131 nedeniyle k\u0131s\u0131rla\u015ft\u0131rmadan sonra kedilerin sa\u011fl\u0131kl\u0131 kilosunu korumaya y\u00f6nelik benzersiz bir kilo kontrol form\u00fcl\u00fc sunmaktad\u0131r.\u00a0<\/span><\/div>\n<div style=\"text-align: justify;\"><\/div>\n<p>&nbsp;<\/p>\n<div style=\"text-align: justify;\"><span style=\"font-size: 12pt;\">Kilo kontrol\u00fcn\u00fcn yan\u0131 s\u0131ra y\u00fcksek kalitede lezzet ve beslenme dengesine sahip tam ve dengeli bir mamad\u0131r.\u00a0<\/span><\/div>\n<p>&nbsp;<\/p>\n<div style=\"text-align: justify;\"><\/div>\n<div style=\"text-align: justify;\"><span style=\"font-size: 12pt;\">\u0130\u00e7eri\u011finde bulunan kaliteli protein kayna\u011f\u0131, arjinin, taurin gibi esansiyel aminoasitler, vitamin- mineral, omega-3 ya\u011f asitleri sayesinde kedinizin deri- t\u00fcy sa\u011fl\u0131\u011f\u0131n\u0131 korumakta ve ba\u011f\u0131\u015f\u0131kl\u0131k sistemini g\u00fc\u00e7lendirmeye yard\u0131mc\u0131 olmaktad\u0131r.<\/span><\/div>\n<p>&nbsp;<\/p>\n<p><em style=\"font-size: 12pt;\">*\u00a0Prebiyotik \u00f6zellik g\u00f6steren Frukto-oligasakkaritler (FOS) sayesinde ba\u011f\u0131rsak floras\u0131n\u0131n sa\u011fl\u0131\u011f\u0131n\u0131 d\u00fczenlemektedir.\u00a0 \u00a0<\/em><\/p>\n<p>&nbsp;<\/p>\n<p><em style=\"font-size: 12pt;\">*\u00a0\u0130\u00e7erdi\u011fi bitkisel ekstraktlar sayesinde serbest radikallere kar\u015f\u0131 antioksidan \u00f6zellik g\u00f6stererek dokular\u0131 ve h\u00fccreleri korur. Ayr\u0131ca ya\u015flanma kar\u015f\u0131t\u0131 etkilere destek olmaktad\u0131r.<\/em><\/p>\n<p>&nbsp;<\/p>\n<p>&nbsp;<\/p>\n<p><span style=\"font-size: 12pt;\"><em>*\u00a0Zengin lif i\u00e7eri\u011fi sayesinde sindirimi destekleyerek kilo kontrol\u00fcn\u00fc sa\u011flar. Ayr\u0131ca sindirim sisteminde t\u00fcy yumaklar\u0131n\u0131n olu\u015fmas\u0131n\u0131 engellemeye yard\u0131mc\u0131 olmaktad\u0131r.\u00a0<\/em><\/span><\/p>\n<p>&nbsp;<\/p>\n<p>&nbsp;<\/p>\n<p><span style=\"font-size: 12pt;\"><em>*\u00a0Kontroll\u00fc mineral seviyeleri sayesinde \u00fcriner sistemi sa\u011fl\u0131\u011f\u0131n\u0131 korumaya destek olur.\u00a0<\/em><\/span><\/p>\n<p><span style=\"font-size: 12pt;\">\u00a0<\/span><\/p>\n<p><span style=\"font-size: 12pt;\"><strong><span style=\"color: #ff6600;\">\u0130\u00e7eri\u011fi:<\/span>\u00a0<\/strong><\/span><\/p>\n<p><span style=\"font-size: 12pt;\">\u0130\u015flenmi\u015f Hayvansal Protein (% 10 Hamsi), M\u0131s\u0131r, Pirin\u00e7 (% 15), M\u0131s\u0131r Gluteni, Tavuk Ya\u011f\u0131, Hidrolize Hayvansal Protein, Bitkisel Lifler, \u015eeker Pancar\u0131, Kurutulmu\u015f Maya, N\u00fckleotid Maya Proteini, Potasyum Klor\u00fcr, Sodyum Klor\u00fcr, Frukto-oligosakkaritler (FOS) % 0,2, Yucca Schidigera % 0,1, meyveler ve baharatlar\u0131n i\u015flenmesi ile elde edilmi\u015f \u00fcr\u00fcnler % 0,05 [Karanfil (Clove), Zerde\u00e7al (Curcuma sp.), Turun\u00e7gil (Citrus sp.), Biberiye (Rosmarinus sp.), \u00dcz\u00fcm \u00c7ekirde\u011fi Ekstrakt\u0131 (Vitis sp.)], Glukosamin (200 mg\/kg)<\/span><\/p>\n<p><span style=\"font-size: 12pt;\">\u00a0<\/span><\/p>\n<p><span style=\"font-size: 12pt;\"><strong><span style=\"color: #ff6600;\">\u0130lave Katk\u0131lar:<\/span><\/strong><\/span><\/p>\n<p><span style=\"font-size: 12pt;\">Besinsel Katk\u0131lar: Vitamin A (3a672a) 31,000 IU\/kg, Vitamin D3 (3a671) 1,850 IU\/kg, Vitamin E (3a700) 300 mg\/kg, L-carnitine 200 mg\/kg, Demir (II) S\u00fclfat Monohidrat 342 mg\/kg (Demir(3b103) 112 mg\/kg), Bak\u0131r S\u00fclfat Pentahidrat 44 mg\/kg (Bak\u0131r (3b405) 11,2 mg\/kg), Mangan S\u00fclfat Monohidrat 38,5 mg\/kg (Mangan (3b503) 12,5 mg\/kg), \u00c7inko S\u00fclfat Monohidrat 342 mg\/kg (\u00c7inko (3b605) 125 mg\/kg), Anhidre Kalsiyum \u0130yodat 3,4 mg\/kg (\u0130yot (3b203) 2,2 mg\/kg), Sodyum Selenit 0,68 mg\/kg (Selenyum (3b802) 0,31 mg\/kg)<\/span><\/p>\n<p><span style=\"font-size: 12pt;\">Teknolojik Katk\u0131lar: Antioksidanlar.<\/span><\/p>\n<p><span style=\"font-size: 12pt;\">\u00a0<\/span><\/p>\n<p><span style=\"font-size: 12pt;\"><strong><span style=\"color: #ff6600;\">Besleme \u00d6nerileri:<\/span><\/strong><\/span><\/p>\n<p><span style=\"font-size: 12pt;\">Mamaya, tabloda belirtilen miktarlarda ba\u015flaman\u0131z \u00f6nerilir. G\u00fcnl\u00fck miktar yol g\u00f6stericidir ve hayvan\u0131n aktivitesine, fizyolojik durumuna ve \u00e7evre s\u0131cakl\u0131\u011f\u0131na ba\u011fl\u0131 olarak de\u011fi\u015febilir. Kedinizin \u00f6n\u00fcnde mama ile birlikte her zaman taze ve temiz su bulundurunuz. Mamay\u0131, serin ve kuru yerde saklay\u0131n\u0131z.<\/span><\/p>\n<p>&nbsp;<\/p>\n<p><span style=\"font-size: 12pt; color: #ff6600;\"><strong>\u00d6nerilen G\u00fcnl\u00fck Mama Miktarlar\u0131:\u00a0<\/strong><\/span><\/p>\n<table style=\"width: 818px;\">\n<tbody>\n<tr>\n<td style=\"text-align: center; width: 408.24px;\"><span style=\"font-size: 12pt;\"><strong>\u0130deal Kedi A\u011f\u0131rl\u0131\u011f\u0131(kg)<\/strong><\/span><\/td>\n<td style=\"text-align: center; width: 392.76px;\"><span style=\"font-size: 12pt;\"><strong>G\u00fcnl\u00fck Miktar(gram)<\/strong><\/span><\/td>\n<\/tr>\n<tr>\n<td style=\"text-align: center; width: 408.24px;\"><span style=\"font-size: 12pt;\">5<\/span><\/td>\n<td style=\"text-align: center; width: 392.76px;\"><span style=\"font-size: 12pt;\">65<\/span><\/td>\n<\/tr>\n<tr>\n<td style=\"text-align: center; width: 408.24px;\"><span style=\"font-size: 12pt;\">6<\/span><\/td>\n<td style=\"text-align: center; width: 392.76px;\"><span style=\"font-size: 12pt;\">75<\/span><\/td>\n<\/tr>\n<tr>\n<td style=\"text-align: center; width: 408.24px;\"><span style=\"font-size: 12pt;\">7<\/span><\/td>\n<td style=\"text-align: center; width: 392.76px;\"><span style=\"font-size: 12pt;\">85<\/span><\/td>\n<\/tr>\n<tr>\n<td style=\"text-align: center; width: 408.24px;\"><span style=\"font-size: 12pt;\">8<\/span><\/td>\n<td style=\"text-align: center; width: 392.76px;\"><span style=\"font-size: 12pt;\">100<\/span><\/td>\n<\/tr>\n<\/tbody>\n<\/table>\n<p><span style=\"font-size: 12pt;\">\u00a0<\/span><\/p>\n<p><span style=\"font-size: 12pt; color: #ff6600;\"><strong>\u00a0Besleyici \u0130laveler:\u00a0<\/strong><\/span><\/p>\n<table style=\"width: 820px;\">\n<tbody>\n<tr style=\"height: 27.3333px;\">\n<td style=\"height: 27.3333px; width: 404.479px; text-align: center;\"><span style=\"font-size: 12pt;\">Vitamin A (3a672a)<\/span><\/td>\n<td style=\"height: 27.3333px; width: 397.521px; text-align: center;\"><span style=\"font-size: 12pt;\">31,000 IU\/ kg<\/span><\/td>\n<\/tr>\n<tr style=\"height: 35px;\">\n<td style=\"height: 35px; width: 404.479px; text-align: center;\"><span style=\"font-size: 12pt;\">Vitamin D3 (3a671)<\/span><\/td>\n<td style=\"height: 35px; width: 397.521px; text-align: center;\"><span style=\"font-size: 12pt;\">1,850 IU\/ kg<\/span><\/td>\n<\/tr>\n<tr style=\"height: 35px;\">\n<td style=\"height: 35px; width: 404.479px; text-align: center;\"><span style=\"font-size: 12pt;\">Vitamin E (3a700)<\/span><\/td>\n<td style=\"height: 35px; width: 397.521px; text-align: center;\"><span style=\"font-size: 12pt;\">300 mg\/ kg<\/span><\/td>\n<\/tr>\n<\/tbody>\n<\/table>\n<p><span style=\"font-size: 12pt; color: #ff6600;\"><strong>Analitik Bile\u015fenler:\u00a0<\/strong><\/span><\/p>\n<table style=\"width: 821px;\">\n<tbody>\n<tr>\n<td style=\"width: 408.49px; text-align: center;\"><span style=\"font-size: 12pt;\">Protein<\/span><\/td>\n<td style=\"width: 394.51px; text-align: center;\"><span style=\"font-size: 12pt;\">%34<\/span><\/td>\n<\/tr>\n<tr>\n<td style=\"width: 408.49px; text-align: center;\"><span style=\"font-size: 12pt;\">Ya\u011f \u0130\u00e7eri\u011fi<\/span><\/td>\n<td style=\"width: 394.51px; text-align: center;\"><span style=\"font-size: 12pt;\">%12<\/span><\/td>\n<\/tr>\n<tr>\n<td style=\"width: 408.49px; text-align: center;\"><span style=\"font-size: 12pt;\">Ham Sel\u00fcloz<\/span><\/td>\n<td style=\"width: 394.51px; text-align: center;\"><span style=\"font-size: 12pt;\">%4,0<\/span><\/td>\n<\/tr>\n<tr>\n<td style=\"width: 408.49px; text-align: center;\"><span style=\"font-size: 12pt;\">Ham K\u00fcl<\/span><\/td>\n<td style=\"width: 394.51px; text-align: center;\"><span style=\"font-size: 12pt;\">\u00a0%8,0<\/span><\/td>\n<\/tr>\n<tr>\n<td style=\"width: 408.49px; text-align: center;\"><span style=\"font-size: 12pt;\">Kalsiyum<\/span><\/td>\n<td style=\"width: 394.51px; text-align: center;\"><span style=\"font-size: 12pt;\">%1,2<\/span><\/td>\n<\/tr>\n<tr>\n<td style=\"width: 408.49px; text-align: center;\"><span style=\"font-size: 12pt;\">Fosfor<\/span><\/td>\n<td style=\"width: 394.51px; text-align: center;\"><span style=\"font-size: 12pt;\">%0,7<\/span><\/td>\n<\/tr>\n<tr>\n<td style=\"width: 408.49px; text-align: center;\"><span style=\"font-size: 12pt;\">Magnezyum\u00a0\u00a0<\/span><\/td>\n<td style=\"width: 394.51px; text-align: center;\"><span style=\"font-size: 12pt;\">%0,09<\/span><\/td>\n<\/tr>\n<\/tbody>\n<\/table>\n","protected":false},"excerpt":{"rendered":"<p>Pronature K\u0131s\u0131rla\u015ft\u0131r\u0131lm\u0131\u015f Yeti\u015fkin Kuru Kedi Mamas\u0131 (Weight Protect)\u00a0\u0130\u00e7erdi\u011fi tam, dengeli ve kaliteli besin madde kaynaklar\u0131 sayesinde 12 ay ve \u00fczeri<\/p>","protected":false},"featured_media":3224,"comment_status":"open","ping_status":"closed","template":"","meta":[],"product_brand":[],"product_cat":[97],"product_tag":[],"class_list":{"0":"post-2869","1":"product","2":"type-product","3":"status-publish","4":"has-post-thumbnail","6":"product_cat-kuru-kedi-mamasi","8":"first","9":"instock","10":"shipping-taxable","11":"product-type-simple"},"_links":{"self":[{"href":"https:\/\/pronature.com.tr\/en\/wp-json\/wp\/v2\/product\/2869","targetHints":{"allow":["GET"]}}],"collection":[{"href":"https:\/\/pronature.com.tr\/en\/wp-json\/wp\/v2\/product"}],"about":[{"href":"https:\/\/pronature.com.tr\/en\/wp-json\/wp\/v2\/types\/product"}],"replies":[{"embeddable":true,"href":"https:\/\/pronature.com.tr\/en\/wp-json\/wp\/v2\/comments?post=2869"}],"wp:featuredmedia":[{"embeddable":true,"href":"https:\/\/pronature.com.tr\/en\/wp-json\/wp\/v2\/media\/3224"}],"wp:attachment":[{"href":"https:\/\/pronature.com.tr\/en\/wp-json\/wp\/v2\/media?parent=2869"}],"wp:term":[{"taxonomy":"product_brand","embeddable":true,"href":"https:\/\/pronature.com.tr\/en\/wp-json\/wp\/v2\/product_brand?post=2869"},{"taxonomy":"product_cat","embeddable":true,"href":"https:\/\/pronature.com.tr\/en\/wp-json\/wp\/v2\/product_cat?post=2869"},{"taxonomy":"product_tag","embeddable":true,"href":"https:\/\/pronature.com.tr\/en\/wp-json\/wp\/v2\/product_tag?post=2869"}],"curies":[{"name":"wp","href":"https:\/\/api.w.org\/{rel}","templated":true}]}}