{"id":2864,"date":"2026-03-25T10:47:24","date_gmt":"2026-03-25T10:47:24","guid":{"rendered":"https:\/\/pronature.com.tr\/urun\/pronature-orta-ve-buyuk-irk-yetiskin-kuru-kopek-mamasi-daily-protect-kuzu-etli-ve-pirincli-12kg\/"},"modified":"2026-04-10T14:26:45","modified_gmt":"2026-04-10T14:26:45","slug":"pronature-orta-ve-buyuk-irk-yetiskin-kuru-kopek-mamasi-daily-protect-kuzu-etli-ve-pirincli-12kg","status":"publish","type":"product","link":"https:\/\/pronature.com.tr\/en\/urun\/pronature-orta-ve-buyuk-irk-yetiskin-kuru-kopek-mamasi-daily-protect-kuzu-etli-ve-pirincli-12kg\/","title":{"rendered":"Pronature Medium and Large Breed Adult Dry Dog Food (Daily Protect) \u2013 Lamb and Rice \u2013 12KG"},"content":{"rendered":"<p><span style=\"font-size: 12pt;\"><strong>Pronature Orta ve B\u00fcy\u00fck Irk Yeti\u015fkin Kuru K\u00f6pek Mamas\u0131,\u00a0<\/strong>yeti\u015fkin k\u00f6pe\u011finizin kemik ve eklem sa\u011fl\u0131\u011f\u0131n\u0131 destekleyerek sa\u011fl\u0131kl\u0131 bir ya\u015fam s\u00fcrmelerine destek olmak ve besin madde ihtiya\u00e7lar\u0131n\u0131 kar\u015f\u0131lamak amac\u0131yla \u00f6zel olarak form\u00fcle edilmi\u015ftir.\u00a0<\/span><\/p>\n<p><span style=\"font-size: 12pt;\"><em>* Bile\u015fiminde bulunan <strong>yaban mersini<\/strong>nin fenolitik bile\u015fenlerce zengin olmas\u0131 nedeniyle hem fiziksel hem de zihinsel sa\u011fl\u0131k korunmaktad\u0131r.\u00a0<\/em><\/span><br \/><span style=\"font-size: 12pt;\"><em><strong><\/strong><\/em><\/span><\/p>\n<p><\/p>\n<p><span style=\"font-size: 12pt;\"><em><\/em><\/span><\/p>\n<p><span style=\"font-size: 12pt;\"><em>* \u0130\u00e7eri\u011finde bulunan do\u011fal glukozamin ve kondroitin kaynaklar\u0131 sayesinde yeti\u015fkin k\u00f6peklerin <strong>k\u0131k\u0131rdak ve eklem sa\u011fl\u0131\u011f\u0131n\u0131<\/strong> korumaktad\u0131r.\u00a0\u00a0\u00a0<\/em><\/span><br \/><em style=\"font-size: 12pt;\"><\/em><\/p>\n<p><\/p>\n<p><span style=\"font-size: 12pt;\"><em><\/em><\/span><\/p>\n<p><em style=\"font-size: 12pt;\">*\u00a0\u0130\u00e7erdi\u011fi bitkisel ekstraktlar sayesinde <strong>serbest radikallere kar\u015f\u0131 antioksidan \u00f6zellik<\/strong> g\u00f6stererek dokular\u0131 ve h\u00fccreleri zararl\u0131 etkilerden korur. Ayr\u0131ca <strong>ya\u015flanma kar\u015f\u0131t\u0131<\/strong> etkilere destek olmaktad\u0131r.\u00a0\u00a0\u00a0<\/em><\/p>\n<p><\/p>\n<p><span style=\"font-size: 12pt;\"><em><strong><\/strong><\/em><\/span><\/p>\n<p><span style=\"font-size: 12pt;\"><em>* Sahip oldu\u011fu <strong>kaliteli ham madde<\/strong> kaynaklar\u0131 ile besinlerin sindirim ve emilimini artt\u0131rmaya yard\u0131mc\u0131 olmaktad\u0131r.\u00a0<\/em><\/span><\/p>\n<p><\/p>\n<p><span style=\"font-size: 12pt;\"><strong><span style=\"color: #ff6600;\">\u0130\u00e7eri\u011fi:<\/span><\/strong><\/span><\/p>\n<p><span style=\"font-size: 12pt;\">\u0130\u015flenmi\u015f Hayvansal Protein (% 10 Kuzu eti), Bu\u011fday, M\u0131s\u0131r, Tavuk Ya\u011f\u0131, M\u0131s\u0131r Gluteni, Pirin\u00e7 %8, \u0130\u015flenmi\u015f Somon Proteini, Hidrolize Hayvansal Protein, \u015eeker Pancar\u0131, Kurutulmu\u015f Maya, Frukto-Oligosakkaritler (FOS) % 0,5, Potasyum Klor\u00fcr, Sodyum Tripolifosfat, Yucca Schidigera % 0,1, Meyveler ve baharatlar\u0131n i\u015flenmesi ile elde edilmi\u015f \u00fcr\u00fcnler % 0,05 [Blueberry <em>(Vaccinum angustifolium)<\/em>, (Karanfil (Clove), Zerde\u00e7al (Curcuma sp.), Turun\u00e7gil (Citrus sp.), Biberiye\u00a0 (Rosmarinus sp.), \u00dcz\u00fcm \u00c7ekirde\u011fi Ekstrakt\u0131 (Vitis sp.)], Glukozamin (150 mg\/kg), Kondroitin (100 mg\/kg).<\/span><\/p>\n<p><span style=\"font-size: 12pt;\">\u00a0<\/span><\/p>\n<p><span style=\"font-size: 12pt;\"><strong><span style=\"color: #ff6600;\">\u0130lave Katk\u0131lar:<\/span><\/strong><\/span><\/p>\n<p><span style=\"font-size: 12pt;\">Besleyici \u0130laveler: Vitamin A (3a672a)\u00a0 25,000 IU\/kg, Vitamin D3 (3b671)\u00a0 1,500 IU\/kg, Vitamin E (3a700)\u00a0 240 mg\/kg, Demir (II) S\u00fclfat Monohidrat 274 mg\/kg (Demir (3b103)\u00a0 90 mg\/kg), Bak\u0131r S\u00fclfat Pentahidrat 35,4 mg\/kg (Bak\u0131r (3b405)\u00a0 9 mg\/kg), Mangan S\u00fclfat Monohidrat 30,8 mg\/kg (Mangan (3b503) 10 mg\/kg), \u00c7inko S\u00fclfat Monohidrat 274 mg\/kg, (\u00c7inko (3b605)\u00a0 100 mg\/kg), Anhidre kalsiyum iyodat 2,8 mg\/kg \u0130yot (3b203) 1,8 mg\/kg), Sodyum Selenit 0,55 mg\/kg (Selenyum (3b802) 0,25 mg\/kg).<\/span><\/p>\n<p><span style=\"font-size: 12pt;\">Teknolojik \u0130laveler: Antioksidanlar.<\/span><\/p>\n<p><span style=\"color: #ff6600;\"><strong><span style=\"font-size: 12pt;\">\u00a0<\/span><span style=\"font-size: 12pt;\"><\/span><span style=\"font-size: 12pt;\"><\/span><\/strong><\/span><\/p>\n<p><span style=\"font-size: 16px;\"><strong><span style=\"color: #ff6600;\">Besleme \u00d6nerileri:<\/span><\/strong><\/span><\/p>\n<p><span style=\"font-size: 12pt;\">Mamaya, tabloda belirtilen miktarlarda ba\u015flaman\u0131z \u00f6nerilir. G\u00fcnl\u00fck miktar yol g\u00f6stericidir ve hayvan\u0131n aktivitesine, fizyolojik durumuna ve \u00e7evre s\u0131cakl\u0131\u011f\u0131na ba\u011fl\u0131 olarak de\u011fi\u015febilir. K\u00f6pe\u011finizin \u00f6n\u00fcnde mama ile birlikte her zaman taze ve temiz su bulundurunuz. Mamay\u0131 serin ve kuru yerde saklay\u0131n\u0131z.<\/span><\/p>\n<p><span style=\"font-size: 12pt;\">\u00a0<\/span><\/p>\n<\/p>\n<p><span style=\"font-size: 12pt;\"><span style=\"color: #ff6600;\"><strong>\u00d6nerilen G\u00fcnl\u00fck Mama Miktarlar\u0131:<\/strong><\/span><br \/><\/span><\/p>\n<table style=\"width: 820px;\">\n<tbody>\n<tr style=\"height: 41px;\">\n<td style=\"text-align: center; width: 485.167px; height: 41px;\">\n<p><span style=\"font-size: 12pt;\"><strong>\u0130deal K\u00f6pek A\u011f\u0131rl\u0131\u011f\u0131(kg)<\/strong><\/span><\/p>\n<\/td>\n<td style=\"text-align: center; width: 317.833px; height: 41px;\">\n<p><span style=\"font-size: 12pt;\"><strong>G\u00fcnl\u00fck Miktar(gram)<\/strong><\/span><\/p>\n<\/td>\n<\/tr>\n<tr style=\"height: 19px;\">\n<td style=\"width: 485.167px; text-align: center; height: 19px;\">\n<div><span style=\"font-size: 12pt;\">5 \u2013 10<\/span><\/div>\n<\/td>\n<td style=\"width: 317.833px; text-align: center; height: 19px;\">\n<div><span style=\"font-size: 12pt;\">85 \u2013 135<\/span><\/div>\n<\/td>\n<\/tr>\n<tr style=\"height: 19px;\">\n<td style=\"width: 485.167px; text-align: center; height: 19px;\">\n<div><span style=\"font-size: 12pt;\">15 \u2013 20<\/span><\/div>\n<\/td>\n<td style=\"width: 317.833px; text-align: center; height: 19px;\">\n<div><span style=\"font-size: 12pt;\">180 \u2013 225<\/span><\/div>\n<\/td>\n<\/tr>\n<tr style=\"height: 19px;\">\n<td style=\"width: 485.167px; text-align: center; height: 19px;\">\n<div><span style=\"font-size: 12pt;\">25 \u2013 30<\/span><\/div>\n<\/td>\n<td style=\"width: 317.833px; text-align: center; height: 19px;\">\n<div><span style=\"font-size: 12pt;\">265 \u2013 300<\/span><\/div>\n<\/td>\n<\/tr>\n<tr style=\"height: 19px;\">\n<td style=\"width: 485.167px; text-align: center; height: 19px;\">\n<div><span style=\"font-size: 12pt;\">35 \u2013 40<\/span><\/div>\n<\/td>\n<td style=\"width: 317.833px; text-align: center; height: 19px;\">\n<div><span style=\"font-size: 12pt;\">340 \u2013 380<\/span><\/div>\n<\/td>\n<\/tr>\n<tr style=\"height: 19px;\">\n<td style=\"width: 485.167px; text-align: center; height: 19px;\">\n<div><span style=\"font-size: 12pt;\">45 \u2013 50<\/span><\/div>\n<\/td>\n<td style=\"width: 317.833px; text-align: center; height: 19px;\">\n<div><span style=\"font-size: 12pt;\">405 \u2013 440<\/span><\/div>\n<\/td>\n<\/tr>\n<\/tbody>\n<\/table>\n<p><\/p>\n<p><span style=\"font-size: 12pt; color: #ff6600;\"><strong>Besleyici \u0130laveler:<\/strong><\/span><\/p>\n<table height=\"84\" style=\"width: 820px;\">\n<tbody>\n<tr style=\"height: 24px;\">\n<td style=\"width: 485.24px; height: 24px; text-align: center;\"><span style=\"font-size: 12pt;\">Vitamin A (3a672a)<\/span><\/td>\n<td style=\"width: 317.76px; height: 24px; text-align: center;\"><span style=\"font-size: 12pt;\">25,000 IU\/ kg<\/span><\/td>\n<\/tr>\n<tr style=\"height: 24px;\">\n<td style=\"width: 485.24px; height: 24px; text-align: center;\"><span style=\"font-size: 12pt;\">Vitamin D3 (3a671)<\/span><\/td>\n<td style=\"width: 317.76px; height: 24px; text-align: center;\"><span style=\"font-size: 12pt;\">1,500 IU\/ kg<\/span><\/td>\n<\/tr>\n<tr style=\"height: 24.3333px;\">\n<td style=\"width: 485.24px; height: 24.3333px; text-align: center;\"><span style=\"font-size: 12pt;\">itamin E (3a700)<\/span><\/td>\n<td style=\"width: 317.76px; height: 24.3333px; text-align: center;\"><span style=\"font-size: 12pt;\">240 mg\/ kg<\/span><\/td>\n<\/tr>\n<\/tbody>\n<\/table>\n<p><span style=\"font-size: 12pt; color: #ff6600;\"><strong>Analitik Bile\u015fenler:<\/strong><\/span><\/p>\n<table style=\"width: 831px;\">\n<tbody>\n<tr style=\"height: 12px;\">\n<td style=\"width: 491.25px; height: 12px; text-align: center;\"><span style=\"font-size: 12pt;\">Protein<\/span><\/td>\n<td style=\"width: 322.75px; height: 12px; text-align: center;\"><span style=\"font-size: 12pt;\">%28<\/span><\/td>\n<\/tr>\n<tr style=\"height: 13px;\">\n<td style=\"width: 491.25px; height: 13px; text-align: center;\"><span style=\"font-size: 12pt;\">Ya\u011f \u0130\u00e7eri\u011fi<\/span><\/td>\n<td style=\"width: 322.75px; height: 13px; text-align: center;\"><span style=\"font-size: 12pt;\">%15<\/span><\/td>\n<\/tr>\n<tr style=\"height: 13px;\">\n<td style=\"width: 491.25px; height: 13px; text-align: center;\"><span style=\"font-size: 12pt;\">Ham Sel\u00fcloz<\/span><\/td>\n<td style=\"width: 322.75px; height: 13px; text-align: center;\"><span style=\"font-size: 12pt;\">%1.5<\/span><\/td>\n<\/tr>\n<tr style=\"height: 13px;\">\n<td style=\"width: 491.25px; height: 13px; text-align: center;\"><span style=\"font-size: 12pt;\">Ham K\u00fcl<\/span><\/td>\n<td style=\"width: 322.75px; height: 13px; text-align: center;\"><span style=\"font-size: 12pt;\">%7.2<\/span><\/td>\n<\/tr>\n<tr style=\"height: 13.3229px;\">\n<td style=\"width: 491.25px; height: 13.3229px; text-align: center;\"><span style=\"font-size: 12pt;\">Kalsiyum<\/span><\/td>\n<td style=\"width: 322.75px; height: 13.3229px; text-align: center;\"><span style=\"font-size: 12pt;\">%1.6\u00a0<\/span><\/td>\n<\/tr>\n<tr style=\"height: 13px;\">\n<td style=\"width: 491.25px; height: 13px; text-align: center;\"><span style=\"font-size: 12pt;\">Fosfor<\/span><\/td>\n<td style=\"width: 322.75px; height: 13px; text-align: center;\"><span style=\"font-size: 12pt;\">%0.8<\/span><\/td>\n<\/tr>\n<\/tbody>\n<\/table>\n","protected":false},"excerpt":{"rendered":"<p>Pronature Orta ve B\u00fcy\u00fck Irk Yeti\u015fkin Kuru K\u00f6pek Mamas\u0131,\u00a0yeti\u015fkin k\u00f6pe\u011finizin kemik ve eklem sa\u011fl\u0131\u011f\u0131n\u0131 destekleyerek sa\u011fl\u0131kl\u0131 bir ya\u015fam s\u00fcrmelerine destek<\/p>","protected":false},"featured_media":2863,"comment_status":"open","ping_status":"closed","template":"","meta":[],"product_brand":[],"product_cat":[95],"product_tag":[],"class_list":{"0":"post-2864","1":"product","2":"type-product","3":"status-publish","4":"has-post-thumbnail","6":"product_cat-kuru-kopek-mamasi","8":"first","9":"instock","10":"shipping-taxable","11":"product-type-simple"},"_links":{"self":[{"href":"https:\/\/pronature.com.tr\/en\/wp-json\/wp\/v2\/product\/2864","targetHints":{"allow":["GET"]}}],"collection":[{"href":"https:\/\/pronature.com.tr\/en\/wp-json\/wp\/v2\/product"}],"about":[{"href":"https:\/\/pronature.com.tr\/en\/wp-json\/wp\/v2\/types\/product"}],"replies":[{"embeddable":true,"href":"https:\/\/pronature.com.tr\/en\/wp-json\/wp\/v2\/comments?post=2864"}],"wp:featuredmedia":[{"embeddable":true,"href":"https:\/\/pronature.com.tr\/en\/wp-json\/wp\/v2\/media\/2863"}],"wp:attachment":[{"href":"https:\/\/pronature.com.tr\/en\/wp-json\/wp\/v2\/media?parent=2864"}],"wp:term":[{"taxonomy":"product_brand","embeddable":true,"href":"https:\/\/pronature.com.tr\/en\/wp-json\/wp\/v2\/product_brand?post=2864"},{"taxonomy":"product_cat","embeddable":true,"href":"https:\/\/pronature.com.tr\/en\/wp-json\/wp\/v2\/product_cat?post=2864"},{"taxonomy":"product_tag","embeddable":true,"href":"https:\/\/pronature.com.tr\/en\/wp-json\/wp\/v2\/product_tag?post=2864"}],"curies":[{"name":"wp","href":"https:\/\/api.w.org\/{rel}","templated":true}]}}