{"id":2854,"date":"2026-03-25T10:47:05","date_gmt":"2026-03-25T10:47:05","guid":{"rendered":"https:\/\/pronature.com.tr\/urun\/pronature-kucuk-irk-yetiskin-kuru-kopek-mamasi-daily-protect-kuzu-etli-ve-pirincli-3kg\/"},"modified":"2026-04-10T14:27:04","modified_gmt":"2026-04-10T14:27:04","slug":"pronature-kucuk-irk-yetiskin-kuru-kopek-mamasi-daily-protect-kuzu-etli-ve-pirincli-3kg","status":"publish","type":"product","link":"https:\/\/pronature.com.tr\/en\/urun\/pronature-kucuk-irk-yetiskin-kuru-kopek-mamasi-daily-protect-kuzu-etli-ve-pirincli-3kg\/","title":{"rendered":"Pronature Small Breed Adult Dry Dog Food (Daily Protect) \u2013 Lamb and Rice \u2013 3KG"},"content":{"rendered":"<p><span style=\"font-size: 12pt;\"><strong>Pronature K\u00fc\u00e7\u00fck Irk Yeti\u015fkin Kuru K\u00f6pek Mamas\u0131 (Daily Protect)<\/strong>,\u00a0<strong>k\u00fc\u00e7\u00fck \u0131rk yeti\u015fkin k\u00f6pekler<\/strong>\u00a0i\u00e7in\u00a0form\u00fcle edilmi\u015f kuzu eti i\u00e7eren tam ve dengeli bir mamad\u0131r.\u00a0\u00a0<\/span><\/p>\n<p><\/p>\n<p><span style=\"font-size: 12pt;\"><\/span><\/p>\n<p><span style=\"font-size: 12pt;\">1 ya\u015f ve \u00fczeri k\u00fc\u00e7\u00fck \u0131rk k\u00f6peklerin b\u00fct\u00fcn besin madde\u00a0ve enerji ihtiya\u00e7lar\u0131n\u0131n kar\u015f\u0131lamakta, ba\u011f\u0131\u015f\u0131kl\u0131k ve genel sa\u011fl\u0131\u011f\u0131n\u0131 desteklemektedir. Bu \u00f6zel form\u00fcl hem ideal kilonun korunmas\u0131nda hem de eklem ve kemik yap\u0131s\u0131n\u0131n g\u00fc\u00e7lendirilmesine katk\u0131da bulunmaktad\u0131r.\u00a0<\/span><\/p>\n<p><\/p>\n<p><em><span style=\"font-size: 12pt;\">* Bile\u015fiminde bulunan yaban mersininin fenolitik bile\u015fenlerce zengin olmas\u0131 nedeniyle hem fiziksel hem de zihinsel sa\u011fl\u0131k korunmaktad\u0131r.\u00a0\u00a0<\/span><\/em><\/p>\n<p><\/p>\n<p><em style=\"font-size: 12pt;\">*\u00a0Bile\u015fimindeki Sodyum Tripolifosfat sayesinde <strong>a\u011f\u0131z ve di\u015f sa\u011fl\u0131\u011f\u0131n\u0131<\/strong> desteklemektedir.\u00a0\u00a0<\/em><\/p>\n<p><\/p>\n<p><em style=\"font-size: 12pt;\">* \u0130\u00e7erdi\u011fi bitkisel ekstraktlar sayesinde <strong>serbest radikallere kar\u015f\u0131 antioksidan \u00f6zellik<\/strong> g\u00f6stererek dokular\u0131 ve h\u00fccreleri zararl\u0131 etkilerden korur. Ayr\u0131ca ya\u015flanma kar\u015f\u0131t\u0131 etkilere destek olmaktad\u0131r.\u00a0\u00a0\u00a0<\/em><\/p>\n<p><\/p>\n<p><em style=\"font-size: 12pt;\">*\u00a0\u0130\u00e7erdi\u011fi kaliteli ham maddeler ile besinlerin sindirim ve emilimini artt\u0131rmaya yard\u0131mc\u0131 olmaktad\u0131r.\u00a0<\/em><\/p>\n<p><\/p>\n<p><span style=\"font-size: 12pt;\"><strong><span style=\"color: #ff6600;\">\u0130\u00e7eri\u011fi:<\/span><\/strong><\/span><\/p>\n<p><span style=\"font-size: 12pt;\">\u0130\u015flenmi\u015f Hayvansal Protein (% 10 Kuzu), Bu\u011fday, M\u0131s\u0131r, Tavuk Ya\u011f\u0131, M\u0131s\u0131r Gluteni, Pirin\u00e7 % 8, \u0130\u015flenmi\u015f Somon Proteini, Hidrolize Hayvansal Protein, \u015eeker Pancar\u0131, Kurutulmu\u015f Maya, Frukto-Oligosakkaritler (FOS) % 0,5, Potasyum Klor\u00fcr, Sodyum Tripolifosfat, Yucca Schidigera % 0,1, Meyveler ve baharatlar\u0131n i\u015flenmesi ile elde edilmi\u015f \u00fcr\u00fcnler %0,05 [(Blueberry <\/span><em style=\"font-size: 12pt;\">(Vaccinum angustifolium)<\/em><span style=\"font-size: 12pt;\">, \u00dcz\u00fcm Ekstrakt\u0131 <\/span><em style=\"font-size: 12pt;\">(Vitis vinifera)<\/em><span style=\"font-size: 12pt;\">, (Karanfil (Clove), Zerde\u00e7al (Curcuma sp.), Turun\u00e7gil (Citrus sp.), Biberiye\u00a0 (Rosmarinus sp.), \u00dcz\u00fcm \u00c7ekirde\u011fi (Vitis sp.)], Glukozamin (150 mg\/kg), Kondroitin(100 mg\/kg).<\/span><\/p>\n<p><span style=\"font-size: 12pt;\">\u00a0<\/span><\/p>\n<p><span style=\"font-size: 12pt;\"><strong><span style=\"color: #ff6600;\">\u0130lave Katk\u0131lar:<\/span><\/strong><\/span><\/p>\n<p><span style=\"font-size: 12pt;\">Besleyici \u0130laveler: Vitamin A (3a672a) 25,000 IU\/kg, Vitamin D3 (3b671) 1,500 IU\/kg, Vitamin E (3a700) 240 mg\/kg, Demir(II) S\u00fclfat Monohidrat 274 mg\/kg (Demir (3b103) 90 mg\/kg), Bak\u0131r S\u00fclfat Pentahidrat 35,4 mg\/kg (Bak\u0131r (3b405) 9 mg\/kg), Mangan S\u00fclfat Monohidrat 30,8 mg\/kg (Mangan(3b503) 10 mg\/kg), \u00c7inko S\u00fclfat Monohidrat 274 mg\/kg (\u00c7inko (3b605) 100 mg\/kg), Anhidre Kalsiyum \u0130yodat 2,8 mg\/kg (\u0130yot (3b203) 1,8mg\/kg), Sodyum Selenit 0,55 mg\/kg (Selenyum (3b802) 0,25 mg\/kg)<\/span><\/p>\n<p><span style=\"font-size: 12pt;\">Teknolojik \u0130laveler: Antioksidanlar<\/span><\/p>\n<p><span style=\"font-size: 12pt;\"><strong>\u00a0<\/strong><\/span><\/p>\n<p><span style=\"font-size: 16px;\"><strong><span style=\"color: #ff6600;\">Besleme \u00d6nerileri:<\/span><\/strong><\/span><\/p>\n<p><span style=\"font-size: 12pt;\">Mamaya, tabloda belirtilen miktarlarda ba\u015flaman\u0131z \u00f6nerilir. G\u00fcnl\u00fck miktar yol g\u00f6stericidir ve hayvan\u0131n aktivitesine, fizyolojik durumuna ve \u00e7evre s\u0131cakl\u0131\u011f\u0131na ba\u011fl\u0131 olarak de\u011fi\u015febilir. K\u00f6pe\u011finizin \u00f6n\u00fcnde mama ile birlikte her zaman taze ve temiz su bulundurunuz. Mamay\u0131, serin ve kuru yerde saklay\u0131n\u0131z.<\/span><\/p>\n<p><span style=\"font-size: 12pt;\">\u00a0<\/span><\/p>\n<p><span style=\"font-size: 12pt; color: #ff6600;\"><strong>\u00d6nerilen G\u00fcnl\u00fck Mama Miktarlar\u0131:<\/strong><\/span><\/p>\n<\/p>\n<table style=\"width: 823px;\">\n<tbody>\n<tr style=\"height: 13px;\">\n<td style=\"height: 13px; width: 411.771px; text-align: center;\"><span style=\"font-size: 12pt;\"><strong>\u0130deal K\u00f6pek A\u011f\u0131rl\u0131\u011f\u0131 (kg)<\/strong><\/span><\/td>\n<td style=\"height: 13px; width: 414.229px; text-align: center;\"><span style=\"font-size: 12pt;\"><strong>G\u00fcnl\u00fck Miktar (gram)<\/strong><\/span><\/td>\n<\/tr>\n<tr>\n<td style=\"width: 411.771px; text-align: center;\"><span style=\"font-size: 12pt;\">5 \u2013 10<\/span><\/td>\n<td style=\"width: 414.229px; text-align: center;\"><span style=\"font-size: 12pt;\">85 \u2013 135<\/span><\/td>\n<\/tr>\n<tr style=\"height: 13px;\">\n<td style=\"height: 13px; width: 411.771px; text-align: center;\"><span style=\"font-size: 12pt;\">15 \u2013 20<\/span><\/td>\n<td style=\"height: 13px; width: 414.229px; text-align: center;\"><span style=\"font-size: 12pt;\">180 \u2013 225<\/span><\/td>\n<\/tr>\n<tr style=\"height: 13px;\">\n<td style=\"height: 13px; width: 411.771px; text-align: center;\"><span style=\"font-size: 12pt;\">25 \u2013 30<\/span><\/td>\n<td style=\"height: 13px; width: 414.229px; text-align: center;\"><span style=\"font-size: 12pt;\">265 \u2013 300<\/span><\/td>\n<\/tr>\n<tr style=\"height: 13px;\">\n<td style=\"height: 13px; width: 411.771px; text-align: center;\"><span style=\"font-size: 12pt;\">35 \u2013 40<\/span><\/td>\n<td style=\"height: 13px; width: 414.229px; text-align: center;\"><span style=\"font-size: 12pt;\">340 \u2013 380<\/span><\/td>\n<\/tr>\n<tr style=\"height: 13px;\">\n<td style=\"height: 13px; width: 411.771px; text-align: center;\"><span style=\"font-size: 12pt;\">45 \u2013 50<\/span><\/td>\n<td style=\"height: 13px; width: 414.229px; text-align: center;\"><span style=\"font-size: 12pt;\">405 \u2013 440<\/span><\/td>\n<\/tr>\n<\/tbody>\n<\/table>\n<p><span style=\"font-size: 12pt; color: #ff6600;\"><strong>Besleyici \u0130laveler:\u00a0<\/strong><\/span><\/p>\n<table style=\"width: 828.458px;\">\n<tbody>\n<tr style=\"height: 19px;\">\n<td style=\"width: 406px; height: 19px; text-align: center;\"><span style=\"font-size: 12pt;\">Vitamin A (3a672a)<\/span><\/td>\n<td style=\"width: 403.458px; height: 19px; text-align: center;\"><span style=\"font-size: 12pt;\">25,000 IU\/kg<\/span><\/td>\n<\/tr>\n<tr style=\"height: 13px;\">\n<td style=\"width: 406px; height: 13px; text-align: center;\"><span style=\"font-size: 12pt;\">Vitamin D3 (3a671)<\/span><\/td>\n<td style=\"width: 403.458px; height: 13px; text-align: center;\"><span style=\"font-size: 12pt;\">1,500 IU\/kg<\/span><\/td>\n<\/tr>\n<tr style=\"height: 19.3334px;\">\n<td style=\"width: 406px; height: 19.3334px; text-align: center;\"><span style=\"font-size: 12pt;\">Vitamin E (3a700)<\/span><\/td>\n<td style=\"width: 403.458px; height: 19.3334px; text-align: center;\"><span style=\"font-size: 12pt;\">240 mg \/kg<\/span><\/td>\n<\/tr>\n<\/tbody>\n<\/table>\n<p><\/p>\n<p><span style=\"font-size: 12pt; color: #ff6600;\"><strong>Analitik Bile\u015fenler:<\/strong><\/span><\/p>\n<table height=\"150\" style=\"width: 831px;\">\n<tbody>\n<tr>\n<td style=\"width: 411px; text-align: center;\"><span style=\"font-size: 12pt;\">Protein<\/span><\/td>\n<td style=\"width: 404px; text-align: center;\"><span style=\"font-size: 12pt;\">%28<\/span><\/td>\n<\/tr>\n<tr>\n<td style=\"width: 411px; text-align: center;\"><span style=\"font-size: 12pt;\">Ya\u011f \u0130\u00e7eri\u011fi<\/span><\/td>\n<td style=\"width: 404px; text-align: center;\"><span style=\"font-size: 12pt;\">%15<\/span><\/td>\n<\/tr>\n<tr>\n<td style=\"width: 411px; text-align: center;\"><span style=\"font-size: 12pt;\">Ham Sel\u00fcloz<\/span><\/td>\n<td style=\"width: 404px; text-align: center;\"><span style=\"font-size: 12pt;\">%1,5<\/span><\/td>\n<\/tr>\n<tr>\n<td style=\"width: 411px; text-align: center;\"><span style=\"font-size: 12pt;\">Ham K\u00fcl<\/span><\/td>\n<td style=\"width: 404px; text-align: center;\"><span style=\"font-size: 12pt;\">%7,2<\/span><\/td>\n<\/tr>\n<tr>\n<td style=\"width: 411px; text-align: center;\"><span style=\"font-size: 12pt;\">Kalsiyum<\/span><\/td>\n<td style=\"width: 404px; text-align: center;\"><span style=\"font-size: 12pt;\">%1,6<\/span><\/td>\n<\/tr>\n<tr>\n<td style=\"width: 411px; text-align: center;\"><span style=\"font-size: 12pt;\">Fosfor<\/span><\/td>\n<td style=\"width: 404px; text-align: center;\"><span style=\"font-size: 12pt;\">%0,8<\/span><\/td>\n<\/tr>\n<\/tbody>\n<\/table>\n<p><\/p>\n","protected":false},"excerpt":{"rendered":"<p>Pronature K\u00fc\u00e7\u00fck Irk Yeti\u015fkin Kuru K\u00f6pek Mamas\u0131 (Daily Protect),\u00a0k\u00fc\u00e7\u00fck \u0131rk yeti\u015fkin k\u00f6pekler\u00a0i\u00e7in\u00a0form\u00fcle edilmi\u015f kuzu eti i\u00e7eren tam ve dengeli bir<\/p>","protected":false},"featured_media":2853,"comment_status":"open","ping_status":"closed","template":"","meta":[],"product_brand":[],"product_cat":[95],"product_tag":[],"class_list":{"0":"post-2854","1":"product","2":"type-product","3":"status-publish","4":"has-post-thumbnail","6":"product_cat-kuru-kopek-mamasi","8":"first","9":"instock","10":"shipping-taxable","11":"product-type-simple"},"_links":{"self":[{"href":"https:\/\/pronature.com.tr\/en\/wp-json\/wp\/v2\/product\/2854","targetHints":{"allow":["GET"]}}],"collection":[{"href":"https:\/\/pronature.com.tr\/en\/wp-json\/wp\/v2\/product"}],"about":[{"href":"https:\/\/pronature.com.tr\/en\/wp-json\/wp\/v2\/types\/product"}],"replies":[{"embeddable":true,"href":"https:\/\/pronature.com.tr\/en\/wp-json\/wp\/v2\/comments?post=2854"}],"wp:featuredmedia":[{"embeddable":true,"href":"https:\/\/pronature.com.tr\/en\/wp-json\/wp\/v2\/media\/2853"}],"wp:attachment":[{"href":"https:\/\/pronature.com.tr\/en\/wp-json\/wp\/v2\/media?parent=2854"}],"wp:term":[{"taxonomy":"product_brand","embeddable":true,"href":"https:\/\/pronature.com.tr\/en\/wp-json\/wp\/v2\/product_brand?post=2854"},{"taxonomy":"product_cat","embeddable":true,"href":"https:\/\/pronature.com.tr\/en\/wp-json\/wp\/v2\/product_cat?post=2854"},{"taxonomy":"product_tag","embeddable":true,"href":"https:\/\/pronature.com.tr\/en\/wp-json\/wp\/v2\/product_tag?post=2854"}],"curies":[{"name":"wp","href":"https:\/\/api.w.org\/{rel}","templated":true}]}}