{"id":2849,"date":"2026-03-25T10:46:57","date_gmt":"2026-03-25T10:46:57","guid":{"rendered":"https:\/\/pronature.com.tr\/urun\/pronature-kucuk-irk-yavru-kuru-kopek-mamasi-daily-growth-kuzu-etli-ve-pirincli-3kg\/"},"modified":"2026-04-10T14:27:12","modified_gmt":"2026-04-10T14:27:12","slug":"pronature-kucuk-irk-yavru-kuru-kopek-mamasi-daily-growth-kuzu-etli-ve-pirincli-3kg","status":"publish","type":"product","link":"https:\/\/pronature.com.tr\/en\/urun\/pronature-kucuk-irk-yavru-kuru-kopek-mamasi-daily-growth-kuzu-etli-ve-pirincli-3kg\/","title":{"rendered":"Pronature Small Breed Puppy Dry Dog Food (Daily Growth) \u2013 Lamb and Rice \u2013 3KG"},"content":{"rendered":"<p><span style=\"font-size: 12pt;\"><strong>Pronature K\u00fc\u00e7\u00fck Irk Yavru Kuru K\u00f6pek Mamas\u0131\u00a0<\/strong>yavru ve b\u00fcy\u00fcme d\u00f6nemindeki k\u00fc\u00e7\u00fck \u0131rk k\u00f6peklerin <strong>ba\u011f\u0131\u015f\u0131kl\u0131\u011f\u0131n\u0131 ve genel sa\u011fl\u0131\u011f\u0131n\u0131 desteklemek<\/strong>\u00a0\u00fczere \u00f6zel olarak form\u00fcle edilmi\u015ftir.\u00a0Bile\u015fimindeki kaliteli protein kayna\u011f\u0131, vitamin ve mineraller sayesinde yavru k\u00fc\u00e7\u00fck \u0131rk k\u00f6peklerin besin madde ihtiya\u00e7lar\u0131n\u0131 eksiksiz olarak kar\u015f\u0131layacak d\u00fczeyde tam ve dengeli bir mamad\u0131r.\u00a0<\/span><\/p>\n<p>&nbsp;<\/p>\n<p>&nbsp;<\/p>\n<p><span style=\"font-size: 12pt;\">Pronature K\u00fc\u00e7\u00fck Irk Yavru Kuru K\u00f6pek Mamas\u0131 2 ayl\u0131ktan ya\u015ftan yeti\u015fkin oluncaya kadarki d\u00f6nem i\u00e7in uygundur. Mama tanecik yap\u0131s\u0131 ise yavrular\u0131n kolayl\u0131kla par\u00e7alayabilece\u011fi b\u00fcy\u00fckl\u00fckte \u00f6zel olarak \u00fcretilmi\u015ftir.<\/span><\/p>\n<p><em style=\"font-size: 12pt;\">* <strong>Prebiyotik<\/strong> \u00f6zellik g\u00f6steren <strong>Frukto-oligasakkaritler (FOS)<\/strong> sayesinde ba\u011f\u0131rsak floras\u0131 sa\u011fl\u0131\u011f\u0131n\u0131 d\u00fczenlemektedir.\u00a0 \u00a0 \u00a0<\/em><\/p>\n<p>&nbsp;<\/p>\n<p>&nbsp;<\/p>\n<p><span style=\"font-size: 12pt;\"><em>*\u00a0\u0130\u00e7erdi\u011fi bitkisel ekstraktlar sayesinde <strong>serbest radikallere<\/strong> kar\u015f\u0131 antioksidan \u00f6zellik g\u00f6stererek dokular\u0131 ve h\u00fccreleri zararl\u0131 etkilerden korur. Ya\u015fam boyu ba\u011f\u0131\u015f\u0131kl\u0131k sistemini destekler. Ayr\u0131ca <strong>ya\u015flanma kar\u015f\u0131t\u0131<\/strong> etkilere destek olmaktad\u0131r.\u00a0\u00a0<\/em><\/span><\/p>\n<p>&nbsp;<\/p>\n<p><em style=\"font-size: 12pt;\">*\u00a0Bile\u015fiminde bulunan <strong>antioksidanlar<\/strong>, <strong>vitamin ve mineraller<\/strong> sayesinde ba\u011f\u0131\u015f\u0131kl\u0131k sistemi hala geli\u015fmekte olan yavru k\u00f6peklerin <strong>ba\u011f\u0131\u015f\u0131kl\u0131k sistemlerinin geli\u015fimini<\/strong> destekleyerek v\u00fccudun do\u011fal savunma mekanizmas\u0131na olumlu y\u00f6nde etki eder.\u00a0\u00a0<\/em><\/p>\n<p>&nbsp;<\/p>\n<p><em style=\"font-size: 12pt;\">*\u00a0Bile\u015fiminde bulunan Sodyum Tripolifosfat sayesinde <strong>a\u011f\u0131z ve di\u015f sa\u011fl\u0131\u011f\u0131<\/strong>n\u0131 desteklemektedir.\u00a0\u00a0<\/em><\/p>\n<p>&nbsp;<\/p>\n<p>&nbsp;<\/p>\n<p><em style=\"font-size: 12pt;\">*\u00a0\u0130\u00e7eri\u011finde bulunan vitamin mineral dengesi sayesinde <strong>kemiklerin ve di\u015flerin sa\u011fl\u0131\u011f\u0131n\u0131<\/strong> olumlu y\u00f6nde etkiler.<\/em><\/p>\n<p><span style=\"font-size: 12pt; color: #ff6600;\"><strong>\u0130\u00e7eri\u011fi:<\/strong><\/span><\/p>\n<p><span style=\"font-size: 12pt;\">\u0130\u015flenmi\u015f Hayvansal Protein(% 10 Kuzu eti), Bu\u011fday, M\u0131s\u0131r, Tavuk Ya\u011f\u0131, M\u0131s\u0131r Gluteni, Pirin\u00e7 % 6, Hidrolize Hayvansal Protein, \u0130\u015flenmi\u015f Somon Proteini, \u015eeker Pancar\u0131, Somon Ya\u011f\u0131 % 1, Kurutulmu\u015f Maya, Frukto-Oligosakkaritler (FOS) % 0,6, Potasyum Klor\u00fcr, Sodyum Klor\u00fcr, Yucca Schidigera % 0,1, Meyveler ve baharatlar\u0131n i\u015flenmesi ile elde edilmi\u015f \u00fcr\u00fcnler % 0,05 [(Karanfil (Clove), Zerde\u00e7al (Curcuma sp.), Turun\u00e7gil (Citrus sp.), Biberiye\u00a0 (Rosmarinus sp.), \u00dcz\u00fcm \u00c7ekirde\u011fi Ekstrakt\u0131 (Vitis sp.)], Glukozamin (150 mg\/kg), Kondroitin(100 mg\/kg).<\/span><\/p>\n<p><span style=\"font-size: 12pt;\">\u00a0<\/span><\/p>\n<p><span style=\"font-size: 12pt; color: #ff6600;\"><strong>\u0130lave Katk\u0131lar:<\/strong><\/span><\/p>\n<p><span style=\"font-size: 12pt;\">Besleyici \u0130laveler: Vitamin A (3a672a) 25,000 IU\/kg, Vitamin D3 (3a671) 1,500 IU\/kg, Vitamin E (3a700) 240 mg\/kg, Demir (II) S\u00fclfat Monohidrat 274 mg\/kg (Demir (3b103) 90 mg\/kg), Bak\u0131r S\u00fclfat Pentahidrat 35,4 mg\/kg (Bak\u0131r (3b405) 9 mg\/kg), Mangan S\u00fclfat Monohidrat 30,8 mg\/kg (Mangan (3b503) 10 mg\/kg), \u00c7inko S\u00fclfat Monohidrat 274 mg\/kg (\u00c7inko (3b605) 100 mg\/kg), Anhidre Kalsiyum \u0130yodat 2,8 mg\/kg (\u0130yot (3b203) 1,8mg\/kg), Sodyum Selenit 0,55 mg\/kg (Selenyum (3b802) 0,25 mg\/kg).<\/span><\/p>\n<p><span style=\"font-size: 12pt;\">Teknolojik \u0130laveler: Antioksidanlar.<\/span><\/p>\n<p><span style=\"font-size: 12pt;\">\u00a0<\/span><\/p>\n<p><span style=\"font-size: 12pt;\"><strong><span style=\"color: #ff6600;\">Besleme \u00d6nerileri:<\/span><\/strong><\/span><\/p>\n<p><span style=\"font-size: 12pt;\">Mamaya, tabloda belirtilen miktarlarda ba\u015flaman\u0131z \u00f6nerilir. G\u00fcnl\u00fck miktar yol g\u00f6stericidir ve hayvan\u0131n aktivitesine, fizyolojik durumuna ve \u00e7evre s\u0131cakl\u0131\u011f\u0131na ba\u011fl\u0131 olarak de\u011fi\u015febilir. K\u00f6pe\u011finizin \u00f6n\u00fcnde mama ile birlikte her zaman taze ve temiz su bulundurunuz. Mamay\u0131, serin ve kuru yerde saklay\u0131n\u0131z.<\/span><\/p>\n<p>&nbsp;<\/p>\n<p>&nbsp;<\/p>\n<p><span style=\"font-size: 16px;\"><strong><span style=\"color: #ff6600;\">\u00d6nerilen G\u00fcnl\u00fck Mama Miktarlar\u0131:<\/span><\/strong><\/span><\/p>\n<p>&nbsp;<\/p>\n<table style=\"width: 819px;\">\n<tbody>\n<tr style=\"height: 55px;\">\n<td style=\"height: 55px; text-align: center; vertical-align: middle; width: 689.677px;\" colspan=\"7\"><span style=\"font-size: 12pt;\"><strong>\u00d6nerilen G\u00fcnl\u00fck Mama Miktarlar\u0131 (Gram)<\/strong><\/span><\/td>\n<\/tr>\n<tr style=\"height: 45px;\">\n<td style=\"height: 45px; text-align: center; vertical-align: middle; width: 99px;\"><span style=\"font-size: 12pt;\"><strong>Yavru Ya\u015f\u0131 (Ay)<\/strong><\/span><\/td>\n<td style=\"height: 45px; text-align: center; vertical-align: middle; width: 10px;\"><span style=\"font-size: 12pt;\"><strong>K\u00f6pe\u011fin Yeti\u015fkinlikteki Beklenen A\u011f\u0131rl\u0131\u011f\u0131<\/strong><\/span><\/td>\n<td style=\"height: 45px; text-align: center; vertical-align: middle; width: 417px;\"><span style=\"font-size: 12pt;\"><strong>10 kg<\/strong><\/span><\/td>\n<td style=\"height: 45px; text-align: center; vertical-align: middle; width: 163.677px;\"><span style=\"font-size: 12pt;\"><strong>15 kg<\/strong><\/span><\/td>\n<td style=\"height: 45px; text-align: center; vertical-align: middle; width: 145.323px;\"><span style=\"font-size: 12pt;\"><strong>20 kg<\/strong><\/span><\/td>\n<td style=\"height: 45px; text-align: center; vertical-align: middle; width: 177px;\"><span style=\"font-size: 12pt;\"><strong>25 kg<\/strong><\/span><\/td>\n<td style=\"height: 45px; text-align: center; vertical-align: middle; width: 241px;\"><span style=\"font-size: 12pt;\"><strong>30 kg<\/strong><\/span><\/td>\n<\/tr>\n<tr style=\"height: 41px;\">\n<td style=\"height: 41px; text-align: center; vertical-align: middle; width: 99px;\"><span style=\"font-size: 12pt;\">\u00a02 &#8211; 4<\/span><\/td>\n<td style=\"height: 41px; text-align: center; vertical-align: middle; width: 10px;\"><span style=\"font-size: 12pt;\">\u00a0<\/span><\/td>\n<td style=\"height: 41px; text-align: center; vertical-align: middle; width: 417px;\"><span style=\"font-size: 12pt;\">105-170<\/span><\/td>\n<td style=\"height: 41px; text-align: center; vertical-align: middle; width: 163.677px;\"><span style=\"font-size: 12pt;\">140-235<\/span><\/td>\n<td style=\"height: 41px; text-align: center; vertical-align: middle; width: 145.323px;\"><span style=\"font-size: 12pt;\">165-290<\/span><\/td>\n<td style=\"height: 41px; text-align: center; vertical-align: middle; width: 177px;\"><span style=\"font-size: 12pt;\">190-340<\/span><\/td>\n<td style=\"height: 41px; text-align: center; vertical-align: middle; width: 241px;\"><span style=\"font-size: 12pt;\">215-390<\/span><\/td>\n<\/tr>\n<tr style=\"height: 41px;\">\n<td style=\"height: 41px; text-align: center; vertical-align: middle; width: 99px;\"><span style=\"font-size: 12pt;\">\u00a05 &#8211; 9<\/span><\/td>\n<td style=\"height: 41px; text-align: center; vertical-align: middle; width: 10px;\"><span style=\"font-size: 12pt;\">\u00a0<\/span><\/td>\n<td style=\"height: 41px; text-align: center; vertical-align: middle; width: 417px;\"><span style=\"font-size: 12pt;\">175-180<\/span><\/td>\n<td style=\"height: 41px; text-align: center; vertical-align: middle; width: 163.677px;\"><span style=\"font-size: 12pt;\">240-250<\/span><\/td>\n<td style=\"height: 41px; text-align: center; vertical-align: middle; width: 145.323px;\"><span style=\"font-size: 12pt;\">295-310<\/span><\/td>\n<td style=\"height: 41px; text-align: center; vertical-align: middle; width: 177px;\"><span style=\"font-size: 12pt;\">350-360<\/span><\/td>\n<td style=\"height: 41px; text-align: center; vertical-align: middle; width: 241px;\"><span style=\"font-size: 12pt;\">395-415<\/span><\/td>\n<\/tr>\n<tr style=\"height: 41px;\">\n<td style=\"height: 41px; text-align: center; vertical-align: middle; width: 99px;\"><span style=\"font-size: 12pt;\">\u00a010 &#8211; 12<\/span><\/td>\n<td style=\"height: 41px; text-align: center; vertical-align: middle; width: 10px;\"><span style=\"font-size: 12pt;\">\u00a0<\/span><\/td>\n<td style=\"height: 41px; text-align: center; vertical-align: middle; width: 417px;\"><span style=\"font-size: 12pt;\">185-195<\/span><\/td>\n<td style=\"height: 41px; text-align: center; vertical-align: middle; width: 163.677px;\"><span style=\"font-size: 12pt;\">255-265<\/span><\/td>\n<td style=\"height: 41px; text-align: center; vertical-align: middle; width: 145.323px;\"><span style=\"font-size: 12pt;\">310-325<\/span><\/td>\n<td style=\"height: 41px; text-align: center; vertical-align: middle; width: 177px;\"><span style=\"font-size: 12pt;\">365-380<\/span><\/td>\n<td style=\"height: 41px; text-align: center; vertical-align: middle; width: 241px;\"><span style=\"font-size: 12pt;\">420-430<\/span><\/td>\n<\/tr>\n<tr style=\"height: 17px;\">\n<td style=\"height: 17px; text-align: center; vertical-align: middle; width: 109px;\" colspan=\"2\"><span style=\"font-size: 12pt;\">Gebeli\u011fin Son D\u00f6nemindeki Di\u015fi K\u00f6pek<\/span><\/td>\n<td style=\"height: 17px; text-align: center; vertical-align: middle; width: 1144px;\" colspan=\"5\"><span style=\"font-size: 12pt;\">\u00a0<\/span><\/td>\n<\/tr>\n<tr style=\"height: 41px;\">\n<td style=\"height: 41px; text-align: center; vertical-align: middle; width: 99px;\"><span style=\"font-size: 12pt;\">6 &#8211; 7 Hafta<\/span><\/td>\n<td style=\"height: 41px; text-align: center; vertical-align: middle; width: 10px;\"><span style=\"font-size: 12pt;\">\u00a0<\/span><\/td>\n<td style=\"height: 41px; text-align: center; vertical-align: middle; width: 417px;\"><span style=\"font-size: 12pt;\">260-275<\/span><\/td>\n<td style=\"height: 41px; text-align: center; vertical-align: middle; width: 163.677px;\"><span style=\"font-size: 12pt;\">325-345<\/span><\/td>\n<td style=\"height: 41px; text-align: center; vertical-align: middle; width: 145.323px;\"><span style=\"font-size: 12pt;\">410-430<\/span><\/td>\n<td style=\"height: 41px; text-align: center; vertical-align: middle; width: 177px;\"><span style=\"font-size: 12pt;\">480-505<\/span><\/td>\n<td style=\"height: 41px; text-align: center; vertical-align: middle; width: 241px;\"><span style=\"font-size: 12pt;\">550-580<\/span><\/td>\n<\/tr>\n<tr style=\"height: 41px;\">\n<td style=\"height: 41px; text-align: center; vertical-align: middle; width: 99px;\"><span style=\"font-size: 12pt;\">8 &#8211; 9 Hafta<\/span><\/td>\n<td style=\"height: 41px; text-align: center; vertical-align: middle; width: 10px;\"><span style=\"font-size: 12pt;\">\u00a0<\/span><\/td>\n<td style=\"height: 41px; text-align: center; vertical-align: middle; width: 417px;\"><span style=\"font-size: 12pt;\">295-305<\/span><\/td>\n<td style=\"height: 41px; text-align: center; vertical-align: middle; width: 163.677px;\"><span style=\"font-size: 12pt;\">400-415<\/span><\/td>\n<td style=\"height: 41px; text-align: center; vertical-align: middle; width: 145.323px;\"><span style=\"font-size: 12pt;\">495-515<\/span><\/td>\n<td style=\"height: 41px; text-align: center; vertical-align: middle; width: 177px;\"><span style=\"font-size: 12pt;\">585-610<\/span><\/td>\n<td style=\"height: 41px; text-align: center; vertical-align: middle; width: 241px;\"><span style=\"font-size: 12pt;\">670-700<\/span><\/td>\n<\/tr>\n<tr style=\"height: 41px;\">\n<td style=\"height: 41px; text-align: center; vertical-align: middle; width: 99px;\"><span style=\"font-size: 12pt;\">Emziren Di\u015fi K\u00f6pek<\/span><\/td>\n<td style=\"height: 41px; text-align: center; vertical-align: middle; width: 10px;\"><span style=\"font-size: 12pt;\">\u00a0<\/span><\/td>\n<td style=\"height: 41px; text-align: center; vertical-align: middle; width: 1144px;\" colspan=\"5\"><span style=\"font-size: 12pt;\">Yavrular s\u00fctten kesilene kadar.<\/span><\/td>\n<\/tr>\n<\/tbody>\n<\/table>\n<p>&nbsp;<\/p>\n<p>&nbsp;<\/p>\n<p>&nbsp;<\/p>\n<p>&nbsp;<\/p>\n<p>&nbsp;<\/p>\n<p>&nbsp;<\/p>\n<p><span style=\"font-size: 12pt; color: #ff6600;\"><strong>Besleyici \u0130laveler:<\/strong><\/span><\/p>\n<table style=\"width: 814px;\">\n<tbody>\n<tr style=\"height: 14.8333px;\">\n<td style=\"width: 403.229px; height: 14.8333px; text-align: center;\"><span style=\"font-size: 12pt;\">Vitamin A (3a672a)<\/span><\/td>\n<td style=\"width: 393.771px; height: 14.8333px; text-align: center;\"><span style=\"font-size: 12pt;\">25.000 IU\/kg<\/span><\/td>\n<\/tr>\n<tr style=\"height: 14px;\">\n<td style=\"width: 403.229px; height: 14px; text-align: center;\"><span style=\"font-size: 12pt;\">Vitamin D3 (3a671)<\/span><\/td>\n<td style=\"width: 393.771px; height: 14px; text-align: center;\"><span style=\"font-size: 12pt;\">1.500 IU\/kg<\/span><\/td>\n<\/tr>\n<tr style=\"height: 14px;\">\n<td style=\"width: 403.229px; height: 14px; text-align: center;\"><span style=\"font-size: 12pt;\">Vitamin E (3a700)<\/span><\/td>\n<td style=\"width: 393.771px; height: 14px; text-align: center;\"><span style=\"font-size: 12pt;\">240 mg \/kg<\/span><\/td>\n<\/tr>\n<\/tbody>\n<\/table>\n<p>&nbsp;<\/p>\n<p><span style=\"font-size: 12pt; color: #ff6600;\"><strong>Analitik Bile\u015fenler:<\/strong><\/span><\/p>\n<table style=\"width: 817px;\">\n<tbody>\n<tr style=\"height: 13px;\">\n<td style=\"width: 409.448px; height: 13px; text-align: center;\"><span style=\"font-size: 12pt;\">Protein<\/span><\/td>\n<td style=\"width: 389.552px; height: 13px; text-align: center;\"><span style=\"font-size: 12pt;\">%30\u00a0<\/span><\/td>\n<\/tr>\n<tr style=\"height: 13.3333px;\">\n<td style=\"width: 409.448px; height: 13.3333px; text-align: center;\"><span style=\"font-size: 12pt;\">Ya\u011f \u0130\u00e7eri\u011fi\u00a0<\/span><\/td>\n<td style=\"width: 389.552px; height: 13.3333px; text-align: center;\"><span style=\"font-size: 12pt;\">%18<\/span><\/td>\n<\/tr>\n<tr style=\"height: 13px;\">\n<td style=\"width: 409.448px; height: 13px; text-align: center;\"><span style=\"font-size: 12pt;\">Ham Sel\u00fcloz<\/span><\/td>\n<td style=\"width: 389.552px; height: 13px; text-align: center;\"><span style=\"font-size: 12pt;\">%1,5<\/span><\/td>\n<\/tr>\n<tr style=\"height: 13px;\">\n<td style=\"width: 409.448px; height: 13px; text-align: center;\"><span style=\"font-size: 12pt;\">Ham K\u00fcl<\/span><\/td>\n<td style=\"width: 389.552px; height: 13px; text-align: center;\"><span style=\"font-size: 12pt;\">%7,2<\/span><\/td>\n<\/tr>\n<tr style=\"height: 13px;\">\n<td style=\"width: 409.448px; height: 13px; text-align: center;\"><span style=\"font-size: 12pt;\">Kalsiyum<\/span><\/td>\n<td style=\"width: 389.552px; height: 13px; text-align: center;\"><span style=\"font-size: 12pt;\">%1,6<\/span><\/td>\n<\/tr>\n<tr style=\"height: 13px;\">\n<td style=\"width: 409.448px; height: 13px; text-align: center;\"><span style=\"font-size: 12pt;\">Fosfor<\/span><\/td>\n<td style=\"width: 389.552px; height: 13px; text-align: center;\"><span style=\"font-size: 12pt;\">%0,8<\/span><\/td>\n<\/tr>\n<\/tbody>\n<\/table>\n","protected":false},"excerpt":{"rendered":"<p>Pronature K\u00fc\u00e7\u00fck Irk Yavru Kuru K\u00f6pek Mamas\u0131\u00a0yavru ve b\u00fcy\u00fcme d\u00f6nemindeki k\u00fc\u00e7\u00fck \u0131rk k\u00f6peklerin ba\u011f\u0131\u015f\u0131kl\u0131\u011f\u0131n\u0131 ve genel sa\u011fl\u0131\u011f\u0131n\u0131 desteklemek\u00a0\u00fczere \u00f6zel olarak<\/p>","protected":false},"featured_media":3222,"comment_status":"open","ping_status":"closed","template":"","meta":[],"product_brand":[],"product_cat":[95],"product_tag":[],"class_list":{"0":"post-2849","1":"product","2":"type-product","3":"status-publish","4":"has-post-thumbnail","6":"product_cat-kuru-kopek-mamasi","8":"first","9":"instock","10":"shipping-taxable","11":"product-type-simple"},"_links":{"self":[{"href":"https:\/\/pronature.com.tr\/en\/wp-json\/wp\/v2\/product\/2849","targetHints":{"allow":["GET"]}}],"collection":[{"href":"https:\/\/pronature.com.tr\/en\/wp-json\/wp\/v2\/product"}],"about":[{"href":"https:\/\/pronature.com.tr\/en\/wp-json\/wp\/v2\/types\/product"}],"replies":[{"embeddable":true,"href":"https:\/\/pronature.com.tr\/en\/wp-json\/wp\/v2\/comments?post=2849"}],"wp:featuredmedia":[{"embeddable":true,"href":"https:\/\/pronature.com.tr\/en\/wp-json\/wp\/v2\/media\/3222"}],"wp:attachment":[{"href":"https:\/\/pronature.com.tr\/en\/wp-json\/wp\/v2\/media?parent=2849"}],"wp:term":[{"taxonomy":"product_brand","embeddable":true,"href":"https:\/\/pronature.com.tr\/en\/wp-json\/wp\/v2\/product_brand?post=2849"},{"taxonomy":"product_cat","embeddable":true,"href":"https:\/\/pronature.com.tr\/en\/wp-json\/wp\/v2\/product_cat?post=2849"},{"taxonomy":"product_tag","embeddable":true,"href":"https:\/\/pronature.com.tr\/en\/wp-json\/wp\/v2\/product_tag?post=2849"}],"curies":[{"name":"wp","href":"https:\/\/api.w.org\/{rel}","templated":true}]}}