{"id":3181,"date":"2026-04-06T09:01:07","date_gmt":"2026-04-06T09:01:07","guid":{"rendered":"https:\/\/pronature.com.tr\/?page_id=3181"},"modified":"2026-04-06T09:01:11","modified_gmt":"2026-04-06T09:01:11","slug":"veri-sahibi-basvuru-formu","status":"publish","type":"page","link":"https:\/\/pronature.com.tr\/en\/veri-sahibi-basvuru-formu\/","title":{"rendered":"Data Owner Application Form"},"content":{"rendered":"<div class=\"fusion-fullwidth fullwidth-box fusion-builder-row-1 fusion-flex-container has-pattern-background has-mask-background nonhundred-percent-fullwidth non-hundred-percent-height-scrolling\" style=\"--awb-border-radius-top-left:0px;--awb-border-radius-top-right:0px;--awb-border-radius-bottom-right:0px;--awb-border-radius-bottom-left:0px;--awb-flex-wrap:wrap;\" ><div class=\"fusion-builder-row fusion-row fusion-flex-align-items-flex-start fusion-flex-content-wrap\" style=\"max-width:1248px;margin-left: calc(-4% \/ 2 );margin-right: calc(-4% \/ 2 );\"><div class=\"fusion-layout-column fusion_builder_column fusion-builder-column-0 fusion_builder_column_1_1 1_1 fusion-flex-column\" style=\"--awb-bg-size:cover;--awb-width-large:100%;--awb-margin-top-large:20px;--awb-spacing-right-large:1.92%;--awb-margin-bottom-large:20px;--awb-spacing-left-large:1.92%;--awb-width-medium:100%;--awb-order-medium:0;--awb-spacing-right-medium:1.92%;--awb-spacing-left-medium:1.92%;--awb-width-small:100%;--awb-order-small:0;--awb-spacing-right-small:1.92%;--awb-spacing-left-small:1.92%;\"><div class=\"fusion-column-wrapper fusion-column-has-shadow fusion-flex-justify-content-flex-start fusion-content-layout-column\"><div class=\"fusion-text fusion-text-1\"><h1 class=\"title fusion-responsive-typography-calculated\" data-fontsize=\"62\" data-lineheight=\"80.6px\">Data Owner Application Form<\/h1>\n<p class=\"description\">6698 say\u0131l\u0131 Ki\u015fisel Verilerin Korunmas\u0131 Kanunu\u2019nun (\u201cKanun\u201d) 11. Maddesi\u2019nde say\u0131lan haklar\u0131n\u0131z kapsam\u0131ndaki taleplerinizi, Kanun\u2019un 13. maddesi ile Veri Sorumlusuna Ba\u015fvuru Usul ve Esaslar\u0131 Hakk\u0131nda Tebli\u011f\u2019in 5. maddesi gere\u011fince a\u015fa\u011f\u0131da linkte yer alan formu indirip kullanabilirsiniz.<\/p>\n<p>\u0130lgili formu indirmek i\u00e7in\u00a0<a class=\"scroll-to-init\" href=\"https:\/\/pronature.com.tr\/wp-content\/uploads\/2026\/04\/veri-sahibi-basvuru-formu-18-02-20.docx\" download=\"\">t\u0131klay\u0131n\u0131z<\/a>.<\/p>\n<\/div><\/div><\/div><\/div><\/div>","protected":false},"excerpt":{"rendered":"","protected":false},"author":1,"featured_media":0,"parent":0,"menu_order":0,"comment_status":"closed","ping_status":"closed","template":"","meta":{"footnotes":""},"class_list":["post-3181","page","type-page","status-publish","hentry"],"_links":{"self":[{"href":"https:\/\/pronature.com.tr\/en\/wp-json\/wp\/v2\/pages\/3181","targetHints":{"allow":["GET"]}}],"collection":[{"href":"https:\/\/pronature.com.tr\/en\/wp-json\/wp\/v2\/pages"}],"about":[{"href":"https:\/\/pronature.com.tr\/en\/wp-json\/wp\/v2\/types\/page"}],"author":[{"embeddable":true,"href":"https:\/\/pronature.com.tr\/en\/wp-json\/wp\/v2\/users\/1"}],"replies":[{"embeddable":true,"href":"https:\/\/pronature.com.tr\/en\/wp-json\/wp\/v2\/comments?post=3181"}],"version-history":[{"count":2,"href":"https:\/\/pronature.com.tr\/en\/wp-json\/wp\/v2\/pages\/3181\/revisions"}],"predecessor-version":[{"id":3185,"href":"https:\/\/pronature.com.tr\/en\/wp-json\/wp\/v2\/pages\/3181\/revisions\/3185"}],"wp:attachment":[{"href":"https:\/\/pronature.com.tr\/en\/wp-json\/wp\/v2\/media?parent=3181"}],"curies":[{"name":"wp","href":"https:\/\/api.w.org\/{rel}","templated":true}]}}