{"id":3179,"date":"2026-04-06T08:36:12","date_gmt":"2026-04-06T08:36:12","guid":{"rendered":"https:\/\/pronature.com.tr\/?page_id=3179"},"modified":"2026-04-06T08:36:12","modified_gmt":"2026-04-06T08:36:12","slug":"cerez-politikasi","status":"publish","type":"page","link":"https:\/\/pronature.com.tr\/en\/cerez-politikasi\/","title":{"rendered":"Cookie Policy"},"content":{"rendered":"<div class=\"fusion-fullwidth fullwidth-box fusion-builder-row-1 fusion-flex-container has-pattern-background has-mask-background nonhundred-percent-fullwidth non-hundred-percent-height-scrolling\" style=\"--awb-border-radius-top-left:0px;--awb-border-radius-top-right:0px;--awb-border-radius-bottom-right:0px;--awb-border-radius-bottom-left:0px;--awb-flex-wrap:wrap;\" ><div class=\"fusion-builder-row fusion-row fusion-flex-align-items-flex-start fusion-flex-content-wrap\" style=\"max-width:1248px;margin-left: calc(-4% \/ 2 );margin-right: calc(-4% \/ 2 );\"><div class=\"fusion-layout-column fusion_builder_column fusion-builder-column-0 fusion_builder_column_1_1 1_1 fusion-flex-column\" style=\"--awb-bg-size:cover;--awb-width-large:100%;--awb-margin-top-large:20px;--awb-spacing-right-large:1.92%;--awb-margin-bottom-large:20px;--awb-spacing-left-large:1.92%;--awb-width-medium:100%;--awb-order-medium:0;--awb-spacing-right-medium:1.92%;--awb-spacing-left-medium:1.92%;--awb-width-small:100%;--awb-order-small:0;--awb-spacing-right-small:1.92%;--awb-spacing-left-small:1.92%;\"><div class=\"fusion-column-wrapper fusion-column-has-shadow fusion-flex-justify-content-flex-start fusion-content-layout-column\"><div class=\"fusion-text fusion-text-1\"><h2 class=\"fusion-responsive-typography-calculated\" data-start=\"237\" data-end=\"265\" data-fontsize=\"50\" data-lineheight=\"65px\">\u00c7erez (Cookie) Politikas\u0131<\/h2>\n<p data-start=\"267\" data-end=\"563\">Pronature Pet Food (\u201cPronature\u201d veya \u201c\u015eirket\u201d) olarak, web sitemizi ziyaret eden kullan\u0131c\u0131lar\u0131m\u0131za daha iyi bir deneyim sunabilmek amac\u0131yla \u00e7erezlerden faydalanmaktay\u0131z. \u0130\u015fbu \u00c7erez Politikas\u0131, kullan\u0131lan \u00e7erez t\u00fcrleri ve bu \u00e7erezlerin hangi ama\u00e7larla kullan\u0131ld\u0131\u011f\u0131n\u0131 a\u00e7\u0131klamak amac\u0131yla haz\u0131rlanm\u0131\u015ft\u0131r.<\/p>\n<hr data-start=\"565\" data-end=\"568\" \/>\n<h3 class=\"fusion-responsive-typography-calculated\" data-start=\"570\" data-end=\"589\" data-fontsize=\"17\" data-lineheight=\"23.8px\">1. \u00c7erez Nedir?<\/h3>\n<p data-start=\"591\" data-end=\"847\">\u00c7erezler (cookies), ziyaret etti\u011finiz internet siteleri taraf\u0131ndan taray\u0131c\u0131n\u0131z arac\u0131l\u0131\u011f\u0131yla cihaz\u0131n\u0131za kaydedilen k\u00fc\u00e7\u00fck metin dosyalar\u0131d\u0131r. \u00c7erezler sayesinde web sitesi d\u00fczg\u00fcn \u00e7al\u0131\u015f\u0131r, kullan\u0131c\u0131 tercihleri hat\u0131rlan\u0131r ve site performans\u0131 iyile\u015ftirilebilir.<\/p>\n<hr data-start=\"849\" data-end=\"852\" \/>\n<h3 class=\"fusion-responsive-typography-calculated\" data-start=\"854\" data-end=\"885\" data-fontsize=\"17\" data-lineheight=\"23.8px\">2. Kullan\u0131lan \u00c7erez T\u00fcrleri<\/h3>\n<p data-start=\"887\" data-end=\"950\">Pronature web sitesinde a\u015fa\u011f\u0131daki \u00e7erez t\u00fcrleri kullan\u0131lmaktad\u0131r:<\/p>\n<h4 class=\"fusion-responsive-typography-calculated\" data-start=\"952\" data-end=\"978\" data-fontsize=\"30\" data-lineheight=\"42px\">a) Zorunlu \u00c7erezler<\/h4>\n<p data-start=\"979\" data-end=\"1172\">Bu \u00e7erezler, web sitesinin d\u00fczg\u00fcn \u00e7al\u0131\u015fabilmesi i\u00e7in gereklidir.<br data-start=\"1043\" data-end=\"1046\" \/>Oturum a\u00e7ma, sepet i\u015flemleri ve g\u00fcvenlik gibi temel fonksiyonlar\u0131n \u00e7al\u0131\u015fmas\u0131n\u0131 sa\u011flar.<br data-start=\"1132\" data-end=\"1135\" \/>Bu \u00e7erezler i\u00e7in ayr\u0131ca onay al\u0131nmaz.<\/p>\n<h4 class=\"fusion-responsive-typography-calculated\" data-start=\"1174\" data-end=\"1215\" data-fontsize=\"30\" data-lineheight=\"42px\">b) Performans ve Analitik \u00c7erezler<\/h4>\n<p data-start=\"1216\" data-end=\"1426\">Web sitesinin kullan\u0131m\u0131n\u0131 analiz ederek performans\u0131n\u0131 art\u0131rmam\u0131za yard\u0131mc\u0131 olur.<br data-start=\"1296\" data-end=\"1299\" \/>Ziyaret edilen sayfalar, trafik kaynaklar\u0131 ve site kullan\u0131m al\u0131\u015fkanl\u0131klar\u0131 bu \u00e7erezler arac\u0131l\u0131\u011f\u0131yla anonim olarak takip edilir.<\/p>\n<h4 class=\"fusion-responsive-typography-calculated\" data-start=\"1428\" data-end=\"1458\" data-fontsize=\"30\" data-lineheight=\"42px\">c) Fonksiyonel \u00c7erezler<\/h4>\n<p data-start=\"1459\" data-end=\"1571\">Kullan\u0131c\u0131 tercihlerini (dil se\u00e7imi, b\u00f6lge bilgisi vb.) hat\u0131rlayarak siteyi daha ki\u015fiselle\u015ftirilmi\u015f hale getirir.<\/p>\n<h4 class=\"fusion-responsive-typography-calculated\" data-start=\"1573\" data-end=\"1612\" data-fontsize=\"30\" data-lineheight=\"42px\">d) Pazarlama ve Reklam \u00c7erezleri<\/h4>\n<p data-start=\"1613\" data-end=\"1773\">Kullan\u0131c\u0131lara ilgi alanlar\u0131na uygun i\u00e7erik ve reklamlar sunmak amac\u0131yla kullan\u0131l\u0131r.<br data-start=\"1696\" data-end=\"1699\" \/>Bu \u00e7erezler \u00fc\u00e7\u00fcnc\u00fc taraf hizmet sa\u011flay\u0131c\u0131lar taraf\u0131ndan yerle\u015ftirilebilir.<\/p>\n<hr data-start=\"1775\" data-end=\"1778\" \/>\n<h3 class=\"fusion-responsive-typography-calculated\" data-start=\"1780\" data-end=\"1815\" data-fontsize=\"17\" data-lineheight=\"23.8px\">3. \u00c7erezlerin Kullan\u0131m Ama\u00e7lar\u0131<\/h3>\n<p data-start=\"1817\" data-end=\"1863\">\u00c7erezler a\u015fa\u011f\u0131daki ama\u00e7larla kullan\u0131lmaktad\u0131r:<\/p>\n<ul data-start=\"1865\" data-end=\"2079\">\n<li data-start=\"1865\" data-end=\"1903\">\n<p data-start=\"1867\" data-end=\"1903\">Web sitesinin \u00e7al\u0131\u015fmas\u0131n\u0131 sa\u011flamak<\/p>\n<\/li>\n<li data-start=\"1904\" data-end=\"1941\">\n<p data-start=\"1906\" data-end=\"1941\">Kullan\u0131c\u0131 deneyimini iyile\u015ftirmek<\/p>\n<\/li>\n<li data-start=\"1942\" data-end=\"1990\">\n<p data-start=\"1944\" data-end=\"1990\">Site performans\u0131n\u0131 ve trafi\u011fini analiz etmek<\/p>\n<\/li>\n<li data-start=\"1991\" data-end=\"2025\">\n<p data-start=\"1993\" data-end=\"2025\">\u00dcr\u00fcn ve hizmetleri geli\u015ftirmek<\/p>\n<\/li>\n<li data-start=\"2026\" data-end=\"2079\">\n<p data-start=\"2028\" data-end=\"2079\">Pazarlama ve reklam faaliyetlerini optimize etmek<\/p>\n<\/li>\n<\/ul>\n<hr data-start=\"2081\" data-end=\"2084\" \/>\n<h3 class=\"fusion-responsive-typography-calculated\" data-start=\"2086\" data-end=\"2115\" data-fontsize=\"17\" data-lineheight=\"23.8px\">4. \u00c7erezlerin Y\u00f6netilmesi<\/h3>\n<p data-start=\"2117\" data-end=\"2343\">Taray\u0131c\u0131 ayarlar\u0131n\u0131z\u0131 de\u011fi\u015ftirerek \u00e7erezleri kabul edebilir, reddedebilir veya mevcut \u00e7erezleri silebilirsiniz. Ancak baz\u0131 \u00e7erezlerin devre d\u0131\u015f\u0131 b\u0131rak\u0131lmas\u0131, web sitesinin baz\u0131 b\u00f6l\u00fcmlerinin d\u00fczg\u00fcn \u00e7al\u0131\u015fmamas\u0131na neden olabilir.<\/p>\n<p data-start=\"2345\" data-end=\"2441\">\u00c7erez ayarlar\u0131n\u0131 y\u00f6netmek i\u00e7in kulland\u0131\u011f\u0131n\u0131z taray\u0131c\u0131ya ait ayarlar b\u00f6l\u00fcm\u00fcn\u00fc inceleyebilirsiniz.<\/p>\n<hr data-start=\"2443\" data-end=\"2446\" \/>\n<h3 class=\"fusion-responsive-typography-calculated\" data-start=\"2448\" data-end=\"2476\" data-fontsize=\"17\" data-lineheight=\"23.8px\">5. \u00dc\u00e7\u00fcnc\u00fc Taraf \u00c7erezler<\/h3>\n<p data-start=\"2478\" data-end=\"2671\">Web sitemizde; analiz, reklam ve \u00f6deme altyap\u0131lar\u0131 gibi hizmetler i\u00e7in \u00fc\u00e7\u00fcnc\u00fc taraf \u00e7erezler kullan\u0131labilir. Bu \u00e7erezler ilgili \u00fc\u00e7\u00fcnc\u00fc taraflar\u0131n kendi gizlilik ve \u00e7erez politikalar\u0131na tabidir.<\/p>\n<hr data-start=\"2673\" data-end=\"2676\" \/>\n<h3 class=\"fusion-responsive-typography-calculated\" data-start=\"2678\" data-end=\"2712\" data-fontsize=\"17\" data-lineheight=\"23.8px\">6. Ki\u015fisel Verilerin Korunmas\u0131<\/h3>\n<p data-start=\"2714\" data-end=\"2949\">\u00c7erezler arac\u0131l\u0131\u011f\u0131yla elde edilen ki\u015fisel veriler, 6698 say\u0131l\u0131\u00a0<strong data-start=\"2777\" data-end=\"2822\">Ki\u015fisel Verilerin Korunmas\u0131 Kanunu (KVKK)<\/strong>\u00a0kapsam\u0131nda i\u015flenmekte olup detayl\u0131 bilgiye\u00a0<strong data-start=\"2866\" data-end=\"2920\">Personal Data Protection and Privacy Policy<\/strong>\u00a0sayfam\u0131zdan ula\u015fabilirsiniz.<\/p>\n<hr data-start=\"2951\" data-end=\"2954\" \/>\n<h3 class=\"fusion-responsive-typography-calculated\" data-start=\"2956\" data-end=\"2986\" data-fontsize=\"17\" data-lineheight=\"23.8px\">7. Politika G\u00fcncellemeleri<\/h3>\n<p data-start=\"2988\" data-end=\"3148\">\u0130\u015fbu \u00c7erez Politikas\u0131, mevzuat ve \u015firket uygulamalar\u0131ndaki de\u011fi\u015fikliklere ba\u011fl\u0131 olarak g\u00fcncellenebilir. G\u00fcncel metin her zaman web sitemiz \u00fczerinden yay\u0131mlan\u0131r.<\/p>\n<hr data-start=\"3150\" data-end=\"3153\" \/>\n<h3 class=\"fusion-responsive-typography-calculated\" data-start=\"3155\" data-end=\"3170\" data-fontsize=\"17\" data-lineheight=\"23.8px\">8. \u0130leti\u015fim<\/h3>\n<p data-start=\"3172\" data-end=\"3269\">\u00c7erez Politikas\u0131 ile ilgili her t\u00fcrl\u00fc soru ve talepleriniz i\u00e7in bizimle ileti\u015fime ge\u00e7ebilirsiniz:<\/p>\n<p data-start=\"3271\" data-end=\"3357\"><strong data-start=\"3271\" data-end=\"3283\">E-posta:<\/strong>\u00a0<a class=\"decorated-link cursor-pointer\" rel=\"noopener\" data-start=\"3284\" data-end=\"3307\">info@anadolupet.com.tr<\/a><br data-start=\"3307\" data-end=\"3310\" \/><strong data-start=\"3310\" data-end=\"3320\">Adres:<\/strong>\u00a0B\u00fcy\u00fckbakkalk\u00f6y Mahallesi\u00a0Samand\u0131ra Yolu Sokak No: 30,\u00a034858 Maltepe \/ \u0130stanbul<\/p>\n<\/div><\/div><\/div><\/div><\/div>","protected":false},"excerpt":{"rendered":"","protected":false},"author":1,"featured_media":0,"parent":0,"menu_order":0,"comment_status":"closed","ping_status":"closed","template":"","meta":{"footnotes":""},"class_list":["post-3179","page","type-page","status-publish","hentry"],"_links":{"self":[{"href":"https:\/\/pronature.com.tr\/en\/wp-json\/wp\/v2\/pages\/3179","targetHints":{"allow":["GET"]}}],"collection":[{"href":"https:\/\/pronature.com.tr\/en\/wp-json\/wp\/v2\/pages"}],"about":[{"href":"https:\/\/pronature.com.tr\/en\/wp-json\/wp\/v2\/types\/page"}],"author":[{"embeddable":true,"href":"https:\/\/pronature.com.tr\/en\/wp-json\/wp\/v2\/users\/1"}],"replies":[{"embeddable":true,"href":"https:\/\/pronature.com.tr\/en\/wp-json\/wp\/v2\/comments?post=3179"}],"version-history":[{"count":1,"href":"https:\/\/pronature.com.tr\/en\/wp-json\/wp\/v2\/pages\/3179\/revisions"}],"predecessor-version":[{"id":3180,"href":"https:\/\/pronature.com.tr\/en\/wp-json\/wp\/v2\/pages\/3179\/revisions\/3180"}],"wp:attachment":[{"href":"https:\/\/pronature.com.tr\/en\/wp-json\/wp\/v2\/media?parent=3179"}],"curies":[{"name":"wp","href":"https:\/\/api.w.org\/{rel}","templated":true}]}}